{"id":11853,"date":"2022-06-17T13:45:33","date_gmt":"2022-06-17T18:45:33","guid":{"rendered":"https:\/\/todoenseguridad.com\/site\/?post_type=product&#038;p=11853"},"modified":"2025-02-13T10:54:54","modified_gmt":"2025-02-13T15:54:54","slug":"ard1231-sw-imou-imou-motion-detector-ard1231-sw-imou-sensor-de-movimiento-inalambrico-433-mhz-rango-de-deteccion-12-mts","status":"publish","type":"product","link":"https:\/\/todoenseguridad.com\/site\/producto\/ard1231-sw-imou-imou-motion-detector-ard1231-sw-imou-sensor-de-movimiento-inalambrico-433-mhz-rango-de-deteccion-12-mts\/","title":{"rendered":"ARD1231-SW-imou IMOU MOTION DETECTOR Sensor de Movimiento Inalambrico\/ 433 MHz\/ Rango de deteccion 12 Mts"},"content":{"rendered":"<h2 id=\"title\" class=\"mb-3\"><span style=\"color: #0000ff;\"><span class=\"text-medium\"> ARD1231-SW-imou<\/span> IMOU MOTION DETECTOR Sensor de Movimiento Inalambrico\/ 433 MHz\/ Rango de deteccion 12 Mts\/ Tamper<\/span><\/h2>\n<p class=\"card-title text-center\"><span style=\"color: #000000;\"><strong>Informaci\u00f3n general.<\/strong><\/span><\/p>\n<p><span style=\"color: #000000;\">El <strong>Imou Motion Detector<\/strong>, es un sensor de movimiento para interior que permite mantener seguro su hogar con los beneficios de una instalaci\u00f3n totalmente inal\u00e1mbrica (requiere enrolarse con el <strong>Alarm Station<\/strong> de Imou). La detecci\u00f3n PIR detecta con precisi\u00f3n la intrusi\u00f3n humana y <strong>evita falsas alarmas<\/strong> de mascotas de menos de 18 kg. Cuenta con un \u00e1ngulo de cobertura de <strong>90\u00b0<\/strong> y un rango de hasta <strong>12m.<\/strong><\/span><\/p>\n<p><span style=\"color: #000000;\"><strong>Bajo consumo de energ\u00eda.<\/strong><\/span><\/p>\n<p><span style=\"color: #000000;\">El Motion Detector de Imou garantiza una conexi\u00f3n 100% libre de cables gracias a que es alimentado con una bater\u00eda CR123A que, gracias a su tecnolog\u00eda de bajo consumo le otorga hasta 3 a\u00f1os de autonom\u00eda (Las alertas frecuentes pueden acelerar el consumo de la bater\u00eda. La vida \u00fatil real depende del escenario real de instalaci\u00f3n).<\/span><\/p>\n<p><span style=\"color: #000000;\"><strong>Airfly<\/strong><\/span><\/p>\n<p><span style=\"color: #000000;\">Se le denomina <strong>Airfly<\/strong> a la tecnolog\u00eda de enrolamiento inteligente entre sensores <strong>Imou<\/strong> y la <strong>Alarm Station<\/strong> de Imou. Los sensores Imou cuentan con una frecuencia de transmisi\u00f3n de <strong>433MHz<\/strong> que les permite tener una <strong>distancia de transmisi\u00f3n de hasta 200m<\/strong> en condiciones \u00f3ptimas gracias a su potencia de transmisi\u00f3n de <strong>10dBm<\/strong>.<\/span><\/p>\n<p><span style=\"color: #000000;\"><strong>Notificaciones de alarma.<\/strong><\/span><\/p>\n<p><span style=\"color: #000000;\">Una vez enrolado al panel <strong>Alarm Station<\/strong>, y complementando la protecci\u00f3n de su hogar con los diferentes sensores de la familia Imou, el panel permite el env\u00edo de <strong>alertas en tiempo<\/strong> real a un <strong>Smart Phone<\/strong> a trav\u00e9s de su aplicaci\u00f3n m\u00f3vil disponible para Android y iOs brind\u00e1ndole la seguridad de saber que sus activos m\u00e1s preciados est\u00e1n siempre vigilados.<\/span><\/p>\n<p><span style=\"color: #000000;\"><strong>Principales caracter\u00edsticas<\/strong><\/span><\/p>\n<ul>\n<li><span style=\"color: #000000;\">Detecci\u00f3n: infrarrojo pasivo Rango de detecci\u00f3n: 12 m \/ 90 \u00b0 No hay detecci\u00f3n de mascotas: \u2264 18 kg Pantalla LED.<\/span><\/li>\n<li><span style=\"color: #000000;\">Alertas m\u00f3viles a trav\u00e9s de una central de alarmas disponible por separado<\/span><\/li>\n<li><span style=\"color: #000000;\">Frecuencias de radio: 433 MHz<\/span><\/li>\n<li><span style=\"color: #000000;\">Potencia de transmisi\u00f3n: 10dBm<\/span><\/li>\n<li><span style=\"color: #000000;\">Distancia de transmisi\u00f3n: 200 m en zona abierta<\/span><\/li>\n<\/ul>\n<p><span style=\"color: #000000;\"><strong>Especificaciones<\/strong><\/span><\/p>\n<ul>\n<li><span style=\"color: #000000;\">Sensor infra rojo pasivo.<\/span><\/li>\n<li><span style=\"color: #000000;\">Rango de 12m de detecci\u00f3n.<\/span><\/li>\n<li><span style=\"color: #000000;\">2 niveles de detecci\u00f3n (switch selector).<\/span><\/li>\n<li><span style=\"color: #000000;\">Inmunidad para mascotas &lt;18kg.<\/span><\/li>\n<li><span style=\"color: #000000;\">Frecuencia inal\u00e1mbrica 433MHz.<\/span><\/li>\n<li><span style=\"color: #000000;\">Potencia de transmisi\u00f3n 10dBm.<\/span><\/li>\n<li><span style=\"color: #000000;\">Distancia de transmisi\u00f3n de hasta 200m (en condiciones \u00f3ptimas).<\/span><\/li>\n<li><span style=\"color: #000000;\">Bater\u00eda CR123A de hasta 3 a\u00f1os de autonom\u00eda (El tiempo real de autonom\u00eda depende directamente de las condiciones de sitio).<\/span><\/li>\n<li><span style=\"color: #000000;\">Condiciones de trabajo -10\u00b0C ~ 55\u00b0C.<\/span><\/li>\n<\/ul>\n","protected":false},"excerpt":{"rendered":"<p>ARD1231-SW-imou IMOU MOTION DETECTOR Sensor de Movimiento Inalambrico\/ 433 MHz\/ Rango de deteccion 12 Mts\/ Tamper Informaci\u00f3n general. El Imou Motion Detector, es un sensor de movimiento para interior que permite mantener seguro su hogar con los beneficios de una instalaci\u00f3n totalmente inal\u00e1mbrica (requiere enrolarse con el Alarm Station de Imou). La detecci\u00f3n PIR detecta [&hellip;]<\/p>\n","protected":false},"featured_media":11854,"template":"","meta":{"_acf_changed":false},"product_brand":[],"product_cat":[101,227],"product_tag":[],"berocket_brand":[],"class_list":{"0":"post-11853","1":"product","2":"type-product","3":"status-publish","4":"has-post-thumbnail","6":"product_cat-alarmas-y-hogar-inteligente-iot","7":"product_cat-casa-inteligente-iot","9":"first","10":"instock","11":"taxable","12":"shipping-taxable","13":"purchasable","14":"product-type-simple","15":"berocket_lgv_grid","16":"berocket_lgv_list_grid"},"acf":[],"aioseo_notices":[],"_links":{"self":[{"href":"https:\/\/todoenseguridad.com\/site\/wp-json\/wp\/v2\/product\/11853","targetHints":{"allow":["GET"]}}],"collection":[{"href":"https:\/\/todoenseguridad.com\/site\/wp-json\/wp\/v2\/product"}],"about":[{"href":"https:\/\/todoenseguridad.com\/site\/wp-json\/wp\/v2\/types\/product"}],"wp:featuredmedia":[{"embeddable":true,"href":"https:\/\/todoenseguridad.com\/site\/wp-json\/wp\/v2\/media\/11854"}],"wp:attachment":[{"href":"https:\/\/todoenseguridad.com\/site\/wp-json\/wp\/v2\/media?parent=11853"}],"wp:term":[{"taxonomy":"product_brand","embeddable":true,"href":"https:\/\/todoenseguridad.com\/site\/wp-json\/wp\/v2\/product_brand?post=11853"},{"taxonomy":"product_cat","embeddable":true,"href":"https:\/\/todoenseguridad.com\/site\/wp-json\/wp\/v2\/product_cat?post=11853"},{"taxonomy":"product_tag","embeddable":true,"href":"https:\/\/todoenseguridad.com\/site\/wp-json\/wp\/v2\/product_tag?post=11853"},{"taxonomy":"berocket_brand","embeddable":true,"href":"https:\/\/todoenseguridad.com\/site\/wp-json\/wp\/v2\/berocket_brand?post=11853"}],"curies":[{"name":"wp","href":"https:\/\/api.w.org\/{rel}","templated":true}]}}