{"id":11849,"date":"2022-06-17T13:25:14","date_gmt":"2022-06-17T18:25:14","guid":{"rendered":"https:\/\/todoenseguridad.com\/site\/?post_type=product&#038;p=11849"},"modified":"2023-06-19T12:51:00","modified_gmt":"2023-06-19T17:51:00","slug":"dhi-ara23-sw-imou-remote-control-dhi-ara23-sw-control-remoto-inalambrico-boton-de-armado-boton-de-desarmado","status":"publish","type":"product","link":"https:\/\/todoenseguridad.com\/site\/producto\/dhi-ara23-sw-imou-remote-control-dhi-ara23-sw-control-remoto-inalambrico-boton-de-armado-boton-de-desarmado\/","title":{"rendered":"DHI-ARA23-SW IMOU REMOTE CONTROL Control Remoto Inalambrico\/ Boton de Armado\/ Boton de Desarmado"},"content":{"rendered":"<h2 id=\"title\" class=\"mb-3\"><span style=\"color: #0000ff;\"><span class=\"text-medium\"> DHI-ARA23-SW<\/span> IMOU REMOTE CONTROL Control Remoto Inalambrico\/ Boton de Armado\/ Boton de Desarmado\/ Panico\/ Hogar<\/span><\/h2>\n<p class=\"card-title text-center\"><span style=\"color: #000000;\"><strong>Informaci\u00f3n general.<\/strong><\/span><\/p>\n<p><span style=\"color: #000000;\"><strong>Remote Control<\/strong> es un control remoto liviano y port\u00e1til que le permite elegir entre m\u00faltiples modos. Junto con la estaci\u00f3n de alarma Imou, puede elegir el modo Ausente, el modo de inicio, el modo de desarmado y el bot\u00f3n de emergencia.<\/span><\/p>\n<p><span style=\"color: #000000;\"><strong>Bot\u00f3n de emergencia.<\/strong><\/span><\/p>\n<p><span style=\"color: #000000;\">Pensado en cualquier imprevisto, el bot\u00f3n de emergencia del <strong>Remote Control<\/strong> le permite con un simple toque realizar un alarmado en la <strong>Alarm Station<\/strong> la cu\u00e1l sonar\u00e1 emitiendo una <strong>alerta audible <\/strong>y, enviar\u00e1 una <strong>notificaci\u00f3n de alerta a trav\u00e9s de la App<\/strong>.<\/span><\/p>\n<p><span style=\"color: #000000;\"><strong>Bajo consumo de energ\u00eda.<\/strong><\/span><\/p>\n<p><span style=\"color: #000000;\">El <strong>Remote Control<\/strong> de Imou est\u00e1 alimentado por con una bater\u00eda CR2450 que, gracias a su tecnolog\u00eda de bajo consumo le otorga hasta 3 a\u00f1os de autonom\u00eda (El uso frecuente puede acelerar el consumo de la bater\u00eda. La vida \u00fatil real depende del escenario real de instalaci\u00f3n).\u00a0<\/span><\/p>\n<p><span style=\"color: #000000;\"><strong>Selecci\u00f3n de modo de armado.<\/strong><\/span><\/p>\n<p><span style=\"color: #000000;\">El <strong>Remote<\/strong> Control de Imou permite seleccionar entre los 3 modos de armado con los que cuenta el <strong>Alarm Station<\/strong>, el \u201c<strong>Home Mode<\/strong>\u201d le permite mantener desarmados los sensores que se encuentran dentro de la casa mientras, los externos se mantienen armados; el \u201c<strong>Away Mode<\/strong>\u201d mantiene todos los sensores armados y el \u201c<strong>Disarm Mode<\/strong>\u201d mantiene todos los sensores desarmados. Estos diferentes modos de armado permiten adecuarse a diferentes tipos de escenarios.<\/span><\/p>\n<p><span style=\"color: #000000;\"><strong>Principales caracter\u00edsticas.<\/strong><\/span><\/p>\n<ul>\n<li><span style=\"color: #000000;\">Encender y apagar la alarma con un solo bot\u00f3n<\/span><\/li>\n<li><span style=\"color: #000000;\">Frecuencias de radio: 433 MHz<\/span><\/li>\n<li><span style=\"color: #000000;\">Potencia de transmisi\u00f3n: 10dBm<\/span><\/li>\n<li><span style=\"color: #000000;\">Distancia de transmisi\u00f3n: 200 m en zona abierta<\/span><\/li>\n<\/ul>\n","protected":false},"excerpt":{"rendered":"<p>DHI-ARA23-SW IMOU REMOTE CONTROL Control Remoto Inalambrico\/ Boton de Armado\/ Boton de Desarmado\/ Panico\/ Hogar Informaci\u00f3n general. Remote Control es un control remoto liviano y port\u00e1til que le permite elegir entre m\u00faltiples modos. Junto con la estaci\u00f3n de alarma Imou, puede elegir el modo Ausente, el modo de inicio, el modo de desarmado y el [&hellip;]<\/p>\n","protected":false},"featured_media":11851,"template":"","meta":{"_acf_changed":false},"product_brand":[],"product_cat":[103,101],"product_tag":[],"berocket_brand":[],"class_list":{"0":"post-11849","1":"product","2":"type-product","3":"status-publish","4":"has-post-thumbnail","6":"product_cat-accesorios-alarmas","7":"product_cat-alarmas-y-hogar-inteligente-iot","9":"first","10":"instock","11":"taxable","12":"shipping-taxable","13":"purchasable","14":"product-type-simple","15":"berocket_lgv_grid","16":"berocket_lgv_list_grid"},"acf":[],"aioseo_notices":[],"_links":{"self":[{"href":"https:\/\/todoenseguridad.com\/site\/wp-json\/wp\/v2\/product\/11849","targetHints":{"allow":["GET"]}}],"collection":[{"href":"https:\/\/todoenseguridad.com\/site\/wp-json\/wp\/v2\/product"}],"about":[{"href":"https:\/\/todoenseguridad.com\/site\/wp-json\/wp\/v2\/types\/product"}],"wp:featuredmedia":[{"embeddable":true,"href":"https:\/\/todoenseguridad.com\/site\/wp-json\/wp\/v2\/media\/11851"}],"wp:attachment":[{"href":"https:\/\/todoenseguridad.com\/site\/wp-json\/wp\/v2\/media?parent=11849"}],"wp:term":[{"taxonomy":"product_brand","embeddable":true,"href":"https:\/\/todoenseguridad.com\/site\/wp-json\/wp\/v2\/product_brand?post=11849"},{"taxonomy":"product_cat","embeddable":true,"href":"https:\/\/todoenseguridad.com\/site\/wp-json\/wp\/v2\/product_cat?post=11849"},{"taxonomy":"product_tag","embeddable":true,"href":"https:\/\/todoenseguridad.com\/site\/wp-json\/wp\/v2\/product_tag?post=11849"},{"taxonomy":"berocket_brand","embeddable":true,"href":"https:\/\/todoenseguridad.com\/site\/wp-json\/wp\/v2\/berocket_brand?post=11849"}],"curies":[{"name":"wp","href":"https:\/\/api.w.org\/{rel}","templated":true}]}}