{"id":11847,"date":"2022-06-17T13:17:23","date_gmt":"2022-06-17T18:17:23","guid":{"rendered":"https:\/\/todoenseguridad.com\/site\/?post_type=product&#038;p=11847"},"modified":"2026-03-30T16:23:09","modified_gmt":"2026-03-30T21:23:09","slug":"ara10-sw-imou-siren-sirena-inalambrica-con-estrobo-integrado-85-db-433-mhz-baterias-cr123a","status":"publish","type":"product","link":"https:\/\/todoenseguridad.com\/site\/producto\/ara10-sw-imou-siren-sirena-inalambrica-con-estrobo-integrado-85-db-433-mhz-baterias-cr123a\/","title":{"rendered":"ARA10-SW IMOU SIREN Sirena Inalambrica con Estrobo integrado\/ 85 dB\/ 433 MHz\/ Baterias CR123A"},"content":{"rendered":"<h2 id=\"title\" class=\"mb-3\"><span style=\"color: #0000ff;\"><span class=\"text-medium\">ARA10-SW <\/span>IMOU SIREN Sirena Inalambrica con Estrobo integrado\/ 85 dB\/ 433 MHz\/ Baterias CR123A<\/span><\/h2>\n<p class=\"card-title text-center\"><span style=\"color: #000000;\"><strong>Sirena Local de 85dB y Luz<\/strong><\/span><\/p>\n<p><span style=\"color: #000000;\">La <strong>IMOU SIREN<\/strong> se puede usar como un sistema de seguridad para el hogar con los detectores Imou. Tambi\u00e9n se puede vincular a la c\u00e1mara Wi-Fi habilitada con Airfly para protecci\u00f3n de seguridad. Cuando el sensor Imou detecta una intrusi\u00f3n, la sirena sonar\u00e1 y el volumen puede alcanzar hasta 85dB.<\/span><\/p>\n<p><span style=\"color: #000000;\"><strong>100% Sin Cables<\/strong><\/span><\/p>\n<p><span style=\"color: #000000;\">La <strong>IMOU SIREN<\/strong> es alimentada con 4 bater\u00edas tipo 4 pilas CR123A (Incluidas) las cuales proveen de la energ\u00eda suficiente para operar la sirena y para ser enlazada se puede realizar con equipos que soportan Airfly *, puede colocarlo en cualquier lugar una vez configurado.<\/span><\/p>\n<p><span style=\"color: #000000;\">* Enlace inteligente con detectores de alarma Imou y la estaci\u00f3n de alarma.<\/span><\/p>\n<p><span style=\"color: #000000;\"><strong>Protecci\u00f3n Contra Manipulaci\u00f3n<\/strong><\/span><\/p>\n<p><span style=\"color: #000000;\">La <strong>IMOU SIREN <\/strong>cuenta con un tamper al frente y un tamper en la parte trasera, cuando se quita la sirena de la pared se activar\u00e1 una alarma local. La estaci\u00f3n de alarma enviar\u00e1 una alerta de manipulaci\u00f3n a su tel\u00e9fono inteligente previamente configurado desde la app m\u00f3vil.<\/span><\/p>\n<p><span style=\"color: #000000;\"><strong>Soluciones de Seguridad Para el Hogar Inteligente<\/strong><\/span><\/p>\n<p><span style=\"color: #000000;\">La <strong>IMOU SIREN <\/strong>en conjunto con m\u00e1s accesorios incluida la Estaci\u00f3n de Alarma protege el sitio de manera efectiva, como por ejemplo en el hogar, oficina, etc.<\/span><\/p>\n<p><span style=\"color: #000000;\"><strong>Bajo Consumo de Energ\u00eda<\/strong><\/span><\/p>\n<p><span style=\"color: #000000;\">Con la finalidad de tener la <strong>IMOU SIREN <\/strong>de manera independiente tanto en comunicaci\u00f3n como con la energ\u00eda para alimentarla, soporta la alimentaci\u00f3n mediante cuatro bater\u00edas CR123A que se pueden usar por hasta un a\u00f1o y medio (varea por las condiciones de uso en cada sitio).<\/span><\/p>\n<p><span style=\"color: #000000;\"><strong>Principales Caracter\u00edsticas<\/strong><\/span><\/p>\n<ul>\n<li><span style=\"color: #000000;\">Intensidad de sonido: 85dB (1m)<\/span><\/li>\n<li><span style=\"color: #000000;\">Frecuencias Inal\u00e1mbricas: 433MHz<\/span><\/li>\n<li><span style=\"color: #000000;\">Potencia de transmisi\u00f3n: 10dBm<\/span><\/li>\n<li><span style=\"color: #000000;\">Distancia de transmisi\u00f3n: \u00e1rea abierta de 250m<\/span><\/li>\n<li><span style=\"color: #000000;\">Sabotaje: protecci\u00f3n de la cubierta delantera y trasera<\/span><\/li>\n<li><span style=\"color: #000000;\">Potencia: 4 pilas CR123A, 1,5 a\u00f1os de duraci\u00f3n de la bater\u00eda (incluidas)<\/span><\/li>\n<li><span style=\"color: #000000;\">Ambiente de trabajo: &#8211;10\u2103~+ 55\u2103, menos del 95% de HR<\/span><\/li>\n<li><span style=\"color: #000000;\">Instalaci\u00f3n: montaje en pared<\/span><\/li>\n<li><span style=\"color: #000000;\">Dimensi\u00f3n: 134 \u00d7 74 \u00d7 33 mm (5.3 \u00d7 2.9 \u00d7 1.3 pulgadas)<\/span><\/li>\n<li><span style=\"color: #000000;\">Peso: 0.13Kg<\/span><\/li>\n<li><span style=\"color: #000000;\">Certificaci\u00f3n: CE<\/span><\/li>\n<\/ul>\n","protected":false},"excerpt":{"rendered":"<p>ARA10-SW IMOU SIREN Sirena Inalambrica con Estrobo integrado\/ 85 dB\/ 433 MHz\/ Baterias CR123A Sirena Local de 85dB y Luz La IMOU SIREN se puede usar como un sistema de seguridad para el hogar con los detectores Imou. Tambi\u00e9n se puede vincular a la c\u00e1mara Wi-Fi habilitada con Airfly para protecci\u00f3n de seguridad. Cuando el [&hellip;]<\/p>\n","protected":false},"featured_media":11848,"template":"","meta":{"_acf_changed":false},"product_brand":[],"product_cat":[101,227],"product_tag":[],"berocket_brand":[],"class_list":{"0":"post-11847","1":"product","2":"type-product","3":"status-publish","4":"has-post-thumbnail","6":"product_cat-alarmas-y-hogar-inteligente-iot","7":"product_cat-casa-inteligente-iot","9":"first","10":"instock","11":"taxable","12":"shipping-taxable","13":"purchasable","14":"product-type-simple","15":"berocket_lgv_grid","16":"berocket_lgv_list_grid"},"acf":[],"aioseo_notices":[],"_links":{"self":[{"href":"https:\/\/todoenseguridad.com\/site\/wp-json\/wp\/v2\/product\/11847","targetHints":{"allow":["GET"]}}],"collection":[{"href":"https:\/\/todoenseguridad.com\/site\/wp-json\/wp\/v2\/product"}],"about":[{"href":"https:\/\/todoenseguridad.com\/site\/wp-json\/wp\/v2\/types\/product"}],"wp:featuredmedia":[{"embeddable":true,"href":"https:\/\/todoenseguridad.com\/site\/wp-json\/wp\/v2\/media\/11848"}],"wp:attachment":[{"href":"https:\/\/todoenseguridad.com\/site\/wp-json\/wp\/v2\/media?parent=11847"}],"wp:term":[{"taxonomy":"product_brand","embeddable":true,"href":"https:\/\/todoenseguridad.com\/site\/wp-json\/wp\/v2\/product_brand?post=11847"},{"taxonomy":"product_cat","embeddable":true,"href":"https:\/\/todoenseguridad.com\/site\/wp-json\/wp\/v2\/product_cat?post=11847"},{"taxonomy":"product_tag","embeddable":true,"href":"https:\/\/todoenseguridad.com\/site\/wp-json\/wp\/v2\/product_tag?post=11847"},{"taxonomy":"berocket_brand","embeddable":true,"href":"https:\/\/todoenseguridad.com\/site\/wp-json\/wp\/v2\/berocket_brand?post=11847"}],"curies":[{"name":"wp","href":"https:\/\/api.w.org\/{rel}","templated":true}]}}