{"id":11843,"date":"2022-06-17T10:00:47","date_gmt":"2022-06-17T15:00:47","guid":{"rendered":"https:\/\/todoenseguridad.com\/site\/?post_type=product&#038;p=11843"},"modified":"2026-03-30T16:23:58","modified_gmt":"2026-03-30T21:23:58","slug":"28203-26-wh3-ajax-button-w-boton-de-alarma-inalambrico-smart-button-color-blanco","status":"publish","type":"product","link":"https:\/\/todoenseguridad.com\/site\/producto\/28203-26-wh3-ajax-button-w-boton-de-alarma-inalambrico-smart-button-color-blanco\/","title":{"rendered":"28203.26.WH3 AJAX Button W &#8211; Bot\u00f3n de alarma inal\u00e1mbrico \/Smart Button Color Blanco"},"content":{"rendered":"<h2 id=\"title\" class=\"mb-3\"><span style=\"color: #0000ff;\"><span class=\"text-medium\">28203.26.WH3 <\/span>AJAX Button W &#8211; Bot\u00f3n de alarma inal\u00e1mbrico \/Smart Button Color Blanco<\/span><\/h2>\n<h3><span style=\"color: #000000;\"><strong>Bot\u00f3n de alarma inal\u00e1mbrico color blanco.<\/strong><\/span><\/h3>\n<p><span style=\"color: #000000;\"><strong>Button<\/strong>\u00a0es un bot\u00f3n de p\u00e1nico inal\u00e1mbrico <strong>con protecci\u00f3n contra clics accidentales<\/strong> y un modo de control adicional para\u00a0dispositivos de automatizaci\u00f3n.<\/span><\/p>\n<p><span style=\"color: #000000;\">Funciona como parte del sistema de seguridad Ajax y se conecta a trav\u00e9s del <strong>protocolo de seguridad<\/strong><strong>Jeweller <\/strong>al\u00a0<strong>hub<\/strong>. <strong>El dispositivo se configura a trav\u00e9s de una\u00a0aplicaci\u00f3n m\u00f3vil para smartphones<\/strong> disponible para iOS y Android. Se notifica al usuario de todos los eventos a trav\u00e9s de notificaciones push, mensajes SMS y llamadas (si est\u00e1n activadas).<\/span><\/p>\n<p><span style=\"color: #000000;\"><strong>Protocolo v\u00eda radio AJAX<\/strong><\/span><\/p>\n<p><span style=\"color: #000000;\"><strong>Jeweller<\/strong>\u00a0es un protocolo de radio <strong>desarrollado por Ajax System<\/strong>. Garantiza una interacci\u00f3n ininterrumpida entre el hub y los dispositivos del sistema de seguridad. permite crear sistemas de seguridad de cualquier escala conectando hasta 200 dispositivos a un solo panel de control.<\/span><\/p>\n<p class=\"card-title text-center\"><span style=\"color: #000000;\"><strong>CASOS DE EVENTO<\/strong><\/span><\/p>\n<p><span style=\"color: #000000;\">Un guardia de seguridad patrulla el \u00e1rea. Alguien lo sujeta por detr\u00e1s y le cubre la boca. El guardia no puede pedir ayuda, es una situaci\u00f3n dif\u00edcil.\u00a0<strong>Pero el clic de un bot\u00f3n de p\u00e1nico<\/strong>\u00a0env\u00eda refuerzos hacia \u00e9l.<\/span><\/p>\n<p><span style=\"color: #000000;\">Un ladr\u00f3n exige poner el dinero en una bolsa. El cajero abre la caja registradora, que cuenta con un bot\u00f3n de p\u00e1nico, d\u00f3cilmente.\u00a0<strong>Sus dedos presionan discretamente el bot\u00f3n para provocar una alarma silenciosa.<\/strong>\u00a0El ladr\u00f3n no saldr\u00e1 de la tienda con el dinero en efectivo.<\/span><\/p>\n<p><span style=\"color: #000000;\">\u00a0Sujete Button a cuerda o col\u00f3quelo junto a la cama de una persona cuyo estado de salud requiera un control constante.\u00a0<strong>Con un clic se solicita una ambulancia.<\/strong><\/span><\/p>\n<p><span style=\"color: #000000;\"><strong>Sin falsas alarmas<\/strong><\/span><\/p>\n<p><span style=\"color: #000000;\">La carcasa del Ajax Button est\u00e1 dise\u00f1ada para evitar falsas alarmas incluso si se acuesta o se sienta sobre el bot\u00f3n. Para evitar a\u00fan m\u00e1s las falsas alarmas, puede configurar Button para que reaccione solo con un doble clic o una pulsaci\u00f3n larga.<\/span><\/p>\n","protected":false},"excerpt":{"rendered":"<p>28203.26.WH3 AJAX Button W &#8211; Bot\u00f3n de alarma inal\u00e1mbrico \/Smart Button Color Blanco Bot\u00f3n de alarma inal\u00e1mbrico color blanco. Button\u00a0es un bot\u00f3n de p\u00e1nico inal\u00e1mbrico con protecci\u00f3n contra clics accidentales y un modo de control adicional para\u00a0dispositivos de automatizaci\u00f3n. Funciona como parte del sistema de seguridad Ajax y se conecta a trav\u00e9s del protocolo de [&hellip;]<\/p>\n","protected":false},"featured_media":11844,"template":"","meta":{"_acf_changed":false},"product_brand":[],"product_cat":[101,227],"product_tag":[],"berocket_brand":[],"class_list":{"0":"post-11843","1":"product","2":"type-product","3":"status-publish","4":"has-post-thumbnail","6":"product_cat-alarmas-y-hogar-inteligente-iot","7":"product_cat-casa-inteligente-iot","9":"first","10":"instock","11":"taxable","12":"shipping-taxable","13":"purchasable","14":"product-type-simple","15":"berocket_lgv_grid","16":"berocket_lgv_list_grid"},"acf":[],"aioseo_notices":[],"_links":{"self":[{"href":"https:\/\/todoenseguridad.com\/site\/wp-json\/wp\/v2\/product\/11843","targetHints":{"allow":["GET"]}}],"collection":[{"href":"https:\/\/todoenseguridad.com\/site\/wp-json\/wp\/v2\/product"}],"about":[{"href":"https:\/\/todoenseguridad.com\/site\/wp-json\/wp\/v2\/types\/product"}],"wp:featuredmedia":[{"embeddable":true,"href":"https:\/\/todoenseguridad.com\/site\/wp-json\/wp\/v2\/media\/11844"}],"wp:attachment":[{"href":"https:\/\/todoenseguridad.com\/site\/wp-json\/wp\/v2\/media?parent=11843"}],"wp:term":[{"taxonomy":"product_brand","embeddable":true,"href":"https:\/\/todoenseguridad.com\/site\/wp-json\/wp\/v2\/product_brand?post=11843"},{"taxonomy":"product_cat","embeddable":true,"href":"https:\/\/todoenseguridad.com\/site\/wp-json\/wp\/v2\/product_cat?post=11843"},{"taxonomy":"product_tag","embeddable":true,"href":"https:\/\/todoenseguridad.com\/site\/wp-json\/wp\/v2\/product_tag?post=11843"},{"taxonomy":"berocket_brand","embeddable":true,"href":"https:\/\/todoenseguridad.com\/site\/wp-json\/wp\/v2\/berocket_brand?post=11843"}],"curies":[{"name":"wp","href":"https:\/\/api.w.org\/{rel}","templated":true}]}}