{"id":11836,"date":"2022-06-16T13:18:41","date_gmt":"2022-06-16T18:18:41","guid":{"rendered":"https:\/\/todoenseguridad.com\/site\/?post_type=product&#038;p=11836"},"modified":"2026-03-23T16:16:56","modified_gmt":"2026-03-23T21:16:56","slug":"28309-37-wh3-ajax-rex-w-repetidor-de-senal-de-radio-color-blanco","status":"publish","type":"product","link":"https:\/\/todoenseguridad.com\/site\/producto\/28309-37-wh3-ajax-rex-w-repetidor-de-senal-de-radio-color-blanco\/","title":{"rendered":"28309.37.WH3 AJAX ReX W &#8211; Repetidor de se\u00f1al de radio. Color Blanco"},"content":{"rendered":"<h2 id=\\\"title\\\" class=\\\"mb-3\\\"><span style=\\\"color: #0000ff\\\"><span class=\\\"text-medium\\\"> 28309.37.WH3<\/span> AJAX ReX W &#8211; Repetidor de se\u00f1al de radio. Color Blanco<\/span><\/h2>\n<h3><span style=\\\"color: #000000\\\">REPETIDOR INALAMBRICO COLOR BLANCO<\/span><\/h3>\n<p class=\\\"ql-align-justify\\\"><span style=\\\"color: #000000\\\">Aumenta el alcance los dispositivos del sistema de seguridad Ajax, el repetidor de se\u00f1al de radio que aumenta el alcance de todos los dispositivos del sistema de seguridad Ajax y gestiona su comunicaci\u00f3n con el hub. El repetidor de se\u00f1al de radio inteligente permite a los usuarios colocar dispositivos Ajax a una distancia considerable del hub para proteger oficinas de varias plantas, edificios independientes o incluso sitios de producci\u00f3n industrial.<\/span><\/p>\n<h5 class=\\\"ql-align-justify\\\"><span style=\\\"color: #000000\\\">CARACTERISTICAS<\/span><\/h5>\n<p class=\\\"ql-align-justify\\\"><span style=\\\"color: #000000\\\">El repetidor puede gestionar algunos o todos los dispositivos del sistema. Sin embargo, la cantidad de dispositivos conectados no afecta la velocidad de recepci\u00f3n de la alarma.<\/span><\/p>\n<ul>\n<li class=\\\"ql-align-justify\\\"><span style=\\\"color: #000000\\\">Transmite alarmas en 0,3 segundos<\/span><\/li>\n<li class=\\\"ql-align-justify\\\"><span style=\\\"color: #000000\\\">Se comunica a una distancia de hasta 1800 metros<\/span><\/li>\n<li class=\\\"ql-align-justify\\\"><span style=\\\"color: #000000\\\">El repetidor inteligente gestiona sus dispositivos conectados y toma decisiones cr\u00edticas en un abrir y cerrar de ojos<\/span><\/li>\n<li class=\\\"ql-align-justify\\\"><span style=\\\"color: #000000\\\">Siempre sincronizado con el hub<\/span><\/li>\n<li class=\\\"ql-align-justify\\\"><span style=\\\"color: #000000\\\">Reacci\u00f3n inmediata ante amenazas<\/span><\/li>\n<li class=\\\"ql-align-justify\\\"><span style=\\\"color: #000000\\\">Todos los datos est\u00e1n protegidos por encriptaci\u00f3n din\u00e1mica de bloque de clave<\/span><\/li>\n<li class=\\\"ql-align-justify\\\"><span style=\\\"color: #000000\\\">Notifica las inhibiciones y los intentos de sabotaje a la carcasa del dispositivo<\/span><\/li>\n<\/ul>\n<p class=\\\"ql-align-justify\\\"><span style=\\\"color: #000000\\\">INSTALACI\u00d3N<\/span><\/p>\n<p class=\\\"ql-align-justify\\\"><span style=\\\"color: #000000\\\">Para conectar el repetidor al sistema, escanee el c\u00f3digo QR, as\u00edgnele un nombre y enci\u00e9ndalo. Luego, seleccione los dispositivos que deben funcionar mediante el repetidor de la lista. Contin\u00fae instalando el repetidor en un lugar seguro. No es necesario desmontarlo. Solo tiene que utilizar el soporte SmartBracket.<\/span><\/p>\n","protected":false},"excerpt":{"rendered":"<p>28309.37.WH3 AJAX ReX W &#8211; Repetidor de se\u00f1al de radio. Color Blanco REPETIDOR INALAMBRICO COLOR BLANCO Aumenta el alcance los dispositivos del sistema de seguridad Ajax, el repetidor de se\u00f1al de radio que aumenta el alcance de todos los dispositivos del sistema de seguridad Ajax y gestiona su comunicaci\u00f3n con el hub. El repetidor de [&hellip;]<\/p>\n","protected":false},"featured_media":11838,"template":"","meta":{"_acf_changed":false},"product_brand":[],"product_cat":[101,227],"product_tag":[],"berocket_brand":[],"class_list":{"0":"post-11836","1":"product","2":"type-product","3":"status-publish","4":"has-post-thumbnail","6":"product_cat-alarmas-y-hogar-inteligente-iot","7":"product_cat-casa-inteligente-iot","9":"first","10":"instock","11":"taxable","12":"shipping-taxable","13":"purchasable","14":"product-type-simple","15":"berocket_lgv_grid","16":"berocket_lgv_list_grid"},"acf":[],"aioseo_notices":[],"_links":{"self":[{"href":"https:\/\/todoenseguridad.com\/site\/wp-json\/wp\/v2\/product\/11836","targetHints":{"allow":["GET"]}}],"collection":[{"href":"https:\/\/todoenseguridad.com\/site\/wp-json\/wp\/v2\/product"}],"about":[{"href":"https:\/\/todoenseguridad.com\/site\/wp-json\/wp\/v2\/types\/product"}],"wp:featuredmedia":[{"embeddable":true,"href":"https:\/\/todoenseguridad.com\/site\/wp-json\/wp\/v2\/media\/11838"}],"wp:attachment":[{"href":"https:\/\/todoenseguridad.com\/site\/wp-json\/wp\/v2\/media?parent=11836"}],"wp:term":[{"taxonomy":"product_brand","embeddable":true,"href":"https:\/\/todoenseguridad.com\/site\/wp-json\/wp\/v2\/product_brand?post=11836"},{"taxonomy":"product_cat","embeddable":true,"href":"https:\/\/todoenseguridad.com\/site\/wp-json\/wp\/v2\/product_cat?post=11836"},{"taxonomy":"product_tag","embeddable":true,"href":"https:\/\/todoenseguridad.com\/site\/wp-json\/wp\/v2\/product_tag?post=11836"},{"taxonomy":"berocket_brand","embeddable":true,"href":"https:\/\/todoenseguridad.com\/site\/wp-json\/wp\/v2\/berocket_brand?post=11836"}],"curies":[{"name":"wp","href":"https:\/\/api.w.org\/{rel}","templated":true}]}}