{"id":11834,"date":"2022-06-16T13:11:49","date_gmt":"2022-06-16T18:11:49","guid":{"rendered":"https:\/\/todoenseguridad.com\/site\/?post_type=product&#038;p=11834"},"modified":"2026-03-23T16:17:28","modified_gmt":"2026-03-23T21:17:28","slug":"28306-62-wh3-ajax-multitransmitter-w-modulo-para-conectar-alarma-cableada-a-ajax-y-gestionar-la-seguridad-a-traves-de-la-app","status":"publish","type":"product","link":"https:\/\/todoenseguridad.com\/site\/producto\/28306-62-wh3-ajax-multitransmitter-w-modulo-para-conectar-alarma-cableada-a-ajax-y-gestionar-la-seguridad-a-traves-de-la-app\/","title":{"rendered":"28306.62.WH3 AJAX MultiTransmitter W M\u00f3dulo para conectar alarma cableada a Ajax y gestionar la seguridad a trav\u00e9s de la app"},"content":{"rendered":"<h2 id=\\\"title\\\" class=\\\"mb-3\\\"><span style=\\\"color: #0000ff\\\"><span class=\\\"text-medium\\\">28306.62.WH3 <\/span>AJAX MultiTransmitter W M\u00f3dulo para conectar alarma cableada a Ajax y gestionar la seguridad a trav\u00e9s de la app. Color Blanco<\/span><\/h2>\n<p><strong><span style=\\\"color: #000000\\\">MULTITRANSMITTER M\u00d3DULO PARA CONEXI\u00d3N DE ZONAS CABLEADAS A AJAX<\/span><\/strong><\/p>\n<p><strong><span style=\\\"color: #000000\\\">COLOR BLANCO<\/span><\/strong><\/p>\n<p class=\\\"ql-align-justify\\\"><span style=\\\"color: #000000\\\">Entendemos lo dif\u00edcil que es decidir sobre la actualizaci\u00f3n de una alarma cableada. Es una situaci\u00f3n com\u00fan cuando su sistema a\u00fan es capaz de proteger su propiedad, pero est\u00e1 claramente desactualizado. Renovar con Ajax no le obliga a dejar atr\u00e1s el equipo actual. Le da la oportunidad de crear un complejo de seguridad moderno basado en el equipo cableado existente.<\/span><\/p>\n<h5 class=\\\"ql-align-justify\\\"><span style=\\\"color: #000000\\\">CARACTERISTICAS<\/span><\/h5>\n<p class=\\\"ql-align-justify\\\"><span style=\\\"color: #000000\\\">Cambie a una protecci\u00f3n inteligente mientras mantiene su antiguo equipo de seguridad. Con MultiTransmitter, los usuarios del sistema obtienen el control de seguridad en la app, notificaciones con gran cantidad de datos y escenarios de automatizaci\u00f3n. Los instaladores pueden ajustar el sistema o el dispositivo en la app PRO tanto en la instalaci\u00f3n como de forma remota.<\/span><\/p>\n<p class=\\\"ql-align-justify\\\"><span style=\\\"color: #000000\\\">Detectores de infrarrojos perimetrales, sensores de gas dom\u00e9sticos, termostatos, de nivel de l\u00edquido y otros dispositivos est\u00e1n listos para expandir las \u00e1reas de uso de Ajax. Con\u00e9ctenlos a un hub a trav\u00e9s de MultiTransmitter y gestione el sistema de seguridad combinado en la app Ajax.<\/span><\/p>\n<ul>\n<li class=\\\"ql-align-justify\\\"><span style=\\\"color: #000000\\\">18 zonas para conectar dispositivos<\/span><\/li>\n<li class=\\\"ql-align-justify\\\"><span style=\\\"color: #000000\\\">NO, NC, EOL, 2EOL, 3EOL<\/span><\/li>\n<li class=\\\"ql-align-justify\\\"><span style=\\\"color: #000000\\\">Tres l\u00edneas de alimentaci\u00f3n independientes para detectores de incendio e intrusi\u00f3n<\/span><\/li>\n<li class=\\\"ql-align-justify\\\"><span style=\\\"color: #000000\\\">Carcasa antisabotaje, tampers para alertar del desmontaje y apertura de la carcasa<\/span><\/li>\n<li class=\\\"ql-align-justify\\\"><span style=\\\"color: #000000\\\">Soportes para fijar la bater\u00eda de reserva 4 o 7 Ah<\/span><\/li>\n<li class=\\\"ql-align-justify\\\"><span style=\\\"color: #000000\\\">Tecnolog\u00eda TDMA<\/span><\/li>\n<\/ul>\n<p class=\\\"ql-align-justify\\\"><span style=\\\"color: #000000\\\">Con MultiTransmitter, puede especificar el tipo de alarma y una habitaci\u00f3n para cada dispositivo cableado. Esto hace que las notificaciones brinden m\u00e1s informaci\u00f3n: no solo sabe lo que pas\u00f3 sino d\u00f3nde. Esta informaci\u00f3n se muestra mediante notificaci\u00f3n push, SMS y tambi\u00e9n se env\u00eda a la central receptora de alarmas de la compa\u00f1\u00eda de seguridad bajo un c\u00f3digo apropiado. Hay un total de cinco tipos de alarmas: intrusi\u00f3n, incendio, asistencia m\u00e9dica, bot\u00f3n de p\u00e1nico, alarma de gas.<\/span><\/p>\n<p class=\\\"ql-align-justify\\\"><strong><span style=\\\"color: #000000\\\">INSTALACI\u00d3N<\/span><\/strong><\/p>\n<p class=\\\"ql-align-justify\\\"><span style=\\\"color: #000000\\\">Nos aseguramos de que el proceso de instalaci\u00f3n y configuraci\u00f3n no requiera ning\u00fan tiempo o esfuerzo adicional. Como otros dispositivos de Ajax, MultiTransmitter se conecta a un hub en la app escaneando un c\u00f3digo QR. Cuando se conectan dispositivos cableados, no es necesario saber los valores de resistencia de los resistores. El sistema tambi\u00e9n le avisar\u00e1 si un dispositivo no fue conectado correctamente.<\/span><\/p>\n<ol>\n<li class=\\\"ql-align-justify\\\"><span style=\\\"color: #000000\\\">Incorporaci\u00f3n al sistema mediante escaneo de un c\u00f3digo QR<\/span><\/li>\n<li class=\\\"ql-align-justify\\\"><span style=\\\"color: #000000\\\">Montaje en la Pared<\/span><\/li>\n<li class=\\\"ql-align-justify\\\"><span style=\\\"color: #000000\\\">Conexi\u00f3n de dispositivos con cable<\/span><\/li>\n<li class=\\\"ql-align-justify\\\"><span style=\\\"color: #000000\\\">Configuraci\u00f3n mediante una app<\/span><\/li>\n<\/ol>\n","protected":false},"excerpt":{"rendered":"<p>28306.62.WH3 AJAX MultiTransmitter W M\u00f3dulo para conectar alarma cableada a Ajax y gestionar la seguridad a trav\u00e9s de la app. Color Blanco MULTITRANSMITTER M\u00d3DULO PARA CONEXI\u00d3N DE ZONAS CABLEADAS A AJAX COLOR BLANCO Entendemos lo dif\u00edcil que es decidir sobre la actualizaci\u00f3n de una alarma cableada. Es una situaci\u00f3n com\u00fan cuando su sistema a\u00fan es [&hellip;]<\/p>\n","protected":false},"featured_media":11835,"template":"","meta":{"_acf_changed":false},"product_brand":[],"product_cat":[101,227],"product_tag":[],"berocket_brand":[],"class_list":{"0":"post-11834","1":"product","2":"type-product","3":"status-publish","4":"has-post-thumbnail","6":"product_cat-alarmas-y-hogar-inteligente-iot","7":"product_cat-casa-inteligente-iot","9":"first","10":"instock","11":"taxable","12":"shipping-taxable","13":"purchasable","14":"product-type-simple","15":"berocket_lgv_grid","16":"berocket_lgv_list_grid"},"acf":[],"aioseo_notices":[],"_links":{"self":[{"href":"https:\/\/todoenseguridad.com\/site\/wp-json\/wp\/v2\/product\/11834","targetHints":{"allow":["GET"]}}],"collection":[{"href":"https:\/\/todoenseguridad.com\/site\/wp-json\/wp\/v2\/product"}],"about":[{"href":"https:\/\/todoenseguridad.com\/site\/wp-json\/wp\/v2\/types\/product"}],"wp:featuredmedia":[{"embeddable":true,"href":"https:\/\/todoenseguridad.com\/site\/wp-json\/wp\/v2\/media\/11835"}],"wp:attachment":[{"href":"https:\/\/todoenseguridad.com\/site\/wp-json\/wp\/v2\/media?parent=11834"}],"wp:term":[{"taxonomy":"product_brand","embeddable":true,"href":"https:\/\/todoenseguridad.com\/site\/wp-json\/wp\/v2\/product_brand?post=11834"},{"taxonomy":"product_cat","embeddable":true,"href":"https:\/\/todoenseguridad.com\/site\/wp-json\/wp\/v2\/product_cat?post=11834"},{"taxonomy":"product_tag","embeddable":true,"href":"https:\/\/todoenseguridad.com\/site\/wp-json\/wp\/v2\/product_tag?post=11834"},{"taxonomy":"berocket_brand","embeddable":true,"href":"https:\/\/todoenseguridad.com\/site\/wp-json\/wp\/v2\/berocket_brand?post=11834"}],"curies":[{"name":"wp","href":"https:\/\/api.w.org\/{rel}","templated":true}]}}