{"id":11830,"date":"2022-06-16T13:02:08","date_gmt":"2022-06-16T18:02:08","guid":{"rendered":"https:\/\/todoenseguridad.com\/site\/?post_type=product&#038;p=11830"},"modified":"2026-03-30T16:25:45","modified_gmt":"2026-03-30T21:25:45","slug":"26803-09-wh3-ajax-motionprotect-w-detector-de-movimiento-inalambrico-color-blanco","status":"publish","type":"product","link":"https:\/\/todoenseguridad.com\/site\/producto\/26803-09-wh3-ajax-motionprotect-w-detector-de-movimiento-inalambrico-color-blanco\/","title":{"rendered":"26803.09.WH3 AJAX MotionProtect W &#8211; Detector de movimiento inal\u00e1mbrico. Color Blanco"},"content":{"rendered":"<h2 id=\"title\" class=\"mb-3\"><span style=\"color: #0000ff;\"><span class=\"text-medium\"> 26803.09.WH3<\/span> AJAX MotionProtect W &#8211; Detector de movimiento inal\u00e1mbrico. Color Blanco<\/span><\/h2>\n<h3><span style=\"color: #000000;\"><strong>Detector de movimiento inal\u00e1mbrico color blanco.<\/strong><\/span><\/h3>\n<p><span style=\"color: #000000;\"><strong>MotionProtect<\/strong>\u00a0es un detector inal\u00e1mbrico de movimiento dise\u00f1ado para <strong>uso en interiores<\/strong>. Vigila un \u00e1rea con <strong>un radio de 12 metros<\/strong>. Es capaz de ignorar a los animales y, sin embargo, puede reconocer a una persona nada m\u00e1s entre en la zona protegida. Funciona como parte del sistema de seguridad Ajax y se conecta a trav\u00e9s del protocolo de seguridad <strong>Jeweller<\/strong> al\u00a0<strong>hub<\/strong>.<\/span><\/p>\n<p><span style=\"color: #000000;\"><strong>El detector se configura a trav\u00e9s de una\u00a0aplicaci\u00f3n m\u00f3vil para smartphones<\/strong> disponible para iOS y Android. <strong>Se notifica al usuario de todos los eventos<\/strong> a trav\u00e9s de notificaciones push, mensajes SMS y llamadas (si est\u00e1n activadas).<\/span><\/p>\n<p><span style=\"color: #000000;\"><strong>Protocolo v\u00eda radio AJAX<\/strong><\/span><\/p>\n<p><span style=\"color: #000000;\"><strong>Jeweller<\/strong>\u00a0es un protocolo de radio <strong>desarrollado por Ajax System<\/strong>. Garantiza una interacci\u00f3n ininterrumpida entre el hub y los dispositivos del sistema de seguridad. permite crear sistemas de seguridad de cualquier escala conectando hasta 200 dispositivos a un solo panel de control<\/span><\/p>\n<p>&nbsp;<\/p>\n<p class=\"card-title text-center\"><span style=\"color: #000000;\"><strong>Recomendaciones de instalaci\u00f3n<\/strong><\/span><\/p>\n<p><span style=\"color: #000000;\">Se recomienda instalar el detector a una <strong>altura de 2,4 metros<\/strong>.\u00a0<\/span><\/p>\n<p><span style=\"color: #000000;\">Si el detector no se instala a la altura recomendada, <strong>esto reducir\u00e1 el \u00e1rea de la zona de detecci\u00f3n de movimiento<\/strong> y perjudicar\u00e1 el funcionamiento de la funci\u00f3n de ignorar a los animales.<\/span><\/p>\n<p><span style=\"color: #000000;\">Al seleccionar la ubicaci\u00f3n de instalaci\u00f3n para <strong>Ajax<\/strong><strong>MotionProtect<\/strong>, se debe tomar en cuenta la distancia a cualquier obst\u00e1culo que impida la transmisi\u00f3n de la se\u00f1al de radio: paredes, entrepisos u objetos de gran tama\u00f1o ubicados dentro de la habitaci\u00f3n.<\/span><\/p>\n<p><span style=\"color: #000000;\">Aseg\u00farese de que los muebles, plantas dom\u00e9sticas, floreros, estructuras decorativas o de vidrio no bloqueen el campo de visi\u00f3n del detector.<\/span><\/p>\n","protected":false},"excerpt":{"rendered":"<p>26803.09.WH3 AJAX MotionProtect W &#8211; Detector de movimiento inal\u00e1mbrico. Color Blanco Detector de movimiento inal\u00e1mbrico color blanco. MotionProtect\u00a0es un detector inal\u00e1mbrico de movimiento dise\u00f1ado para uso en interiores. Vigila un \u00e1rea con un radio de 12 metros. Es capaz de ignorar a los animales y, sin embargo, puede reconocer a una persona nada m\u00e1s entre [&hellip;]<\/p>\n","protected":false},"featured_media":11832,"template":"","meta":{"_acf_changed":false},"product_brand":[],"product_cat":[101,227],"product_tag":[],"berocket_brand":[],"class_list":{"0":"post-11830","1":"product","2":"type-product","3":"status-publish","4":"has-post-thumbnail","6":"product_cat-alarmas-y-hogar-inteligente-iot","7":"product_cat-casa-inteligente-iot","9":"first","10":"instock","11":"taxable","12":"shipping-taxable","13":"purchasable","14":"product-type-simple","15":"berocket_lgv_grid","16":"berocket_lgv_list_grid"},"acf":[],"aioseo_notices":[],"_links":{"self":[{"href":"https:\/\/todoenseguridad.com\/site\/wp-json\/wp\/v2\/product\/11830","targetHints":{"allow":["GET"]}}],"collection":[{"href":"https:\/\/todoenseguridad.com\/site\/wp-json\/wp\/v2\/product"}],"about":[{"href":"https:\/\/todoenseguridad.com\/site\/wp-json\/wp\/v2\/types\/product"}],"wp:featuredmedia":[{"embeddable":true,"href":"https:\/\/todoenseguridad.com\/site\/wp-json\/wp\/v2\/media\/11832"}],"wp:attachment":[{"href":"https:\/\/todoenseguridad.com\/site\/wp-json\/wp\/v2\/media?parent=11830"}],"wp:term":[{"taxonomy":"product_brand","embeddable":true,"href":"https:\/\/todoenseguridad.com\/site\/wp-json\/wp\/v2\/product_brand?post=11830"},{"taxonomy":"product_cat","embeddable":true,"href":"https:\/\/todoenseguridad.com\/site\/wp-json\/wp\/v2\/product_cat?post=11830"},{"taxonomy":"product_tag","embeddable":true,"href":"https:\/\/todoenseguridad.com\/site\/wp-json\/wp\/v2\/product_tag?post=11830"},{"taxonomy":"berocket_brand","embeddable":true,"href":"https:\/\/todoenseguridad.com\/site\/wp-json\/wp\/v2\/berocket_brand?post=11830"}],"curies":[{"name":"wp","href":"https:\/\/api.w.org\/{rel}","templated":true}]}}