{"id":11824,"date":"2022-06-16T12:12:33","date_gmt":"2022-06-16T17:12:33","guid":{"rendered":"https:\/\/todoenseguridad.com\/site\/?post_type=product&#038;p=11824"},"modified":"2026-03-23T16:18:49","modified_gmt":"2026-03-23T21:18:49","slug":"27383-23-wh3-ajax-motioncam-w-detector-de-movimiento-con-verificacion-fotografica-color-blanco","status":"publish","type":"product","link":"https:\/\/todoenseguridad.com\/site\/producto\/27383-23-wh3-ajax-motioncam-w-detector-de-movimiento-con-verificacion-fotografica-color-blanco\/","title":{"rendered":"27383.23.WH3 AJAX MotionCam W &#8211; Detector de movimiento con Verificaci\u00f3n fotogr\u00e1fica. Color Blanco"},"content":{"rendered":"<h2><span class=\\\"text-medium\\\" style=\\\"color: #0000ff\\\">27383.23.WH3 AJAX MotionCam W &#8211; Detector de movimiento con Verificaci\u00f3n fotogr\u00e1fica. Color Blanco\u00a0<\/span><\/h2>\n<p><span style=\\\"color: #000000\\\"><strong>Detector de movimiento con c\u00e1mara fotogr\u00e1fica inal\u00e1mbrico color blanco.<\/strong><\/span><\/p>\n<p><span style=\\\"color: #000000\\\"><strong>MotionCam<\/strong>\u00a0es un detector inal\u00e1mbrico de movimiento con verificaci\u00f3n visual de alarmas para uso en interiores.\u00a0detecta el movimiento a una distancia de hasta 12 metros, ignora a los animales, pero reconoce el movimiento humano al instante. Una serie animada de fotos sigue a la alarma de detecci\u00f3n de movimiento instant\u00e1nea para una evaluaci\u00f3n precisa de la situaci\u00f3n.<\/span><\/p>\n<p><span style=\\\"color: #000000\\\">Funciona como parte del sistema de seguridad\u00a0<strong>Ajax\u00a0<\/strong>y se conecta a trav\u00e9s del\u00a0<strong>protocolo de seguridad Jeweller\u00a0<\/strong>al\u00a0<strong>hub<\/strong>.\u00a0<strong>El dispositivo se configura a trav\u00e9s de una\u00a0aplicaci\u00f3n m\u00f3vil para smartphones\u00a0<\/strong>disponible para iOS y Android. Se notifica al usuario de todos los eventos a trav\u00e9s de notificaciones push, mensajes SMS y llamadas (si est\u00e1n activadas).<\/span><\/p>\n<p><span style=\\\"color: #000000\\\"><strong>Protocolo v\u00eda radio AJAX<\/strong><\/span><\/p>\n<p><span style=\\\"color: #000000\\\"><strong>MotionCam <\/strong>utiliza simult\u00e1neamente dos protocolos de radio especializados: <strong>Jeweller <\/strong>para el env\u00edo de alarmas instant\u00e1neas y <strong>Wings <\/strong>para una recepci\u00f3n r\u00e1pida de im\u00e1genes. Recibir\u00e1 una imagen desde el lugar del evento en menos de 9 segundos despu\u00e9s de detectar el movimiento, y la alarma llegar\u00e1 en una fracci\u00f3n de segundo como antes.<\/span><\/p>\n<p><span style=\\\"color: #000000\\\"><strong>Caracter\u00edsticas<\/strong><\/span><\/p>\n<p class=\\\"ql-align-justify\\\"><span style=\\\"color: #000000\\\">Transmite una fotograf\u00eda en menos de 9 segundos<\/span><\/p>\n<p class=\\\"ql-align-justify\\\"><span style=\\\"color: #000000\\\">Visi\u00f3n nocturna<\/span><\/p>\n<p class=\\\"ql-align-justify\\\"><span style=\\\"color: #000000\\\">Captura fotos solo cuando se activa la alarma<\/span><\/p>\n<p class=\\\"ql-align-justify\\\"><span style=\\\"color: #000000\\\">Todas las im\u00e1genes est\u00e1n encriptadas<\/span><\/p>\n<p class=\\\"ql-align-justify\\\"><span style=\\\"color: #000000\\\">Ignora a las mascotas (hasta 50 cm de altura) utilizando el algoritmo SmartDetect. Pero si un animal de compa\u00f1\u00eda especialmente curioso logra hacer sonar la alarma, el siguiente reportaje fotogr\u00e1fico confirmar\u00e1 que la casa no corre peligro<\/span><\/p>\n","protected":false},"excerpt":{"rendered":"<p>27383.23.WH3 AJAX MotionCam W &#8211; Detector de movimiento con Verificaci\u00f3n fotogr\u00e1fica. Color Blanco\u00a0 Detector de movimiento con c\u00e1mara fotogr\u00e1fica inal\u00e1mbrico color blanco. MotionCam\u00a0es un detector inal\u00e1mbrico de movimiento con verificaci\u00f3n visual de alarmas para uso en interiores.\u00a0detecta el movimiento a una distancia de hasta 12 metros, ignora a los animales, pero reconoce el movimiento humano [&hellip;]<\/p>\n","protected":false},"featured_media":11826,"template":"","meta":{"_acf_changed":false},"product_brand":[],"product_cat":[101,227],"product_tag":[],"berocket_brand":[],"class_list":{"0":"post-11824","1":"product","2":"type-product","3":"status-publish","4":"has-post-thumbnail","6":"product_cat-alarmas-y-hogar-inteligente-iot","7":"product_cat-casa-inteligente-iot","9":"first","10":"instock","11":"taxable","12":"shipping-taxable","13":"purchasable","14":"product-type-simple","15":"berocket_lgv_grid","16":"berocket_lgv_list_grid"},"acf":[],"aioseo_notices":[],"_links":{"self":[{"href":"https:\/\/todoenseguridad.com\/site\/wp-json\/wp\/v2\/product\/11824","targetHints":{"allow":["GET"]}}],"collection":[{"href":"https:\/\/todoenseguridad.com\/site\/wp-json\/wp\/v2\/product"}],"about":[{"href":"https:\/\/todoenseguridad.com\/site\/wp-json\/wp\/v2\/types\/product"}],"wp:featuredmedia":[{"embeddable":true,"href":"https:\/\/todoenseguridad.com\/site\/wp-json\/wp\/v2\/media\/11826"}],"wp:attachment":[{"href":"https:\/\/todoenseguridad.com\/site\/wp-json\/wp\/v2\/media?parent=11824"}],"wp:term":[{"taxonomy":"product_brand","embeddable":true,"href":"https:\/\/todoenseguridad.com\/site\/wp-json\/wp\/v2\/product_brand?post=11824"},{"taxonomy":"product_cat","embeddable":true,"href":"https:\/\/todoenseguridad.com\/site\/wp-json\/wp\/v2\/product_cat?post=11824"},{"taxonomy":"product_tag","embeddable":true,"href":"https:\/\/todoenseguridad.com\/site\/wp-json\/wp\/v2\/product_tag?post=11824"},{"taxonomy":"berocket_brand","embeddable":true,"href":"https:\/\/todoenseguridad.com\/site\/wp-json\/wp\/v2\/berocket_brand?post=11824"}],"curies":[{"name":"wp","href":"https:\/\/api.w.org\/{rel}","templated":true}]}}