{"id":11821,"date":"2022-06-16T11:59:03","date_gmt":"2022-06-16T16:59:03","guid":{"rendered":"https:\/\/todoenseguridad.com\/site\/?post_type=product&#038;p=11821"},"modified":"2026-03-23T16:19:46","modified_gmt":"2026-03-23T21:19:46","slug":"28302-33-wh3-ajax-motionprotect-outdoor-w-detector-de-movimiento-inalambrico-para-exterior-con-sistema-anti-enmascaramiento-avanzado","status":"publish","type":"product","link":"https:\/\/todoenseguridad.com\/site\/producto\/28302-33-wh3-ajax-motionprotect-outdoor-w-detector-de-movimiento-inalambrico-para-exterior-con-sistema-anti-enmascaramiento-avanzado\/","title":{"rendered":"28302.33.WH3 AJAX MotionProtect Outdoor W Detector de movimiento inal\u00e1mbrico para exterior con sistema anti-enmascaramiento avanzado"},"content":{"rendered":"<h2 id=\\\"title\\\" class=\\\"mb-3\\\"><span style=\\\"color: #0000ff\\\"> <span class=\\\"text-medium\\\">28302.33.WH3 <\/span>AJAX MotionProtect Outdoor W Detector de movimiento inal\u00e1mbrico para exterior con sistema anti-enmascaramiento avanzado. Color Blanco<\/span><\/h2>\n<p><span style=\\\"color: #000000\\\"><strong>Detector de movimiento inal\u00e1mbrico para exterior con un sistema antienmascaramiento avanzado e inmune a mascotas.<\/strong><\/span><\/p>\n<p><span style=\\\"color: #000000\\\"><strong>MotionProtect Outdoor<\/strong>\u00a0es un detector inal\u00e1mbrico de movimiento con protecci\u00f3n antienmascaramiento y contra falsas alarmas. Est\u00e1 conectado al sistema de seguridad Ajax a trav\u00e9s del protocolo\u00a0<a style=\\\"color: #000000\\\" href=\\\"https:\/\/ajax.systems\/es\/jeweller\/\\\" target=\\\"_blank\\\" rel=\\\"noopener\\\">Jeweller<\/a>, cuya comunicaci\u00f3n tiene un rango de alcance de hasta 1700 metros sin obst\u00e1culos. El dispositivo detecta el movimiento a una distancia inferior a 15 m e ignora a las mascotas.<\/span><\/p>\n<p><span style=\\\"color: #000000\\\"><strong>El dispositivo se configura a trav\u00e9s de una\u00a0aplicaci\u00f3n m\u00f3vil para smartphones\u00a0<\/strong>disponible para iOS y Android. Se notifica al usuario de todos los eventos a trav\u00e9s de notificaciones push, mensajes SMS y llamadas (si est\u00e1n activadas).<\/span><\/p>\n<p><span style=\\\"color: #000000\\\"><strong>Protocolo v\u00eda radio AJAX<\/strong><\/span><\/p>\n<p><span style=\\\"color: #000000\\\"><strong>Jeweller<\/strong>\u00a0es un protocolo de radio\u00a0<strong>desarrollado por Ajax System<\/strong>. Garantiza una interacci\u00f3n ininterrumpida entre el hub y los dispositivos del sistema de seguridad. permite crear sistemas de seguridad de cualquier escala conectando hasta 200 dispositivos a un solo panel de control.<\/span><\/p>\n<p><span style=\\\"color: #000000\\\"><strong>Como funciona<\/strong><\/span><\/p>\n<p><span style=\\\"color: #000000\\\">Los sensores de MotionProtect Outdoor detectan intrusiones en el \u00e1rea protegida, y el detector puede ignorar animales, aves, insectos, as\u00ed como el balanceo de plantas y \u00e1rboles de crecimiento lento.<\/span><\/p>\n<p><span style=\\\"color: #000000\\\">Si el sistema est\u00e1 armado, el detector recibe continuamente la se\u00f1al de dos sensores infrarrojos pasivos (PIR). Si se detecta movimiento, MotionProtect Outdoor transmite la se\u00f1al de alarma inmediatamente al hub y avisa con el destello del LED verde. La alarma solo se enviar\u00e1 al hub cuando los dos sensores t\u00e9rmicos del detector reciban se\u00f1ales de movimiento id\u00e9nticas<\/span><\/p>\n","protected":false},"excerpt":{"rendered":"<p>28302.33.WH3 AJAX MotionProtect Outdoor W Detector de movimiento inal\u00e1mbrico para exterior con sistema anti-enmascaramiento avanzado. Color Blanco Detector de movimiento inal\u00e1mbrico para exterior con un sistema antienmascaramiento avanzado e inmune a mascotas. MotionProtect Outdoor\u00a0es un detector inal\u00e1mbrico de movimiento con protecci\u00f3n antienmascaramiento y contra falsas alarmas. Est\u00e1 conectado al sistema de seguridad Ajax a trav\u00e9s [&hellip;]<\/p>\n","protected":false},"featured_media":11823,"template":"","meta":{"_acf_changed":false},"product_brand":[],"product_cat":[101,227],"product_tag":[],"berocket_brand":[],"class_list":{"0":"post-11821","1":"product","2":"type-product","3":"status-publish","4":"has-post-thumbnail","6":"product_cat-alarmas-y-hogar-inteligente-iot","7":"product_cat-casa-inteligente-iot","9":"first","10":"instock","11":"taxable","12":"shipping-taxable","13":"purchasable","14":"product-type-simple","15":"berocket_lgv_grid","16":"berocket_lgv_list_grid"},"acf":[],"aioseo_notices":[],"_links":{"self":[{"href":"https:\/\/todoenseguridad.com\/site\/wp-json\/wp\/v2\/product\/11821","targetHints":{"allow":["GET"]}}],"collection":[{"href":"https:\/\/todoenseguridad.com\/site\/wp-json\/wp\/v2\/product"}],"about":[{"href":"https:\/\/todoenseguridad.com\/site\/wp-json\/wp\/v2\/types\/product"}],"wp:featuredmedia":[{"embeddable":true,"href":"https:\/\/todoenseguridad.com\/site\/wp-json\/wp\/v2\/media\/11823"}],"wp:attachment":[{"href":"https:\/\/todoenseguridad.com\/site\/wp-json\/wp\/v2\/media?parent=11821"}],"wp:term":[{"taxonomy":"product_brand","embeddable":true,"href":"https:\/\/todoenseguridad.com\/site\/wp-json\/wp\/v2\/product_brand?post=11821"},{"taxonomy":"product_cat","embeddable":true,"href":"https:\/\/todoenseguridad.com\/site\/wp-json\/wp\/v2\/product_cat?post=11821"},{"taxonomy":"product_tag","embeddable":true,"href":"https:\/\/todoenseguridad.com\/site\/wp-json\/wp\/v2\/product_tag?post=11821"},{"taxonomy":"berocket_brand","embeddable":true,"href":"https:\/\/todoenseguridad.com\/site\/wp-json\/wp\/v2\/berocket_brand?post=11821"}],"curies":[{"name":"wp","href":"https:\/\/api.w.org\/{rel}","templated":true}]}}