{"id":11819,"date":"2022-06-16T11:52:12","date_gmt":"2022-06-16T16:52:12","guid":{"rendered":"https:\/\/todoenseguridad.com\/site\/?post_type=product&#038;p=11819"},"modified":"2026-03-30T16:27:02","modified_gmt":"2026-03-30T21:27:02","slug":"28298-08-wh3-ajax-leaksprotect-w-detector-de-inundaciones-inalambrico-color-blanco","status":"publish","type":"product","link":"https:\/\/todoenseguridad.com\/site\/producto\/28298-08-wh3-ajax-leaksprotect-w-detector-de-inundaciones-inalambrico-color-blanco\/","title":{"rendered":"28298.08.WH3 AJAX LeaksProtect W &#8211; Detector de inundaciones Inal\u00e1mbrico. Color Blanco"},"content":{"rendered":"<h2 id=\\\"title\\\" class=\\\"mb-3\\\"><span style=\\\"color: #0000ff\\\"><span class=\\\"text-medium\\\">28298.08.WH3 <\/span>AJAX LeaksProtect W &#8211; Detector de inundaciones Inal\u00e1mbrico. Color Blanco<\/span><\/h2>\n<p><span style=\\\"color: #000000\\\"><strong>Detector de inundaci\u00f3n inal\u00e1mbrico color blanco<\/strong><\/span><\/p>\n<p><span style=\\\"color: #000000\\\"><strong>LeaksProtect<\/strong>\u00a0es un peque\u00f1o detector inal\u00e1mbrico que detecta la m\u00e1s m\u00ednima fuga de agua, permitiendo responder a tiempo y eliminar el problema. Utilizado en espacios interiores.<\/span><\/p>\n<p><span style=\\\"color: #000000\\\">Funciona como parte del sistema de seguridad\u00a0<strong>Ajax\u00a0<\/strong>y se conecta a trav\u00e9s del\u00a0<strong>protocolo de seguridad Jeweller\u00a0<\/strong>al\u00a0<strong>hub<\/strong>.\u00a0<strong>El dispositivo se configura a trav\u00e9s de una\u00a0aplicaci\u00f3n m\u00f3vil para smartphones\u00a0<\/strong>disponible para iOS y Android. Se notifica al usuario de todos los eventos a trav\u00e9s de notificaciones push, mensajes SMS y llamadas (si est\u00e1n activadas).<\/span><\/p>\n<p><span style=\\\"color: #000000\\\"><strong>Protocolo v\u00eda radio AJAX<\/strong><\/span><\/p>\n<p><span style=\\\"color: #000000\\\"><strong>Jeweller<\/strong>\u00a0es un protocolo de radio\u00a0<strong>desarrollado por Ajax System<\/strong>. Garantiza una interacci\u00f3n ininterrumpida entre el hub y los dispositivos del sistema de seguridad. permite crear sistemas de seguridad de cualquier escala conectando hasta 200 dispositivos a un solo panel de control.<\/span><\/p>\n<p><span style=\\\"color: #000000\\\"><strong>Caracter\u00edsticas<\/strong><\/span><\/p>\n<p class=\\\"ql-align-justify\\\"><span style=\\\"color: #000000\\\">\u00b7\u00a0Los detectores de inundaci\u00f3n son f\u00e1ciles de colocar en cualquier lugar donde existe la probabilidad de las fugas de agua. El tama\u00f1o del dispositivo es de tan solo 14\u00a0mm.<\/span><\/p>\n<p class=\\\"ql-align-justify\\\"><span style=\\\"color: #000000\\\">\u00b7Sin importar de qu\u00e9 lado llegue el agua al detector, inmediatamente provoca una alarma. Los cuatro lados del detector de inundaci\u00f3n tienen pares de contacto. Si al menos uno de ellos entra en contacto con el agua, el detector informa de una fuga. Cuando los contactos se secan y se abren, le notifica que la fuga se ha detenido.<\/span><\/p>\n<p class=\\\"ql-align-justify\\\"><span style=\\\"color: #000000\\\">\u00b7Los detectores de inundaci\u00f3n pueden proteger peque\u00f1os apartamentos, as\u00ed como centros comerciales y edificios industriales contra inundaciones.\u00a0<\/span><\/p>\n","protected":false},"excerpt":{"rendered":"<p>28298.08.WH3 AJAX LeaksProtect W &#8211; Detector de inundaciones Inal\u00e1mbrico. Color Blanco Detector de inundaci\u00f3n inal\u00e1mbrico color blanco LeaksProtect\u00a0es un peque\u00f1o detector inal\u00e1mbrico que detecta la m\u00e1s m\u00ednima fuga de agua, permitiendo responder a tiempo y eliminar el problema. Utilizado en espacios interiores. Funciona como parte del sistema de seguridad\u00a0Ajax\u00a0y se conecta a trav\u00e9s del\u00a0protocolo de [&hellip;]<\/p>\n","protected":false},"featured_media":11820,"template":"","meta":{"_acf_changed":false},"product_brand":[],"product_cat":[101,227],"product_tag":[],"berocket_brand":[],"class_list":{"0":"post-11819","1":"product","2":"type-product","3":"status-publish","4":"has-post-thumbnail","6":"product_cat-alarmas-y-hogar-inteligente-iot","7":"product_cat-casa-inteligente-iot","9":"first","10":"instock","11":"taxable","12":"shipping-taxable","13":"purchasable","14":"product-type-simple","15":"berocket_lgv_grid","16":"berocket_lgv_list_grid"},"acf":[],"aioseo_notices":[],"_links":{"self":[{"href":"https:\/\/todoenseguridad.com\/site\/wp-json\/wp\/v2\/product\/11819","targetHints":{"allow":["GET"]}}],"collection":[{"href":"https:\/\/todoenseguridad.com\/site\/wp-json\/wp\/v2\/product"}],"about":[{"href":"https:\/\/todoenseguridad.com\/site\/wp-json\/wp\/v2\/types\/product"}],"wp:featuredmedia":[{"embeddable":true,"href":"https:\/\/todoenseguridad.com\/site\/wp-json\/wp\/v2\/media\/11820"}],"wp:attachment":[{"href":"https:\/\/todoenseguridad.com\/site\/wp-json\/wp\/v2\/media?parent=11819"}],"wp:term":[{"taxonomy":"product_brand","embeddable":true,"href":"https:\/\/todoenseguridad.com\/site\/wp-json\/wp\/v2\/product_brand?post=11819"},{"taxonomy":"product_cat","embeddable":true,"href":"https:\/\/todoenseguridad.com\/site\/wp-json\/wp\/v2\/product_cat?post=11819"},{"taxonomy":"product_tag","embeddable":true,"href":"https:\/\/todoenseguridad.com\/site\/wp-json\/wp\/v2\/product_tag?post=11819"},{"taxonomy":"berocket_brand","embeddable":true,"href":"https:\/\/todoenseguridad.com\/site\/wp-json\/wp\/v2\/berocket_brand?post=11819"}],"curies":[{"name":"wp","href":"https:\/\/api.w.org\/{rel}","templated":true}]}}