{"id":11815,"date":"2022-06-16T11:45:23","date_gmt":"2022-06-16T16:45:23","guid":{"rendered":"https:\/\/todoenseguridad.com\/site\/?post_type=product&#038;p=11815"},"modified":"2026-03-30T16:27:35","modified_gmt":"2026-03-30T21:27:35","slug":"26762-03-wh3-ajax-doorprotect-w-detector-magnetico-de-apertura-inalambrico-color-blanco-2","status":"publish","type":"product","link":"https:\/\/todoenseguridad.com\/site\/producto\/26762-03-wh3-ajax-doorprotect-w-detector-magnetico-de-apertura-inalambrico-color-blanco-2\/","title":{"rendered":"26762.03.WH3 AJAX DoorProtect W- Detector magn\u00e9tico de apertura inal\u00e1mbrico. Color Blanco"},"content":{"rendered":"<h2 id=\\\"title\\\" class=\\\"mb-3\\\"><span style=\\\"color: #0000ff\\\"><span class=\\\"text-medium\\\"> 26762.03.WH3<\/span> AJAX DoorProtect W- Detector magn\u00e9tico de apertura inal\u00e1mbrico. Color Blanco<\/span><\/h2>\n<p><span style=\\\"color: #000000\\\"><strong>Contacto magn\u00e9tico inal\u00e1mbrico para puertas y ventanas interior color blanco.<\/strong><\/span><\/p>\n<p><span style=\\\"color: #000000\\\"><strong>DoorProtect<\/strong>\u00a0es un detector inal\u00e1mbrico de apertura de puertas y ventanas dise\u00f1ado para su uso en interiores. Est\u00e1 equipado con un rel\u00e9 reed de contacto seco que procesa m\u00e1s de 2 millones de aperturas.\u00a0<\/span><\/p>\n<p><span style=\\\"color: #000000\\\">Funciona como parte del sistema de seguridad Ajax y se conecta a trav\u00e9s del <strong>protocolo de seguridad Jeweller al<\/strong>\u00a0<strong>hub<\/strong>. <strong>El dispositivo se configura a trav\u00e9s de una\u00a0aplicaci\u00f3n m\u00f3vil para smartphones<\/strong> disponible para iOS y Android. Se notifica al usuario de todos los eventos a trav\u00e9s de notificaciones push, mensajes SMS y llamadas (si est\u00e1n activadas).<\/span><\/p>\n<p><span style=\\\"color: #000000\\\"><strong>Protocolo v\u00eda radio AJAX<\/strong><\/span><\/p>\n<p><span style=\\\"color: #000000\\\"><strong>Jeweller<\/strong>\u00a0es un protocolo de radio <strong>desarrollado por Ajax System<\/strong>. Garantiza una interacci\u00f3n ininterrumpida entre el hub y los dispositivos del sistema de seguridad. permite crear sistemas de seguridad de cualquier escala conectando hasta 200 dispositivos a un solo panel de control.<\/span><\/p>\n<p><span style=\\\"color: #000000\\\"><strong>Caracter\u00edsticas<\/strong><\/span><\/p>\n<p><span style=\\\"color: #000000\\\">Se puede instalar en todo tipo de puertas, incluyendo las de base met\u00e1lica.<\/span><\/p>\n<p><span style=\\\"color: #000000\\\">El equipo incluye dos imanes: el im\u00e1n grande se instala a una distancia de hasta 2 cm, y el im\u00e1n peque\u00f1o a una distancia inferior a 1 cm.<\/span><\/p>\n<p><span style=\\\"color: #000000\\\">Dispone de un contacto externo para conectar detectores de otros fabricantes.<\/span><\/p>\n<p><span style=\\\"color: #000000\\\"><strong>Recomendaciones de instalaci\u00f3n<\/strong><\/span><\/p>\n<p><span style=\\\"color: #000000\\\">El im\u00e1n se fija en la parte m\u00f3vil de la puerta o ventana a la derecha del detector.<\/span><\/p>\n<p><span style=\\\"color: #000000\\\">Cuando instale el detector en planos perpendiculares (dentro del marco), utilice el im\u00e1n peque\u00f1o. La distancia entre el im\u00e1n y el detector no deber\u00eda ser mayor a 1 cm.<\/span><\/p>\n<p><span style=\\\"color: #000000\\\">Cuando coloque las partes de DoorProtect al mismo nivel, use el im\u00e1n grande. Su umbral de actuaci\u00f3n es de 2 cm.<\/span><\/p>\n","protected":false},"excerpt":{"rendered":"<p>26762.03.WH3 AJAX DoorProtect W- Detector magn\u00e9tico de apertura inal\u00e1mbrico. Color Blanco Contacto magn\u00e9tico inal\u00e1mbrico para puertas y ventanas interior color blanco. DoorProtect\u00a0es un detector inal\u00e1mbrico de apertura de puertas y ventanas dise\u00f1ado para su uso en interiores. Est\u00e1 equipado con un rel\u00e9 reed de contacto seco que procesa m\u00e1s de 2 millones de aperturas.\u00a0 Funciona [&hellip;]<\/p>\n","protected":false},"featured_media":11817,"template":"","meta":{"_acf_changed":false},"product_brand":[],"product_cat":[101,227],"product_tag":[],"berocket_brand":[],"class_list":{"0":"post-11815","1":"product","2":"type-product","3":"status-publish","4":"has-post-thumbnail","6":"product_cat-alarmas-y-hogar-inteligente-iot","7":"product_cat-casa-inteligente-iot","9":"first","10":"instock","11":"taxable","12":"shipping-taxable","13":"purchasable","14":"product-type-simple","15":"berocket_lgv_grid","16":"berocket_lgv_list_grid"},"acf":[],"aioseo_notices":[],"_links":{"self":[{"href":"https:\/\/todoenseguridad.com\/site\/wp-json\/wp\/v2\/product\/11815","targetHints":{"allow":["GET"]}}],"collection":[{"href":"https:\/\/todoenseguridad.com\/site\/wp-json\/wp\/v2\/product"}],"about":[{"href":"https:\/\/todoenseguridad.com\/site\/wp-json\/wp\/v2\/types\/product"}],"wp:featuredmedia":[{"embeddable":true,"href":"https:\/\/todoenseguridad.com\/site\/wp-json\/wp\/v2\/media\/11817"}],"wp:attachment":[{"href":"https:\/\/todoenseguridad.com\/site\/wp-json\/wp\/v2\/media?parent=11815"}],"wp:term":[{"taxonomy":"product_brand","embeddable":true,"href":"https:\/\/todoenseguridad.com\/site\/wp-json\/wp\/v2\/product_brand?post=11815"},{"taxonomy":"product_cat","embeddable":true,"href":"https:\/\/todoenseguridad.com\/site\/wp-json\/wp\/v2\/product_cat?post=11815"},{"taxonomy":"product_tag","embeddable":true,"href":"https:\/\/todoenseguridad.com\/site\/wp-json\/wp\/v2\/product_tag?post=11815"},{"taxonomy":"berocket_brand","embeddable":true,"href":"https:\/\/todoenseguridad.com\/site\/wp-json\/wp\/v2\/berocket_brand?post=11815"}],"curies":[{"name":"wp","href":"https:\/\/api.w.org\/{rel}","templated":true}]}}