{"id":11813,"date":"2022-06-16T11:33:36","date_gmt":"2022-06-16T16:33:36","guid":{"rendered":"https:\/\/todoenseguridad.com\/site\/?post_type=product&#038;p=11813"},"modified":"2026-03-30T16:28:26","modified_gmt":"2026-03-30T21:28:26","slug":"28267-06-wh3-ajax-combiprotect-w-detector-inalambrico-combinado-de-rotura-de-cristal-y-movimiento-color-blanco","status":"publish","type":"product","link":"https:\/\/todoenseguridad.com\/site\/producto\/28267-06-wh3-ajax-combiprotect-w-detector-inalambrico-combinado-de-rotura-de-cristal-y-movimiento-color-blanco\/","title":{"rendered":"28267.06.WH3 AJAX CombiProtect W &#8211; Detector inal\u00e1mbrico combinado de rotura de cristal y movimiento. Color Blanco"},"content":{"rendered":"<h2 id=\"title\" class=\"mb-3\"><span style=\"color: #0000ff;\"><span class=\"text-medium\">28267.06.WH3 <\/span>AJAX CombiProtect W &#8211; Detector inal\u00e1mbrico combinado de rotura de cristal y movimiento. Color Blanco<\/span><\/h2>\n<h3 class=\"ql-align-center\"><span style=\"color: #000000;\"><strong>Detector de movimiento y ruptura de cristal inal\u00e1mbrico color blanco.<\/strong><\/span><\/h3>\n<p><span style=\"color: #000000;\"><strong>CombiProtect <\/strong>combina dos tipos de dispositivos de seguridad: detector de movimiento y detector de rotura de cristal. Es un detector de movimiento inal\u00e1mbrico <strong>con un \u00e1ngulo de visi\u00f3n de 88. 5\u00ba<\/strong> y una distancia de detecci\u00f3n de <strong>hasta 12 metros<\/strong>, adem\u00e1s un <strong>detector de rotura de cristal<\/strong> hasta una <strong>distancia de 9 metros.<\/strong><\/span><\/p>\n<p><span style=\"color: #000000;\"><strong>El micr\u00f3fono electret es sensible a la rotura de cristal.<\/strong> El sistema inteligente de registro de eventos requiere una secuencia de sonidos de una naturaleza espec\u00edfica: primero un golpe sordo, y luego el sonido de los fragmentos cayendo, esto previene una activaci\u00f3n accidental.<\/span><\/p>\n<p><span style=\"color: #000000;\">Funciona como parte del sistema de seguridad <strong>Ajax <\/strong>y se conecta a trav\u00e9s del <strong>protocolo de seguridad Jeweller al\u00a0hub.<\/strong><strong>El dispositivo se configura a trav\u00e9s de una\u00a0aplicaci\u00f3n m\u00f3vil para smartphones<\/strong> disponible para iOS y Android. <strong>Se notifica al usuario de todos los eventos<\/strong> a trav\u00e9s de notificaciones push, mensajes SMS y llamadas (si est\u00e1n activadas)<\/span><\/p>\n<h2><span style=\"color: #000000;\">Protocolo v\u00eda radio AJAX<\/span><\/h2>\n<p><span style=\"color: #000000;\"><strong>Jeweller<\/strong>\u00a0es un protocolo de radio <strong>desarrollado por Ajax System<\/strong>. Garantiza una interacci\u00f3n ininterrumpida entre el hub y los dispositivos del sistema de seguridad. permite crear sistemas de seguridad de cualquier escala conectando hasta 200 dispositivos a un solo panel de control<\/span><\/p>\n","protected":false},"excerpt":{"rendered":"<p>28267.06.WH3 AJAX CombiProtect W &#8211; Detector inal\u00e1mbrico combinado de rotura de cristal y movimiento. Color Blanco Detector de movimiento y ruptura de cristal inal\u00e1mbrico color blanco. CombiProtect combina dos tipos de dispositivos de seguridad: detector de movimiento y detector de rotura de cristal. Es un detector de movimiento inal\u00e1mbrico con un \u00e1ngulo de visi\u00f3n de [&hellip;]<\/p>\n","protected":false},"featured_media":11814,"template":"","meta":{"_acf_changed":false},"product_brand":[],"product_cat":[101,227],"product_tag":[],"berocket_brand":[],"class_list":{"0":"post-11813","1":"product","2":"type-product","3":"status-publish","4":"has-post-thumbnail","6":"product_cat-alarmas-y-hogar-inteligente-iot","7":"product_cat-casa-inteligente-iot","9":"first","10":"instock","11":"taxable","12":"shipping-taxable","13":"purchasable","14":"product-type-simple","15":"berocket_lgv_grid","16":"berocket_lgv_list_grid"},"acf":[],"aioseo_notices":[],"_links":{"self":[{"href":"https:\/\/todoenseguridad.com\/site\/wp-json\/wp\/v2\/product\/11813","targetHints":{"allow":["GET"]}}],"collection":[{"href":"https:\/\/todoenseguridad.com\/site\/wp-json\/wp\/v2\/product"}],"about":[{"href":"https:\/\/todoenseguridad.com\/site\/wp-json\/wp\/v2\/types\/product"}],"wp:featuredmedia":[{"embeddable":true,"href":"https:\/\/todoenseguridad.com\/site\/wp-json\/wp\/v2\/media\/11814"}],"wp:attachment":[{"href":"https:\/\/todoenseguridad.com\/site\/wp-json\/wp\/v2\/media?parent=11813"}],"wp:term":[{"taxonomy":"product_brand","embeddable":true,"href":"https:\/\/todoenseguridad.com\/site\/wp-json\/wp\/v2\/product_brand?post=11813"},{"taxonomy":"product_cat","embeddable":true,"href":"https:\/\/todoenseguridad.com\/site\/wp-json\/wp\/v2\/product_cat?post=11813"},{"taxonomy":"product_tag","embeddable":true,"href":"https:\/\/todoenseguridad.com\/site\/wp-json\/wp\/v2\/product_tag?post=11813"},{"taxonomy":"berocket_brand","embeddable":true,"href":"https:\/\/todoenseguridad.com\/site\/wp-json\/wp\/v2\/berocket_brand?post=11813"}],"curies":[{"name":"wp","href":"https:\/\/api.w.org\/{rel}","templated":true}]}}