{"id":11797,"date":"2022-06-16T10:46:13","date_gmt":"2022-06-16T15:46:13","guid":{"rendered":"https:\/\/todoenseguridad.com\/site\/?post_type=product&#038;p=11797"},"modified":"2026-03-23T16:28:25","modified_gmt":"2026-03-23T21:28:25","slug":"ajax-st-1-1-ajax-kit-starter-panel-de-alarma-conexion-ethernet-wifi-lte-control-mediante-aplicacion-para-smartphone","status":"publish","type":"product","link":"https:\/\/todoenseguridad.com\/site\/producto\/ajax-st-1-1-ajax-kit-starter-panel-de-alarma-conexion-ethernet-wifi-lte-control-mediante-aplicacion-para-smartphone\/","title":{"rendered":"AJAX ST-1-1 AJAX KIT STARTER Panel de alarma conexi\u00f3n Ethernet, WiFi, LTE Control mediante aplicaci\u00f3n para smartphone"},"content":{"rendered":"<h2 id=\\\"title\\\" class=\\\"mb-3\\\"><span style=\\\"color: #0000ff\\\"><span class=\\\"text-medium\\\">AJAX ST-1-1 <\/span>AJAX KIT STARTER Panel de alarma conexi\u00f3n Ethernet, WiFi, LTE Control mediante aplicaci\u00f3n para smartphone, 1 sensor de movimiento y un detector de puerta o ventana con entrada auxiliar en color blanco<\/span><\/h2>\n<p class=\\\"card-title text-center\\\"><span style=\\\"color: #000000\\\"><strong>Descripci\u00f3n<\/strong><\/span><\/p>\n<p><span style=\\\"color: #000000\\\">El <strong>KIT STARTER AJAX<\/strong> es una soluci\u00f3n inal\u00e1mbrica que incluye panel de control <strong>Hub 2 plus<\/strong>, un sensor de movimiento <strong>MotionProtect<\/strong> y un detector de puerta o ventana <strong>DoorProtect<\/strong>. Comunicaci\u00f3n mediante protocolo Jeweller.<\/span><\/p>\n<p><span style=\\\"color: #000000\\\">Funciona como parte del sistema de seguridad Ajax y se conecta a trav\u00e9s del <strong>protocolo de seguridad Jeweller. Los dispositivos se configuran a trav\u00e9s de una\u00a0aplicaci\u00f3n m\u00f3vil para smartphones<\/strong> disponible para iOS y Android. <strong>Se notifica al usuario de todos los eventos <\/strong>a trav\u00e9s de notificaciones push, mensajes SMS y llamadas (si est\u00e1n activadas).<\/span><\/p>\n<p><span style=\\\"color: #000000\\\"><strong>Protocolo v\u00eda radio AJAX<\/strong><\/span><\/p>\n<p><span style=\\\"color: #000000\\\"><strong>Jeweller<\/strong>\u00a0es un protocolo de radio <strong>desarrollado por Ajax System<\/strong>. Garantiza una interacci\u00f3n ininterrumpida entre el hub y los dispositivos del sistema de seguridad. permite crear sistemas de seguridad de cualquier escala conectando hasta 200 dispositivos a un solo panel de control<\/span><\/p>\n<p><span style=\\\"color: #000000\\\"><strong>Hub 2 Plus<\/strong><\/span><\/p>\n<p><span style=\\\"color: #000000\\\">El\u00a0<strong>Hub 2 Plus<\/strong>\u00a0es el <strong>dispositivo central<\/strong> del sistema de seguridad Ajax, es el que <strong>controla el<\/strong><\/span><\/p>\n<p><span style=\\\"color: #000000\\\"><strong>funcionamiento de todos los dispositivos conectados<\/strong>, informa de la apertura de puertas, rotura de ventanas,<\/span><\/p>\n<p><span style=\\\"color: #000000\\\">amenazas de incendio o inundaci\u00f3n y automatiza las acciones rutinarias mediante<\/span><\/p>\n<p><span style=\\\"color: #000000\\\">escenarios, <strong>interact\u00faa con el usuario mediante su app gratuita, adem\u00e1s se puede enlazar a una central<\/strong><\/span><\/p>\n<p><span style=\\\"color: #000000\\\"><strong>de monitoreo<\/strong>.<\/span><\/p>\n<p><span style=\\\"color: #000000\\\"><strong>Sensor de movimiento Motion Protect<\/strong><\/span><\/p>\n<p><span style=\\\"color: #000000\\\"><strong>MotionProtect<\/strong>\u00a0es un <strong>detector inal\u00e1mbrico de movimiento<\/strong> dise\u00f1ado <strong>para uso en interiores<\/strong>. Vigila un \u00e1rea con <strong>un radio de 12 metros<\/strong>. Es capaz de ignorar a los animales y, sin embargo, puede reconocer a una persona nada m\u00e1s entre en la zona protegida. Funciona como parte del sistema de seguridad Ajax y <strong>se conecta a trav\u00e9s del protocolo de seguridad Jeweller al\u00a0hub.<\/strong> Tiene un rango de comunicaci\u00f3n de 1700 metros sin obst\u00e1culos \u00a0<\/span><\/p>\n<p><span style=\\\"color: #000000\\\">El detector <strong>se configura a trav\u00e9s de una\u00a0aplicaci\u00f3n m\u00f3vil <\/strong>para smartphones disponible para iOS y Android. <strong>Se notifica al usuario de todos los eventos<\/strong> a trav\u00e9s de notificaciones push, mensajes SMS y llamadas (si est\u00e1n activadas).<\/span><\/p>\n<p><span style=\\\"color: #000000\\\"><strong>Contacto magn\u00e9tico para puerta o ventana Door Protect<\/strong><\/span><\/p>\n<p><span style=\\\"color: #000000\\\"><strong>DoorProtect<\/strong>\u00a0es un detector inal\u00e1mbrico de apertura de puertas y ventanas <strong>dise\u00f1ado para uso en interiores<\/strong>. Est\u00e1 equipado con un rel\u00e9 reed de contacto seco que procesa m\u00e1s de 2 millones de aperturas. <strong>Tiene una entrada para conectar un detector externo.<\/strong><\/span><\/p>\n<p><span style=\\\"color: #000000\\\">El detector est\u00e1 equipado con dos imanes: uno peque\u00f1o y otro grande, con rangos de funcionamiento de 1 y 2 cm respectivamente.<\/span><\/p>\n<p><span style=\\\"color: #000000\\\"><strong>DoorProtect<\/strong> funciona como parte del sistema de seguridad Ajax y se conecta a trav\u00e9s del protocolo de seguridad <strong>Jeweller<\/strong>\u00a0al\u00a0hub. Rango de comunicaci\u00f3n: hasta 1200 metros sin obst\u00e1culos.<\/span><\/p>\n<p><span style=\\\"color: #000000\\\">El detector se configura a trav\u00e9s de una\u00a0<strong>aplicaci\u00f3n m\u00f3vil para smartphones disponible<\/strong>\u00a0para iOS y Android. <strong>Se notifica al usuario de todos los eventos<\/strong> a trav\u00e9s de notificaciones push, mensajes SMS y llamadas (si est\u00e1n activadas).<\/span><\/p>\n","protected":false},"excerpt":{"rendered":"<p>AJAX ST-1-1 AJAX KIT STARTER Panel de alarma conexi\u00f3n Ethernet, WiFi, LTE Control mediante aplicaci\u00f3n para smartphone, 1 sensor de movimiento y un detector de puerta o ventana con entrada auxiliar en color blanco Descripci\u00f3n El KIT STARTER AJAX es una soluci\u00f3n inal\u00e1mbrica que incluye panel de control Hub 2 plus, un sensor de movimiento [&hellip;]<\/p>\n","protected":false},"featured_media":11799,"template":"","meta":{"_acf_changed":false},"product_brand":[],"product_cat":[101,227],"product_tag":[],"berocket_brand":[],"class_list":{"0":"post-11797","1":"product","2":"type-product","3":"status-publish","4":"has-post-thumbnail","6":"product_cat-alarmas-y-hogar-inteligente-iot","7":"product_cat-casa-inteligente-iot","9":"first","10":"instock","11":"taxable","12":"shipping-taxable","13":"purchasable","14":"product-type-simple","15":"berocket_lgv_grid","16":"berocket_lgv_list_grid"},"acf":[],"aioseo_notices":[],"_links":{"self":[{"href":"https:\/\/todoenseguridad.com\/site\/wp-json\/wp\/v2\/product\/11797","targetHints":{"allow":["GET"]}}],"collection":[{"href":"https:\/\/todoenseguridad.com\/site\/wp-json\/wp\/v2\/product"}],"about":[{"href":"https:\/\/todoenseguridad.com\/site\/wp-json\/wp\/v2\/types\/product"}],"wp:featuredmedia":[{"embeddable":true,"href":"https:\/\/todoenseguridad.com\/site\/wp-json\/wp\/v2\/media\/11799"}],"wp:attachment":[{"href":"https:\/\/todoenseguridad.com\/site\/wp-json\/wp\/v2\/media?parent=11797"}],"wp:term":[{"taxonomy":"product_brand","embeddable":true,"href":"https:\/\/todoenseguridad.com\/site\/wp-json\/wp\/v2\/product_brand?post=11797"},{"taxonomy":"product_cat","embeddable":true,"href":"https:\/\/todoenseguridad.com\/site\/wp-json\/wp\/v2\/product_cat?post=11797"},{"taxonomy":"product_tag","embeddable":true,"href":"https:\/\/todoenseguridad.com\/site\/wp-json\/wp\/v2\/product_tag?post=11797"},{"taxonomy":"berocket_brand","embeddable":true,"href":"https:\/\/todoenseguridad.com\/site\/wp-json\/wp\/v2\/berocket_brand?post=11797"}],"curies":[{"name":"wp","href":"https:\/\/api.w.org\/{rel}","templated":true}]}}