{"id":11783,"date":"2022-06-15T16:08:43","date_gmt":"2022-06-15T21:08:43","guid":{"rendered":"https:\/\/todoenseguridad.com\/site\/?post_type=product&#038;p=11783"},"modified":"2026-03-23T16:29:01","modified_gmt":"2026-03-23T21:29:01","slug":"res-2-1-si-ll-ajax-kit-residencial-panel-de-alarma-control-mediante-aplicacion-para-smartphone-1-sensor-de-movimiento","status":"publish","type":"product","link":"https:\/\/todoenseguridad.com\/site\/producto\/res-2-1-si-ll-ajax-kit-residencial-panel-de-alarma-control-mediante-aplicacion-para-smartphone-1-sensor-de-movimiento\/","title":{"rendered":"RES-2-1-SI-LL AJAX KIT RESIDENCIAL Panel de alarma control mediante aplicaci\u00f3n para smartphone, 1 sensor de movimiento"},"content":{"rendered":"<h2 id=\\\"title\\\" class=\\\"mb-3\\\"><span style=\\\"color: #0000ff\\\"><span class=\\\"text-medium\\\">RES-2-1-SI-LL <\/span>AJAX KIT RESIDENCIAL Panel de alarma control mediante aplicaci\u00f3n para smartphone, 1 sensor de movimiento, 2 detectores para puerta o ventana, 1 control remoto y una sirena interior inalambrica<\/span><\/h2>\n<p class=\\\"card-title text-center\\\"><span style=\\\"color: #000000\\\"><strong>Descripci\u00f3n<\/strong><\/span><\/p>\n<p><span style=\\\"color: #000000\\\">Kit inal\u00e1mbrico ideal para residencias, incluye panel de control <strong>Hub 2 plus<\/strong>, un sensor de movimiento <strong>MotionProtect<\/strong>, dos detectores de puerta o ventana <strong>DoorProtect,<\/strong> un control 4 botones (armado\/desarmado, bot\u00f3n de p\u00e1nico) <strong>SpaceControl <\/strong>y una sirena para interior <strong>HomeSiren<\/strong>.<\/span><\/p>\n<p><span style=\\\"color: #000000\\\">Funciona como parte del sistema de seguridad Ajax y se conecta a trav\u00e9s del <strong>protocolo de seguridad Jeweller<\/strong>. <strong>Los dispositivos se configuran a trav\u00e9s de una\u00a0aplicaci\u00f3n m\u00f3vil para smartphones <\/strong>disponible para iOS y Android. <strong>Se notifica al usuario de todos los eventos <\/strong>a trav\u00e9s de notificaciones push, mensajes SMS y llamadas (si est\u00e1n activadas).<\/span><\/p>\n<p><span style=\\\"color: #000000\\\"><strong>Protocolo v\u00eda radio AJAX<\/strong><\/span><\/p>\n<p><span style=\\\"color: #000000\\\"><strong>Jeweller<\/strong>\u00a0es un protocolo de radio <strong>desarrollado por Ajax System<\/strong>. Garantiza una interacci\u00f3n ininterrumpida entre el hub y los dispositivos del sistema de seguridad. permite crear sistemas de seguridad de cualquier escala conectando hasta 200 dispositivos a un solo panel de control.<\/span><\/p>\n<p><span style=\\\"color: #000000\\\"><strong>Hub 2 Plus<\/strong><\/span><\/p>\n<p><span style=\\\"color: #000000\\\">El\u00a0<strong>Hub 2 Plus<\/strong>\u00a0es el\u00a0<strong>dispositivo central<\/strong>\u00a0del sistema de seguridad Ajax, es el que\u00a0<strong>controla el<\/strong><strong>funcionamiento de todos los dispositivos conectados<\/strong>, informa de la apertura de puertas, rotura de ventanas, amenazas de incendio o inundaci\u00f3n y automatiza las acciones rutinarias mediante escenarios,\u00a0<strong>interact\u00faa con el usuario mediante su app gratuita, adem\u00e1s se puede enlazar a una central<\/strong><strong>de monitoreo<\/strong>.<\/span><\/p>\n<p><span style=\\\"color: #000000\\\"><strong>Sensor de movimiento Motion Protect<\/strong><\/span><\/p>\n<p><span style=\\\"color: #000000\\\"><strong>MotionProtect<\/strong>\u00a0es un detector inal\u00e1mbrico de movimiento dise\u00f1ado para <strong>uso en interiores<\/strong>. Vigila un \u00e1rea <strong>con un radio de 12 metros<\/strong>. Es capaz de ignorar a los animales y, sin embargo, puede reconocer a una persona nada m\u00e1s entre en la zona protegida. Funciona como parte del sistema de seguridad Ajax <strong>y se conecta a trav\u00e9s del protocolo de seguridad Jeweller al\u00a0hub<\/strong>. Tiene un rango de comunicaci\u00f3n de 1700 metros sin obst\u00e1culos \u00a0<\/span><\/p>\n<p><span style=\\\"color: #000000\\\">El detector <strong>se configura a trav\u00e9s de una\u00a0aplicaci\u00f3n m\u00f3vil <\/strong>para smartphones disponible para iOS y Android. <strong>Se notifica al usuario de todos los eventos<\/strong> a trav\u00e9s de notificaciones push, mensajes SMS y llamadas (si est\u00e1n activadas).<\/span><\/p>\n<p><span style=\\\"color: #000000\\\"><strong>Contacto magn\u00e9tico para puerta o ventana Door Protect<\/strong><\/span><\/p>\n<p><span style=\\\"color: #000000\\\"><strong>DoorProtect<\/strong>\u00a0es un detector inal\u00e1mbrico de apertura de puertas y ventanas dise\u00f1ado para <strong>uso en interiores<\/strong>. Est\u00e1 equipado con un rel\u00e9 reed de contacto seco que procesa m\u00e1s de 2 millones de aperturas. <strong>Tiene una entrada para conectar un detector externo.<\/strong><\/span><\/p>\n<p><span style=\\\"color: #000000\\\">El detector est\u00e1 equipado con dos imanes: uno peque\u00f1o y otro grande, con rangos de funcionamiento de 1 y 2 cm respectivamente.<\/span><\/p>\n<p><span style=\\\"color: #000000\\\"><strong>DoorProtect<\/strong> funciona como parte del sistema de seguridad <strong>Ajax <\/strong>y se conecta a trav\u00e9s del protocolo de seguridad <strong>Jeweller\u00a0<\/strong>al\u00a0<strong>hub<\/strong>. Rango de comunicaci\u00f3n: hasta 1200 metros sin obst\u00e1culos.<\/span><\/p>\n<p><span style=\\\"color: #000000\\\">El detector se configura a trav\u00e9s de una\u00a0<strong>aplicaci\u00f3n m\u00f3vil para smartphones disponible<\/strong>\u00a0para iOS y Android. <strong>Se notifica al usuario de todos los eventos<\/strong> a trav\u00e9s de notificaciones push, mensajes SMS y llamadas (si est\u00e1n activadas).<\/span><\/p>\n<p><span style=\\\"color: #000000\\\"><strong>Llavero de 4 botones Space Control<\/strong><\/span><\/p>\n<p><span style=\\\"color: #000000\\\"><strong>SpaceControl<\/strong>\u00a0es un control en miniatura con protecci\u00f3n contra clics accidentales. Permite poner el sistema de seguridad Ajax en <strong>modo armado, noche o desarmado, as\u00ed como activar la alarma (Panico)<\/strong>. Funciona como parte del sistema de seguridad Ajax, est\u00e1 conectado a un controlador de se\u00f1al (Ajax Hub) mediante el protocolo <strong>Jeweller<\/strong>.\u00a0<\/span><\/p>\n<p><span style=\\\"color: #000000\\\">El control <strong>se configura a trav\u00e9s de la aplicaci\u00f3n m\u00f3vil <\/strong>disponible para iOS y Android para smartphones<\/span><\/p>\n<p><span style=\\\"color: #000000\\\"><strong>Sirena para interior inalambrica Home Siren<\/strong><\/span><\/p>\n<p><span style=\\\"color: #000000\\\"><strong>HomeSiren<\/strong>\u00a0es una sirena inal\u00e1mbrica de interiores con\u00a0capacidad\u00a0de hasta <strong>105 dB<\/strong>. Utilizado en <strong>espacios interiores<\/strong>. Se puede instalar y configurar r\u00e1pidamente, est\u00e1 equipada con LED brillantes (tambi\u00e9n permite conectar un LED externo) Funciona como parte del sistema de seguridad <strong>AJAX<\/strong> y se conecta a trav\u00e9s del protocolo de seguridad <strong>Jeweller\u00a0<\/strong>al\u00a0<strong>hub<\/strong>. Tiene un rango de comunicaci\u00f3n de 2000 metros sin obst\u00e1culos.<\/span><\/p>\n<p><span style=\\\"color: #000000\\\">La sirena se configura a trav\u00e9s de una\u00a0<strong>aplicaci\u00f3n m\u00f3vil para smartphones<\/strong> disponible para iOS y Android. <strong>Se notifica al usuario de todos los eventos<\/strong> a trav\u00e9s de notificaciones push, mensajes SMS y llamadas (si est\u00e1n activadas).<\/span><\/p>\n","protected":false},"excerpt":{"rendered":"<p>RES-2-1-SI-LL AJAX KIT RESIDENCIAL Panel de alarma control mediante aplicaci\u00f3n para smartphone, 1 sensor de movimiento, 2 detectores para puerta o ventana, 1 control remoto y una sirena interior inalambrica Descripci\u00f3n Kit inal\u00e1mbrico ideal para residencias, incluye panel de control Hub 2 plus, un sensor de movimiento MotionProtect, dos detectores de puerta o ventana DoorProtect, [&hellip;]<\/p>\n","protected":false},"featured_media":11784,"template":"","meta":{"_acf_changed":false},"product_brand":[],"product_cat":[101,102],"product_tag":[],"berocket_brand":[],"class_list":{"0":"post-11783","1":"product","2":"type-product","3":"status-publish","4":"has-post-thumbnail","6":"product_cat-alarmas-y-hogar-inteligente-iot","7":"product_cat-kit","9":"first","10":"instock","11":"taxable","12":"shipping-taxable","13":"purchasable","14":"product-type-simple","15":"berocket_lgv_grid","16":"berocket_lgv_list_grid"},"acf":[],"aioseo_notices":[],"_links":{"self":[{"href":"https:\/\/todoenseguridad.com\/site\/wp-json\/wp\/v2\/product\/11783","targetHints":{"allow":["GET"]}}],"collection":[{"href":"https:\/\/todoenseguridad.com\/site\/wp-json\/wp\/v2\/product"}],"about":[{"href":"https:\/\/todoenseguridad.com\/site\/wp-json\/wp\/v2\/types\/product"}],"wp:featuredmedia":[{"embeddable":true,"href":"https:\/\/todoenseguridad.com\/site\/wp-json\/wp\/v2\/media\/11784"}],"wp:attachment":[{"href":"https:\/\/todoenseguridad.com\/site\/wp-json\/wp\/v2\/media?parent=11783"}],"wp:term":[{"taxonomy":"product_brand","embeddable":true,"href":"https:\/\/todoenseguridad.com\/site\/wp-json\/wp\/v2\/product_brand?post=11783"},{"taxonomy":"product_cat","embeddable":true,"href":"https:\/\/todoenseguridad.com\/site\/wp-json\/wp\/v2\/product_cat?post=11783"},{"taxonomy":"product_tag","embeddable":true,"href":"https:\/\/todoenseguridad.com\/site\/wp-json\/wp\/v2\/product_tag?post=11783"},{"taxonomy":"berocket_brand","embeddable":true,"href":"https:\/\/todoenseguridad.com\/site\/wp-json\/wp\/v2\/berocket_brand?post=11783"}],"curies":[{"name":"wp","href":"https:\/\/api.w.org\/{rel}","templated":true}]}}