{"id":11780,"date":"2022-06-15T14:48:52","date_gmt":"2022-06-15T19:48:52","guid":{"rendered":"https:\/\/todoenseguridad.com\/site\/?post_type=product&#038;p=11780"},"modified":"2026-03-30T16:30:55","modified_gmt":"2026-03-30T21:30:55","slug":"rg-es205gc-p-ruijie-switch-administrable-poe-con-5-puertos-gigabit-4-poe-802-3af-at-gestion-gratuita-desde-la-nube-54w","status":"publish","type":"product","link":"https:\/\/todoenseguridad.com\/site\/producto\/rg-es205gc-p-ruijie-switch-administrable-poe-con-5-puertos-gigabit-4-poe-802-3af-at-gestion-gratuita-desde-la-nube-54w\/","title":{"rendered":"RG-ES205GC-P RUIJIE Switch Administrable PoE con 5 puertos Gigabit, 4 PoE 802.3af\/at, gesti\u00f3n gratuita desde la nube, 54w"},"content":{"rendered":"<h2 id=\\\"product_title_203990\\\" class=\\\"no_margin_top titulo_vista_producto\\\"><span style=\\\"color: #0000ff\\\"><span class=\\\"modelo-marca\\\">RG-ES205GC-P<\/span> RUIJIE Switch Administrable PoE con 5 puertos Gigabit, 4 PoE 802.3af\/at, gesti\u00f3n gratuita desde la nube, 54w<\/span><\/h2>\n<div class=\\\"col-sm-4\\\">\n<div>\n<p><span style=\\\"color: #000000\\\"><strong>Caracter\u00edsticas principales:<\/strong><\/span><\/p>\n<ul>\n<li><span style=\\\"color: #000000\\\">Administraci\u00f3n en la nube (Sin Costo)<\/span><\/li>\n<li><span style=\\\"color: #000000\\\">Garant\u00eda de 3 a\u00f1os<\/span><\/li>\n<li><span style=\\\"color: #000000\\\">Monitoreo y configuraci\u00f3n remota<\/span><\/li>\n<\/ul>\n<div class=\\\"col-sm-4\\\">\n<div>\n<p><span style=\\\"color: #000000\\\"><strong>Contenido del Paquete:<\/strong><\/span><\/p>\n<ul>\n<li><span style=\\\"color: #000000\\\">1pz Router RG-ES205GC-P<\/span><\/li>\n<li><span style=\\\"color: #000000\\\">Guia rapida de instalacion<\/span><\/li>\n<li><span style=\\\"color: #000000\\\">Fuente de de poder 54v<\/span><\/li>\n<\/ul>\n<\/div>\n<\/div>\n<\/div>\n<\/div>\n","protected":false},"excerpt":{"rendered":"<p>RG-ES205GC-P RUIJIE Switch Administrable PoE con 5 puertos Gigabit, 4 PoE 802.3af\/at, gesti\u00f3n gratuita desde la nube, 54w Caracter\u00edsticas principales: Administraci\u00f3n en la nube (Sin Costo) Garant\u00eda de 3 a\u00f1os Monitoreo y configuraci\u00f3n remota Contenido del Paquete: 1pz Router RG-ES205GC-P Guia rapida de instalacion Fuente de de poder 54v<\/p>\n","protected":false},"featured_media":11781,"template":"","meta":{"_acf_changed":false},"product_brand":[],"product_cat":[220,70],"product_tag":[],"berocket_brand":[],"class_list":{"0":"post-11780","1":"product","2":"type-product","3":"status-publish","4":"has-post-thumbnail","6":"product_cat-redes-de-datos","7":"product_cat-switch","9":"first","10":"instock","11":"taxable","12":"shipping-taxable","13":"purchasable","14":"product-type-simple","15":"berocket_lgv_grid","16":"berocket_lgv_list_grid"},"acf":[],"aioseo_notices":[],"_links":{"self":[{"href":"https:\/\/todoenseguridad.com\/site\/wp-json\/wp\/v2\/product\/11780","targetHints":{"allow":["GET"]}}],"collection":[{"href":"https:\/\/todoenseguridad.com\/site\/wp-json\/wp\/v2\/product"}],"about":[{"href":"https:\/\/todoenseguridad.com\/site\/wp-json\/wp\/v2\/types\/product"}],"wp:featuredmedia":[{"embeddable":true,"href":"https:\/\/todoenseguridad.com\/site\/wp-json\/wp\/v2\/media\/11781"}],"wp:attachment":[{"href":"https:\/\/todoenseguridad.com\/site\/wp-json\/wp\/v2\/media?parent=11780"}],"wp:term":[{"taxonomy":"product_brand","embeddable":true,"href":"https:\/\/todoenseguridad.com\/site\/wp-json\/wp\/v2\/product_brand?post=11780"},{"taxonomy":"product_cat","embeddable":true,"href":"https:\/\/todoenseguridad.com\/site\/wp-json\/wp\/v2\/product_cat?post=11780"},{"taxonomy":"product_tag","embeddable":true,"href":"https:\/\/todoenseguridad.com\/site\/wp-json\/wp\/v2\/product_tag?post=11780"},{"taxonomy":"berocket_brand","embeddable":true,"href":"https:\/\/todoenseguridad.com\/site\/wp-json\/wp\/v2\/berocket_brand?post=11780"}],"curies":[{"name":"wp","href":"https:\/\/api.w.org\/{rel}","templated":true}]}}