{"id":11774,"date":"2022-06-15T14:31:18","date_gmt":"2022-06-15T19:31:18","guid":{"rendered":"https:\/\/todoenseguridad.com\/site\/?post_type=product&#038;p=11774"},"modified":"2026-03-23T16:31:04","modified_gmt":"2026-03-23T21:31:04","slug":"rg-eg210g-e-ruijie-router-administrable-cloud-10-puertos-gigabit-soporta-4-wan-configurable-hasta-200-clientes-con-desempeno-de-1gbps-asimetricos","status":"publish","type":"product","link":"https:\/\/todoenseguridad.com\/site\/producto\/rg-eg210g-e-ruijie-router-administrable-cloud-10-puertos-gigabit-soporta-4-wan-configurable-hasta-200-clientes-con-desempeno-de-1gbps-asimetricos\/","title":{"rendered":"RG-EG210G-E RUIJIE Router administrable cloud 10 puertos gigabit, soporta 4 WAN configurable, hasta 200 clientes con desempe\u00f1o de 1Gbps asim\u00e9tricos"},"content":{"rendered":"<h2 id=\\\"product_title_203997\\\" class=\\\"no_margin_top titulo_vista_producto\\\"><span style=\\\"color: #0000ff\\\">\u00a0<span class=\\\"modelo-marca\\\">RG-EG210G-E<\/span> RUIJIE Router administrable cloud 10 puertos gigabit, soporta 4 WAN configurable, hasta 200 clientes con desempe\u00f1o de 1Gbps asim\u00e9tricos<\/span><\/h2>\n<div class=\\\"col-sm-4\\\">\n<div>\n<p><span style=\\\"color: #000000\\\"><strong>Caracter\u00edsticas principales:<\/strong><\/span><\/p>\n<ul>\n<li><span style=\\\"color: #000000\\\">Administraci\u00f3n en la nube (Sin Costo)<\/span><\/li>\n<li><span style=\\\"color: #000000\\\">Garant\u00eda de 3 a\u00f1os<\/span><\/li>\n<li><span style=\\\"color: #000000\\\">Monitoreo y configuraci\u00f3n remota<\/span><\/li>\n<li><span style=\\\"color: #000000\\\">Tipo: Router Administrable<\/span><\/li>\n<li><span style=\\\"color: #000000\\\">Administracion: Cloud, Interfaz grafica, CLI, SSH, Telnet<\/span><\/li>\n<li><span style=\\\"color: #000000\\\">Capacidad: 1`000 Mbps asimetricos<\/span><\/li>\n<li><span style=\\\"color: #000000\\\">Usuarios concurrentes: Hasta 200<\/span><\/li>\n<li><span style=\\\"color: #000000\\\">Memoria Ram: 256 MB<\/span><\/li>\n<li><span style=\\\"color: #000000\\\">Montaje: Escritorio o en Rack<\/span><\/li>\n<\/ul>\n<div class=\\\"col-sm-4\\\">\n<div>\n<p><span style=\\\"color: #000000\\\"><strong>Contenido del Paquete:<\/strong><\/span><\/p>\n<ul>\n<li><span style=\\\"color: #000000\\\">1pz Router RGEG210GE<\/span><\/li>\n<li><span style=\\\"color: #000000\\\">Guia rapida de instalacion<\/span><\/li>\n<li><span style=\\\"color: #000000\\\">Cable de energia AC<\/span><\/li>\n<li><span style=\\\"color: #000000\\\">Tornilleria y montaje para rack<\/span><\/li>\n<\/ul>\n<div class=\\\"col-sm-4\\\">\n<div>\n<p><span style=\\\"color: #000000\\\"><strong>Caracteristicas Generales:<\/strong><\/span><\/p>\n<ul>\n<li><span style=\\\"color: #000000\\\">Consumo de energia: 15 watts<\/span><\/li>\n<li><span style=\\\"color: #000000\\\">Alimentacion: 110 &#8211; 220 v<\/span><\/li>\n<li><span style=\\\"color: #000000\\\">Temperatura de operacion: 0 a 40\u00b0 C<\/span><\/li>\n<li><span style=\\\"color: #000000\\\">Peso: 2.35 kg<\/span><\/li>\n<\/ul>\n<\/div>\n<\/div>\n<\/div>\n<\/div>\n<\/div>\n<\/div>\n","protected":false},"excerpt":{"rendered":"<p>\u00a0RG-EG210G-E RUIJIE Router administrable cloud 10 puertos gigabit, soporta 4 WAN configurable, hasta 200 clientes con desempe\u00f1o de 1Gbps asim\u00e9tricos Caracter\u00edsticas principales: Administraci\u00f3n en la nube (Sin Costo) Garant\u00eda de 3 a\u00f1os Monitoreo y configuraci\u00f3n remota Tipo: Router Administrable Administracion: Cloud, Interfaz grafica, CLI, SSH, Telnet Capacidad: 1`000 Mbps asimetricos Usuarios concurrentes: Hasta 200 Memoria [&hellip;]<\/p>\n","protected":false},"featured_media":11776,"template":"","meta":{"_acf_changed":false},"product_brand":[],"product_cat":[220,222,70],"product_tag":[],"berocket_brand":[],"class_list":{"0":"post-11774","1":"product","2":"type-product","3":"status-publish","4":"has-post-thumbnail","6":"product_cat-redes-de-datos","7":"product_cat-ruteadores-de-datos","8":"product_cat-switch","10":"first","11":"instock","12":"taxable","13":"shipping-taxable","14":"purchasable","15":"product-type-simple","16":"berocket_lgv_grid","17":"berocket_lgv_list_grid"},"acf":[],"aioseo_notices":[],"_links":{"self":[{"href":"https:\/\/todoenseguridad.com\/site\/wp-json\/wp\/v2\/product\/11774","targetHints":{"allow":["GET"]}}],"collection":[{"href":"https:\/\/todoenseguridad.com\/site\/wp-json\/wp\/v2\/product"}],"about":[{"href":"https:\/\/todoenseguridad.com\/site\/wp-json\/wp\/v2\/types\/product"}],"wp:featuredmedia":[{"embeddable":true,"href":"https:\/\/todoenseguridad.com\/site\/wp-json\/wp\/v2\/media\/11776"}],"wp:attachment":[{"href":"https:\/\/todoenseguridad.com\/site\/wp-json\/wp\/v2\/media?parent=11774"}],"wp:term":[{"taxonomy":"product_brand","embeddable":true,"href":"https:\/\/todoenseguridad.com\/site\/wp-json\/wp\/v2\/product_brand?post=11774"},{"taxonomy":"product_cat","embeddable":true,"href":"https:\/\/todoenseguridad.com\/site\/wp-json\/wp\/v2\/product_cat?post=11774"},{"taxonomy":"product_tag","embeddable":true,"href":"https:\/\/todoenseguridad.com\/site\/wp-json\/wp\/v2\/product_tag?post=11774"},{"taxonomy":"berocket_brand","embeddable":true,"href":"https:\/\/todoenseguridad.com\/site\/wp-json\/wp\/v2\/berocket_brand?post=11774"}],"curies":[{"name":"wp","href":"https:\/\/api.w.org\/{rel}","templated":true}]}}