{"id":11763,"date":"2022-06-15T11:42:52","date_gmt":"2022-06-15T16:42:52","guid":{"rendered":"https:\/\/todoenseguridad.com\/site\/?post_type=product&#038;p=11763"},"modified":"2026-03-30T16:32:35","modified_gmt":"2026-03-30T21:32:35","slug":"tl-wr845n-tp-link-router-inalambrico-wisp-2-4-ghz-300-mbps-3-antenas-externas-omnidireccional-5-dbi-4-puertos-lan-10-100-mbps","status":"publish","type":"product","link":"https:\/\/todoenseguridad.com\/site\/producto\/tl-wr845n-tp-link-router-inalambrico-wisp-2-4-ghz-300-mbps-3-antenas-externas-omnidireccional-5-dbi-4-puertos-lan-10-100-mbps\/","title":{"rendered":"TL-WR845N TP-LINK Router Inal\u00e1mbrico WISP\/ 2.4 GHz\/ 300 Mbps\/ 3 antenas externas omnidireccional 5 dBi\/ 4 Puertos LAN 10\/100 Mbps"},"content":{"rendered":"<h2 id=\"product_title_163760\" class=\"no_margin_top titulo_vista_producto\"><span style=\"color: #0000ff;\"><span class=\"modelo-marca\">TL-WR845N<\/span> TP-LINK Router Inal\u00e1mbrico WISP, 2.4 GHz, 300 Mbps, 3 antenas externas omnidireccional 5 dBi, 4 Puertos LAN 10\/100 Mbps, 1 Puerto WAN 10\/100 Mbps, IPTV, IPV6<\/span><\/h2>\n<p><strong><span style=\"color: #000000;\">Router inal\u00e1mbrico N 300Mbps<\/span><\/strong><\/p>\n<ul>\n<li><span style=\"color: #000000;\">Velocidad inal\u00e1mbrica de 300Mbps ideal para aplicaciones sensibles a la interrupci\u00f3n como transmisi\u00f3n de video HD<\/span><\/li>\n<li><span style=\"color: #000000;\">Tres antenas aumentan\u00a0la robustez y la estabilidad inal\u00e1mbricas.<\/span><\/li>\n<li><span style=\"color: #000000;\">F\u00e1cil encriptaci\u00f3n de seguridad inal\u00e1mbrica con solo presionar el bot\u00f3n WPS<\/span><\/li>\n<li><span style=\"color: #000000;\">El control de ancho de banda basado en IP permite a los administradores determinar cuanto ancho de banda se asigna a cada PC<\/span><\/li>\n<li><span style=\"color: #000000;\">Compatible con IPv6, la versi\u00f3n m\u00e1s reciente del protocolo de Internet<\/span><\/li>\n<li><span style=\"color: #000000;\">La aplicaci\u00f3n TP-LINK Tether permite una instalaci\u00f3n r\u00e1pida y una gesti\u00f3n sencilla desde cualquier dispositivo m\u00f3vil<\/span><\/li>\n<\/ul>\n<div class=\"col-sm-4\">\n<div>\n<p><span style=\"color: #000000;\"><strong>Caracter\u00edsticas principales:<\/strong><\/span><\/p>\n<ul>\n<li><span style=\"color: #000000;\">Modos de operacion: Router, AP, Extensor de rango y WISP.<\/span><\/li>\n<li><span style=\"color: #000000;\" data-sheets-userformat=\"{\" data-sheets-value=\"{\">Seguridad: 64\/128\/152-bit WEP \/ WPA \/ WPA2,WPA-PSK \/ WPA2-PSK.<\/span><\/li>\n<li><span style=\"color: #000000;\">4 Puertos LAN 10\/100.<\/span><\/li>\n<li><span style=\"color: #000000;\">1 Puerto WAN 10\/100.<\/span><\/li>\n<li><span style=\"color: #000000;\">3 Antenas Onmidireccionales de 5dBi.<\/span><\/li>\n<li><span style=\"color: #000000;\">Frecuencia 2.4GHz.<\/span><\/li>\n<li><span style=\"color: #000000;\">Velocidad de 300Mbps (802.11n).<\/span><\/li>\n<li><span style=\"color: #000000;\">Tipo de WAN: Dynamic IP\/Static IP\/PPPoE\/PPTP\/L2TP\/BigPond.<\/span><\/li>\n<li><span style=\"color: #000000;\">VPN Pass-Through:\u00a0PPTP, L2TP, IPSec (ESP Head).<\/span><\/li>\n<\/ul>\n<p><span style=\"color: #000000;\"><strong>Caracter\u00edsticas F\u00edsicas y El\u00e9ctricas:<\/strong><\/span><\/p>\n<ul>\n<li><span style=\"color: #000000;\">Alimentacion 9V y 0.6A (<strong>fuente incluida<\/strong>).<\/span><\/li>\n<li><span style=\"color: #000000;\">3 antenas de 5dBi.<\/span><\/li>\n<li><span style=\"color: #000000;\">Dimensiones: 9.1 x 5.7 x 1.4 in.(230 x 144 x 35 mm)<\/span><\/li>\n<li><span style=\"color: #000000;\">Material: plastico.<\/span><\/li>\n<li><span style=\"color: #000000;\">Temperatura de operaci\u00f3n: 0\u00ba ~ 40\u00ba C<\/span><\/li>\n<\/ul>\n<div class=\"col-sm-4\">\n<div>\n<p><span style=\"color: #000000;\"><strong>Contenido:<\/strong><\/span><\/p>\n<ul>\n<li><span style=\"color: #000000;\">Router TL-WR845N.<\/span><\/li>\n<li><span style=\"color: #000000;\">Fuente.<\/span><\/li>\n<li><span style=\"color: #000000;\">Cable Ethernet.<\/span><\/li>\n<li><span style=\"color: #000000;\">Guia de instalacion r\u00e1pida.<\/span><\/li>\n<\/ul>\n<\/div>\n<\/div>\n<p>&nbsp;<\/p>\n<\/div>\n<\/div>\n","protected":false},"excerpt":{"rendered":"<p>TL-WR845N TP-LINK Router Inal\u00e1mbrico WISP, 2.4 GHz, 300 Mbps, 3 antenas externas omnidireccional 5 dBi, 4 Puertos LAN 10\/100 Mbps, 1 Puerto WAN 10\/100 Mbps, IPTV, IPV6 Router inal\u00e1mbrico N 300Mbps Velocidad inal\u00e1mbrica de 300Mbps ideal para aplicaciones sensibles a la interrupci\u00f3n como transmisi\u00f3n de video HD Tres antenas aumentan\u00a0la robustez y la estabilidad inal\u00e1mbricas. [&hellip;]<\/p>\n","protected":false},"featured_media":11764,"template":"","meta":{"_acf_changed":false},"product_brand":[],"product_cat":[220,222],"product_tag":[],"berocket_brand":[],"class_list":{"0":"post-11763","1":"product","2":"type-product","3":"status-publish","4":"has-post-thumbnail","6":"product_cat-redes-de-datos","7":"product_cat-ruteadores-de-datos","9":"first","10":"instock","11":"taxable","12":"shipping-taxable","13":"purchasable","14":"product-type-simple","15":"berocket_lgv_grid","16":"berocket_lgv_list_grid"},"acf":[],"aioseo_notices":[],"_links":{"self":[{"href":"https:\/\/todoenseguridad.com\/site\/wp-json\/wp\/v2\/product\/11763","targetHints":{"allow":["GET"]}}],"collection":[{"href":"https:\/\/todoenseguridad.com\/site\/wp-json\/wp\/v2\/product"}],"about":[{"href":"https:\/\/todoenseguridad.com\/site\/wp-json\/wp\/v2\/types\/product"}],"wp:featuredmedia":[{"embeddable":true,"href":"https:\/\/todoenseguridad.com\/site\/wp-json\/wp\/v2\/media\/11764"}],"wp:attachment":[{"href":"https:\/\/todoenseguridad.com\/site\/wp-json\/wp\/v2\/media?parent=11763"}],"wp:term":[{"taxonomy":"product_brand","embeddable":true,"href":"https:\/\/todoenseguridad.com\/site\/wp-json\/wp\/v2\/product_brand?post=11763"},{"taxonomy":"product_cat","embeddable":true,"href":"https:\/\/todoenseguridad.com\/site\/wp-json\/wp\/v2\/product_cat?post=11763"},{"taxonomy":"product_tag","embeddable":true,"href":"https:\/\/todoenseguridad.com\/site\/wp-json\/wp\/v2\/product_tag?post=11763"},{"taxonomy":"berocket_brand","embeddable":true,"href":"https:\/\/todoenseguridad.com\/site\/wp-json\/wp\/v2\/berocket_brand?post=11763"}],"curies":[{"name":"wp","href":"https:\/\/api.w.org\/{rel}","templated":true}]}}