{"id":11750,"date":"2022-06-15T10:56:51","date_gmt":"2022-06-15T15:56:51","guid":{"rendered":"https:\/\/todoenseguridad.com\/site\/?post_type=product&#038;p=11750"},"modified":"2026-03-23T16:36:23","modified_gmt":"2026-03-23T21:36:23","slug":"gwn7660-grandstream-punto-de-acceso-wi-fi-6-802-11-ax-1-77-gbps-mu-mimo-2x22-con-administracion-desde-la-nube-gratuita-o-stand-alone","status":"publish","type":"product","link":"https:\/\/todoenseguridad.com\/site\/producto\/gwn7660-grandstream-punto-de-acceso-wi-fi-6-802-11-ax-1-77-gbps-mu-mimo-2x22-con-administracion-desde-la-nube-gratuita-o-stand-alone\/","title":{"rendered":"GWN7660 GRANDSTREAM Punto de acceso Wi-Fi 6 802.11 ax 1.77 Gbps, MU-MIMO 2&#215;2:2 con administraci\u00f3n desde la nube gratuita o stand-alone"},"content":{"rendered":"<h2 id=\\\"product_title_199622\\\" class=\\\"no_margin_top titulo_vista_producto\\\"><span style=\\\"color: #0000ff\\\"><span class=\\\"modelo-marca\\\">GWN7660<\/span> GRANDSTREAM Punto de acceso Wi-Fi 6 802.11 ax 1.77 Gbps, MU-MIMO 2&#215;2:2 con administraci\u00f3n desde la nube gratuita o stand-alone<\/span><\/h2>\n<div class=\\\"row\\\">\n<div class=\\\"col-xs-12\\\">\n<div class=\\\"col-sm-12\\\">\n<p><span style=\\\"color: #000000\\\"><strong>Acerca del GWN7660<\/strong><\/span><\/p>\n<p><span style=\\\"color: #000000\\\">El GWN7660 es un punto de acceso Wi-Fi 6 802.11ax de calidad empresarial que permite a las empresas crear redes Wi-Fi de \u00faltima generaci\u00f3n para entornos de alta densidad. Ofrece tecnolog\u00eda MU-MIMO 2&#215;2:2 de doble banda con DL\/UL OFDMA y un sofisticado dise\u00f1o de antena para el m\u00e1ximo rendimiento de la red y mayor alcance de cobertura Wi-Fi. Para garantizar la facilidad de su instalaci\u00f3n y manejo, el GWN7660 utiliza un dise\u00f1o de gesti\u00f3n de redes distribuidas sin controladores en el cual el controlador est\u00e1 integrado dentro de la interfaz de usuario web del producto. El GWN7660 es compatible tambi\u00e9n con GWN.Cloud y GWN Manager, las plataformas de gesti\u00f3n WiFi en la nube y en sitio de Grandstream. Es el punto de acceso Wi-Fi ideal para implementaciones de voz sobre Wi-Fi y ofrece una conexi\u00f3n ininterrumpida con los tel\u00e9fonos IP con capacidad Wi-Fi de Grandstream. Con soporte para QoS avanzado, aplicaciones en tiempo real de baja latencia, redes mesh, portales cautivos, 256 clientes simult\u00e1neos por punto de acceso y dos puertos de red Gigabit con PoE\/PoE+, el GWN7660 es un punto de acceso Wi-Fi ideal para despliegues medianos de redes inal\u00e1mbricas con mediana a alta densidad de usuarios.<\/span><\/p>\n<\/div>\n<\/div>\n<div class=\\\"row\\\">\n<div class=\\\"col-sm-12\\\">\n<p><span style=\\\"color: #000000\\\"><strong>Caracter\u00edsticas Competitivas<\/strong><\/span><\/p>\n<ul>\n<li><span style=\\\"color: #000000\\\">Rendimiento inal\u00e1mbrico agregado de 1,77 Gbps y 2 puertos Gigabit Ethernet<\/span><\/li>\n<li><span style=\\\"color: #000000\\\">2&#215;2: 2 MUMIMO de doble banda con tecnolog\u00eda DL \/ UL OFDMA<\/span><\/li>\n<li><span style=\\\"color: #000000\\\">Alcance de cobertura de hasta 175 metros<\/span><\/li>\n<li><span style=\\\"color: #000000\\\">Admite 256 dispositivos cliente Wi-Fi simult\u00e1neos<\/span><\/li>\n<li><span style=\\\"color: #000000\\\">QoS avanzada para garantizar el rendimiento en tiempo real de las aplicaciones de baja latencia<\/span><\/li>\n<li><span style=\\\"color: #000000\\\">Arranque seguro anti-pirater\u00eda y bloqueo de control \/ datos cr\u00edticos a trav\u00e9s de firmas digitales, certificado de seguridad \u00fanico \/ contrase\u00f1a predeterminada aleatoria por dispositivo<\/span><\/li>\n<li><span style=\\\"color: #000000\\\">Adaptaci\u00f3n de autoalimentaci\u00f3n tras la detecci\u00f3n autom\u00e1tica de PoE o PoE +<\/span><\/li>\n<li><span style=\\\"color: #000000\\\">El controlador integrado puede administrar hasta 50 AP locales de la serie GWN; GWN.Cloud ofrece administraci\u00f3n de AP ilimitada; GWN Manager ofrece un controlador de software basado en las instalaciones<\/span><\/li>\n<\/ul>\n<\/div>\n<\/div>\n<\/div>\n","protected":false},"excerpt":{"rendered":"<p>GWN7660 GRANDSTREAM Punto de acceso Wi-Fi 6 802.11 ax 1.77 Gbps, MU-MIMO 2&#215;2:2 con administraci\u00f3n desde la nube gratuita o stand-alone Acerca del GWN7660 El GWN7660 es un punto de acceso Wi-Fi 6 802.11ax de calidad empresarial que permite a las empresas crear redes Wi-Fi de \u00faltima generaci\u00f3n para entornos de alta densidad. Ofrece tecnolog\u00eda [&hellip;]<\/p>\n","protected":false},"featured_media":11752,"template":"","meta":{"_acf_changed":false},"product_brand":[],"product_cat":[74,73,220],"product_tag":[],"berocket_brand":[],"class_list":{"0":"post-11750","1":"product","2":"type-product","3":"status-publish","4":"has-post-thumbnail","6":"product_cat-access-point-punto-de-accesso","7":"product_cat-interior","8":"product_cat-redes-de-datos","10":"first","11":"instock","12":"taxable","13":"shipping-taxable","14":"purchasable","15":"product-type-simple","16":"berocket_lgv_grid","17":"berocket_lgv_list_grid"},"acf":[],"aioseo_notices":[],"_links":{"self":[{"href":"https:\/\/todoenseguridad.com\/site\/wp-json\/wp\/v2\/product\/11750","targetHints":{"allow":["GET"]}}],"collection":[{"href":"https:\/\/todoenseguridad.com\/site\/wp-json\/wp\/v2\/product"}],"about":[{"href":"https:\/\/todoenseguridad.com\/site\/wp-json\/wp\/v2\/types\/product"}],"wp:featuredmedia":[{"embeddable":true,"href":"https:\/\/todoenseguridad.com\/site\/wp-json\/wp\/v2\/media\/11752"}],"wp:attachment":[{"href":"https:\/\/todoenseguridad.com\/site\/wp-json\/wp\/v2\/media?parent=11750"}],"wp:term":[{"taxonomy":"product_brand","embeddable":true,"href":"https:\/\/todoenseguridad.com\/site\/wp-json\/wp\/v2\/product_brand?post=11750"},{"taxonomy":"product_cat","embeddable":true,"href":"https:\/\/todoenseguridad.com\/site\/wp-json\/wp\/v2\/product_cat?post=11750"},{"taxonomy":"product_tag","embeddable":true,"href":"https:\/\/todoenseguridad.com\/site\/wp-json\/wp\/v2\/product_tag?post=11750"},{"taxonomy":"berocket_brand","embeddable":true,"href":"https:\/\/todoenseguridad.com\/site\/wp-json\/wp\/v2\/berocket_brand?post=11750"}],"curies":[{"name":"wp","href":"https:\/\/api.w.org\/{rel}","templated":true}]}}