{"id":11748,"date":"2022-06-15T10:47:19","date_gmt":"2022-06-15T15:47:19","guid":{"rendered":"https:\/\/todoenseguridad.com\/site\/?post_type=product&#038;p=11748"},"modified":"2026-03-23T16:36:57","modified_gmt":"2026-03-23T21:36:57","slug":"rg-ap180-ruijie-punto-de-acceso-wi-fi-6-para-interior-en-pared-hasta-1-7-gbps-doble-banda-mu-mimo-2x2","status":"publish","type":"product","link":"https:\/\/todoenseguridad.com\/site\/producto\/rg-ap180-ruijie-punto-de-acceso-wi-fi-6-para-interior-en-pared-hasta-1-7-gbps-doble-banda-mu-mimo-2x2\/","title":{"rendered":"RG-AP180 RUIJIE Punto de acceso Wi-Fi 6 para interior en pared hasta 1.7 Gbps doble banda MU-MIMO 2&#215;2"},"content":{"rendered":"<h2 id=\\\"product_title_203966\\\" class=\\\"no_margin_top titulo_vista_producto\\\"><span style=\\\"color: #0000ff\\\"><span class=\\\"modelo-marca\\\">RG-AP180<\/span> RUIJIE Punto de acceso Wi-Fi 6 para interior en pared hasta 1.7 Gbps doble banda MU-MIMO 2&#215;2<\/span><\/h2>\n<div class=\\\"col-sm-4\\\">\n<div>\n<p><span style=\\\"color: #000000\\\"><strong>Caracter\u00edsticas principales:<\/strong><\/span><\/p>\n<ul>\n<li><span style=\\\"color: #000000\\\">Administraci\u00f3n en la nube (Sin Costo)<\/span><\/li>\n<li><span style=\\\"color: #000000\\\">Garant\u00eda de 3 a\u00f1os<\/span><\/li>\n<li><span style=\\\"color: #000000\\\">Monitoreo y configuraci\u00f3n remota<\/span><\/li>\n<li><span style=\\\"color: #000000\\\">Tipo: Interior IP41 \/ Pared Omnidireccional<\/span><\/li>\n<li><span style=\\\"color: #000000\\\">Banda de Operacion: 2.4GHz (2&#215;2) \/ 5GHz (2&#215;2)<\/span><\/li>\n<li><span style=\\\"color: #000000\\\">Estandar 802.11: a \/ n \/ ac \/ ax<\/span><\/li>\n<li><span style=\\\"color: #000000\\\">Modos de operacion: AccessPoint<\/span><\/li>\n<li><span style=\\\"color: #000000\\\">Ancho de banda (2.4 \/ 5) GHz: 574 Mbps \/ 1.2 Gbps<\/span><\/li>\n<li><span style=\\\"color: #000000\\\">Potencia TX 2.4 GHz: 20 dBm (100mW)<\/span><\/li>\n<li><span style=\\\"color: #000000\\\">Potencia TX 5 GHz: 20 dBm (100mW)<\/span><\/li>\n<li><span style=\\\"color: #000000\\\">Ganancia Antenas (2.4 \/ 5) GHz: 3.5dBi \/ 3.5dBi<\/span><\/li>\n<\/ul>\n<div class=\\\"col-sm-4\\\">\n<div><span style=\\\"color: #000000\\\"><strong>Contenido del Paquete:<br \/>\n<\/strong><\/span><\/p>\n<ul>\n<li><span style=\\\"color: #000000\\\">1pz AccessPoint RGAP180<\/span><\/li>\n<li><span style=\\\"color: #000000\\\">Guia Rapida de Instalacion<\/span><\/li>\n<li><span style=\\\"color: #000000\\\">Tornilleria para montaje<\/span><\/li>\n<\/ul>\n<p><span style=\\\"color: #000000\\\"><strong>Accesorios sugeridos (No Incluidos) :<\/strong><\/span><\/p>\n<ul>\n<li><span style=\\\"color: #000000\\\">Inyector PoE 802.3af<\/span><\/li>\n<li><span style=\\\"color: #000000\\\">Montaje universal en pared RGAP180-MNT<\/span><\/li>\n<\/ul>\n<div class=\\\"col-sm-4\\\">\n<div>\n<p><span style=\\\"color: #000000\\\"><strong>Caracteristicas Generales:<\/strong><\/span><\/p>\n<ul>\n<li><span style=\\\"color: #000000\\\">Alimentacion por PoE: 802.3 af<\/span><\/li>\n<li><span style=\\\"color: #000000\\\">Alimentacion por DC: 12v &#8211; 1A<\/span><\/li>\n<li><span style=\\\"color: #000000\\\">Consumo energia: 10w<\/span><\/li>\n<li><span style=\\\"color: #000000\\\">Usuarios concurrentes: 1024<\/span><\/li>\n<li><span style=\\\"color: #000000\\\">SSID por radio: 8<\/span><\/li>\n<\/ul>\n<\/div>\n<\/div>\n<\/div>\n<\/div>\n<\/div>\n<\/div>\n","protected":false},"excerpt":{"rendered":"<p>RG-AP180 RUIJIE Punto de acceso Wi-Fi 6 para interior en pared hasta 1.7 Gbps doble banda MU-MIMO 2&#215;2 Caracter\u00edsticas principales: Administraci\u00f3n en la nube (Sin Costo) Garant\u00eda de 3 a\u00f1os Monitoreo y configuraci\u00f3n remota Tipo: Interior IP41 \/ Pared Omnidireccional Banda de Operacion: 2.4GHz (2&#215;2) \/ 5GHz (2&#215;2) Estandar 802.11: a \/ n \/ ac [&hellip;]<\/p>\n","protected":false},"featured_media":11749,"template":"","meta":{"_acf_changed":false},"product_brand":[],"product_cat":[74,73,220,72],"product_tag":[],"berocket_brand":[],"class_list":{"0":"post-11748","1":"product","2":"type-product","3":"status-publish","4":"has-post-thumbnail","6":"product_cat-access-point-punto-de-accesso","7":"product_cat-interior","8":"product_cat-redes-de-datos","9":"product_cat-redes-inalambricas","11":"first","12":"instock","13":"taxable","14":"shipping-taxable","15":"purchasable","16":"product-type-simple","17":"berocket_lgv_grid","18":"berocket_lgv_list_grid"},"acf":[],"aioseo_notices":[],"_links":{"self":[{"href":"https:\/\/todoenseguridad.com\/site\/wp-json\/wp\/v2\/product\/11748","targetHints":{"allow":["GET"]}}],"collection":[{"href":"https:\/\/todoenseguridad.com\/site\/wp-json\/wp\/v2\/product"}],"about":[{"href":"https:\/\/todoenseguridad.com\/site\/wp-json\/wp\/v2\/types\/product"}],"wp:featuredmedia":[{"embeddable":true,"href":"https:\/\/todoenseguridad.com\/site\/wp-json\/wp\/v2\/media\/11749"}],"wp:attachment":[{"href":"https:\/\/todoenseguridad.com\/site\/wp-json\/wp\/v2\/media?parent=11748"}],"wp:term":[{"taxonomy":"product_brand","embeddable":true,"href":"https:\/\/todoenseguridad.com\/site\/wp-json\/wp\/v2\/product_brand?post=11748"},{"taxonomy":"product_cat","embeddable":true,"href":"https:\/\/todoenseguridad.com\/site\/wp-json\/wp\/v2\/product_cat?post=11748"},{"taxonomy":"product_tag","embeddable":true,"href":"https:\/\/todoenseguridad.com\/site\/wp-json\/wp\/v2\/product_tag?post=11748"},{"taxonomy":"berocket_brand","embeddable":true,"href":"https:\/\/todoenseguridad.com\/site\/wp-json\/wp\/v2\/berocket_brand?post=11748"}],"curies":[{"name":"wp","href":"https:\/\/api.w.org\/{rel}","templated":true}]}}