{"id":11722,"date":"2022-06-14T14:22:26","date_gmt":"2022-06-14T19:22:26","guid":{"rendered":"https:\/\/todoenseguridad.com\/site\/?post_type=product&#038;p=11722"},"modified":"2026-03-30T16:35:21","modified_gmt":"2026-03-30T21:35:21","slug":"shellydimmer2-allterco-robotics-eood-mas-pequeno-del-mundo-dimmmer-wifi-cloud-inalambrico-residencial-inteligente","status":"publish","type":"product","link":"https:\/\/todoenseguridad.com\/site\/producto\/shellydimmer2-allterco-robotics-eood-mas-pequeno-del-mundo-dimmmer-wifi-cloud-inalambrico-residencial-inteligente\/","title":{"rendered":"SHELLYDIMMER2 ALLTERCO ROBOTICS EOOD (M\u00c1S PEQUE\u00d1O DEL MUNDO) DIMMMER WIFI CLOUD \/ Inal\u00e1mbrico residencial inteligente"},"content":{"rendered":"<h2 id=\\\"product_title_192924\\\" class=\\\"no_margin_top titulo_vista_producto\\\"><span style=\\\"color: #0000ff\\\"><span class=\\\"modelo-marca\\\">SHELLYDIMMER2<\/span> ALLTERCO ROBOTICS EOOD (M\u00c1S PEQUE\u00d1O DEL MUNDO) DIMMMER WIFI CLOUD \/ Inal\u00e1mbrico residencial inteligente \/ Protecci\u00f3n de sobre carga \/ 16A \/ Soporta Google \/ Alexa \/ Nube P2P y local \/<\/span><\/h2>\n<ul>\n<li><span style=\\\"color: #000000\\\"><strong>Previamente considerar un foco con las propiedades de Dimmer y atenuacion.\u00a0<\/strong><\/span><\/li>\n<li><span style=\\\"color: #000000\\\"><strong>Sin cable neutro es necesario una carga minima de 20W<\/strong><\/span><\/li>\n<\/ul>\n<p><strong><span style=\\\"color: #000000\\\">INAL\u00c1MBRICO<\/span><\/strong><\/p>\n<p><span style=\\\"color: #000000\\\">No requiere HUB: conecte Shelly Dimmer \/ SL directamente a su Wi-Fi en casa<\/span><\/p>\n<p><strong><span style=\\\"color: #000000\\\">CONTROL A DISTANCIA<\/span><\/strong><\/p>\n<p><span style=\\\"color: #000000\\\">Controla la iluminaci\u00f3n en casa, sin importar d\u00f3nde est\u00e9s. Ahora no dejar\u00e1 las luces encendidas y su hogar no le dar\u00e1 la bienvenida en la oscuridad<\/span><\/p>\n<p><strong><span style=\\\"color: #000000\\\">ALTAMENTE COMPATIBLE<\/span><\/strong><\/p>\n<p><span style=\\\"color: #000000\\\">Compatible con Android, iOS, Amazon Alexa y Google Assistant<\/span><\/p>\n<p><strong><span style=\\\"color: #000000\\\">SOPORTA 100-240 V ~ 50\/60 Hz<\/span><\/strong><\/p>\n<p><span style=\\\"color: #000000\\\">Con Shelly Dimmer \/ SL puede usar luces incandescentes y hal\u00f3genas: 10-220W, luces LED regulables: 50-200VA \/ 10W &#8211; 200W o cargas resistivas inductivas: transformadores ferromagn\u00e9ticos 50-150VA. Shelly Dimmer SL 200\u2013240V neutral no se requiere<\/span><\/p>\n<p><strong><span style=\\\"color: #000000\\\">FUNCI\u00d3N DE ENCENDIDO, APAGADO Y ATENUACI\u00d3N<\/span><\/strong><\/p>\n<p><span style=\\\"color: #000000\\\">Con Shelly Dimmer \/ SL puede encender \/ apagar o usar la funci\u00f3n de atenuaci\u00f3n de luces.<\/span><\/p>\n<p><strong><span style=\\\"color: #000000\\\">SUNRISE \/ SEDSET SHEDULES<\/span><\/strong><\/p>\n<p><span style=\\\"color: #000000\\\">Shelly Dimmer \/ SL seguir\u00e1 autom\u00e1ticamente el amanecer y el atardecer y puede controlar su iluminaci\u00f3n en consecuencia<\/span><\/p>\n<p><strong><span style=\\\"color: #000000\\\">HORARIOS SEMANALES<\/span><\/strong><\/p>\n<p><span style=\\\"color: #000000\\\">Elija una hora y configure su iluminaci\u00f3n oculta para encender \/ apagar o cambiar de color<\/span><\/p>\n<p><strong><span style=\\\"color: #000000\\\">PROTECCI\u00d3N DE SOBRECALENTAMIENTO<\/span><\/strong><\/p>\n<p><span style=\\\"color: #000000\\\">Sensor de temperatura interno para protecci\u00f3n contra sobrecalentamiento<\/span><\/p>\n<p><span style=\\\"color: #000000\\\"><strong>PARA DESARROLLADORES<\/strong><\/span><\/p>\n<p><span style=\\\"color: #000000\\\">Shelly Dimmer viene con un encabezado de programaci\u00f3n \/ depuraci\u00f3n que se puede utilizar para actualizar el firmware alternativo en el dispositivo. Tiene un ESP8266 en su interior, con un chip flash de 4MB. Se necesita un adaptador USB a UART, as\u00ed como un confiable 3.3V con al menos 350 mA de capacidad de accionamiento<\/span><\/p>\n<p><span style=\\\"color: #000000\\\"><strong>Compatibilidad<\/strong><\/span><\/p>\n<p><span style=\\\"color: #000000\\\">Shelly Dimmer es compatible con Alexa, Google Home, Android e iOS. Con los asistentes de voz, puedes darle \u00f3rdenes a Shelly con tu voz mientras est\u00e1s sentado en el sof\u00e1. Y tambi\u00e9n, puede administrar Shelly 2.5 a trav\u00e9s de su tel\u00e9fono m\u00f3vil mientras est\u00e1 en la tienda.<\/span><\/p>\n","protected":false},"excerpt":{"rendered":"<p>SHELLYDIMMER2 ALLTERCO ROBOTICS EOOD (M\u00c1S PEQUE\u00d1O DEL MUNDO) DIMMMER WIFI CLOUD \/ Inal\u00e1mbrico residencial inteligente \/ Protecci\u00f3n de sobre carga \/ 16A \/ Soporta Google \/ Alexa \/ Nube P2P y local \/ Previamente considerar un foco con las propiedades de Dimmer y atenuacion.\u00a0 Sin cable neutro es necesario una carga minima de 20W INAL\u00c1MBRICO [&hellip;]<\/p>\n","protected":false},"featured_media":11723,"template":"","meta":{"_acf_changed":false},"product_brand":[],"product_cat":[101,227],"product_tag":[],"berocket_brand":[],"class_list":{"0":"post-11722","1":"product","2":"type-product","3":"status-publish","4":"has-post-thumbnail","6":"product_cat-alarmas-y-hogar-inteligente-iot","7":"product_cat-casa-inteligente-iot","9":"first","10":"instock","11":"taxable","12":"shipping-taxable","13":"purchasable","14":"product-type-simple","15":"berocket_lgv_grid","16":"berocket_lgv_list_grid"},"acf":[],"aioseo_notices":[],"_links":{"self":[{"href":"https:\/\/todoenseguridad.com\/site\/wp-json\/wp\/v2\/product\/11722","targetHints":{"allow":["GET"]}}],"collection":[{"href":"https:\/\/todoenseguridad.com\/site\/wp-json\/wp\/v2\/product"}],"about":[{"href":"https:\/\/todoenseguridad.com\/site\/wp-json\/wp\/v2\/types\/product"}],"wp:featuredmedia":[{"embeddable":true,"href":"https:\/\/todoenseguridad.com\/site\/wp-json\/wp\/v2\/media\/11723"}],"wp:attachment":[{"href":"https:\/\/todoenseguridad.com\/site\/wp-json\/wp\/v2\/media?parent=11722"}],"wp:term":[{"taxonomy":"product_brand","embeddable":true,"href":"https:\/\/todoenseguridad.com\/site\/wp-json\/wp\/v2\/product_brand?post=11722"},{"taxonomy":"product_cat","embeddable":true,"href":"https:\/\/todoenseguridad.com\/site\/wp-json\/wp\/v2\/product_cat?post=11722"},{"taxonomy":"product_tag","embeddable":true,"href":"https:\/\/todoenseguridad.com\/site\/wp-json\/wp\/v2\/product_tag?post=11722"},{"taxonomy":"berocket_brand","embeddable":true,"href":"https:\/\/todoenseguridad.com\/site\/wp-json\/wp\/v2\/berocket_brand?post=11722"}],"curies":[{"name":"wp","href":"https:\/\/api.w.org\/{rel}","templated":true}]}}