{"id":11703,"date":"2022-06-10T15:11:12","date_gmt":"2022-06-10T20:11:12","guid":{"rendered":"https:\/\/todoenseguridad.com\/site\/?post_type=product&#038;p=11703"},"modified":"2024-10-22T11:16:46","modified_gmt":"2024-10-22T16:16:46","slug":"kit3bdm600lv127-epcom-kit-solar-para-interconexion-de-1-65-kw-de-potencia-110-vca-con-micro-inversores-y-paneles-policristalinos","status":"publish","type":"product","link":"https:\/\/todoenseguridad.com\/site\/producto\/kit3bdm600lv127-epcom-kit-solar-para-interconexion-de-1-65-kw-de-potencia-110-vca-con-micro-inversores-y-paneles-policristalinos\/","title":{"rendered":"KIT3BDM600LV127 EPCOM Kit Solar para Interconexi\u00f3n de 1.65 KW de Potencia, 110 Vca con Micro Inversores y Paneles Policristalinos"},"content":{"rendered":"<h2 id=\"product_title_189308\" class=\"no_margin_top titulo_vista_producto\"><span style=\"color: #0000ff;\"><span class=\"modelo-marca\">KIT3BDM600LV127<\/span> EPCOM Kit Solar para Interconexi\u00f3n de 1.65 KW de Potencia, 110 Vca con Micro Inversores y Paneles Policristalinos<\/span><\/h2>\n<p><span style=\"color: #000000;\"><strong>Ahorre hasta $ 2707.155 pesos al bimestre en una tarifa DAC, este Kit <\/strong><strong>Produce 495 Kwh en promedio al bimestre.<\/strong><\/span><\/p>\n<p><span style=\"color: #000000;\">-Considerando un promedio anual de 5 horas solares pico<\/span><\/p>\n<p><span style=\"color: #000000;\">-Considerando utilizar una distancia menor de 20 metros del sistema al centro de carga con cable calibre 8 AWG<\/span><\/p>\n<p><span style=\"color: #000000;\">-Considerando el costo del KW tarifa DAC Zona Centro en Enero<\/span><\/p>\n<p><span style=\"color: #000000;\">El sistema de Interconexi\u00f3n.<\/span><\/p>\n<ul>\n<li><span style=\"color: #000000;\">Es un sistema pr\u00e1ctico, para aplicaciones residenciales y comerciales en 110 Vca.\u00a0<\/span><\/li>\n<li><span style=\"color: #000000;\">Este sistema nos permite crecer el sistema de manera gradual.<\/span><\/li>\n<li><span style=\"color: #000000;\">Se recomienda la instalaci\u00f3n para bajar el consumo de su recibo de luz.<\/span><\/li>\n<li><span style=\"color: #000000;\">Revise la Ley del aprovechamiento de la energ\u00edas renovables y la transici\u00f3n energ\u00e9tica, incluida en el \u00e1rea de recursos del producto en la p\u00e1gina web de SYSCOM.<\/span><\/li>\n<li><span style=\"color: #000000;\"><strong>Garant\u00eda de 10 A\u00f1os contra defectos de f\u00e1brica.<\/strong><\/span><\/li>\n<\/ul>\n<h3><span style=\"color: #000000;\">Incluye lo siguiente:<\/span><\/h3>\n<p><span style=\"color: #000000;\">EIMS2502<\/span><\/p>\n<p><span style=\"color: #000000;\">BDM-600LV<\/span><\/p>\n<p><span style=\"color: #000000;\">EPL33024<\/span><\/p>\n<p><span style=\"color: #000000;\">BDMHCONECTOR<\/span><\/p>\n<p><span style=\"color: #000000;\">ENDCAP-BDM<\/span><\/p>\n<p>&nbsp;<\/p>\n<p><span style=\"color: #000000;\"><strong>NOTA:\u00a0<\/strong>El Gateway (BDG-256) no es incluido en el kit y se requiere para el monitoreo del sistema.<\/span><br \/>\n<span style=\"color: #000000;\">El\u00a0ENDCAP-BDM\u00a0se recomienda para protecci\u00f3n de los conectores finales de cada ramal.<\/span><\/p>\n<p><span style=\"color: #000000;\"><strong>Los microinversores NEP se encargan de convertir la corriente generada por los m\u00f3dulos solares (CD) en corriente alterna (CA) para entregarla a nuestro sistema de red el\u00e9ctrico.<\/strong><\/span><br \/>\n<span style=\"color: #000000;\"><strong>Con los sistemas de microinversores podemos contar con diversas ventajas:<\/strong><\/span><\/p>\n<ul>\n<li><span style=\"color: #000000;\">Bajo costo de inversi\u00f3n.<\/span><\/li>\n<li><span style=\"color: #000000;\">Los paneles son independientes, es decir, si falla un panel solar, no afecta a los dem\u00e1s.<\/span><\/li>\n<li><span style=\"color: #000000;\">Se pueden colocar arreglos de paneles distribuidos (para zonas reducidas o complicadas).<\/span><\/li>\n<li><span style=\"color: #000000;\">Monitoreo de rendimiento de manera remota.<\/span><\/li>\n<li><span style=\"color: #000000;\">El sistema puede crecer sin modificaciones, solo agregando m\u00e1s m\u00f3dulos.<\/span><\/li>\n<li><span style=\"color: #000000;\">El microinversor\u00a0BDM-600LV\u00a0soporta hasta 2 m\u00f3dulos de 360W.<\/span><\/li>\n<\/ul>\n<h3><span style=\"color: #000000;\">Los microinversores se montan\u00a0en la misma estructura de los paneles solares y las conexiones de cable son por medio de conectores propios, por lo que es una instalaci\u00f3n realmente sencilla.<\/span><\/h3>\n<div>\n<div id=\"especificaciones\">\n<p><span style=\"color: #000000;\">\u00a0<\/span><\/p>\n<ul>\n<li><span style=\"color: #000000;\">Alta eficiencia, excelente beneficio.<\/span><\/li>\n<li><span style=\"color: #000000;\">M\u00e1xima eficiencia de conversi\u00f3n de hasta un 95.5%.<\/span><\/li>\n<li><span style=\"color: #000000;\">Aproveche al m\u00e1ximo la potencia del sol con la tecnolog\u00eda MPPT<\/span><\/li>\n<\/ul>\n<\/div>\n<\/div>\n","protected":false},"excerpt":{"rendered":"<p>KIT3BDM600LV127 EPCOM Kit Solar para Interconexi\u00f3n de 1.65 KW de Potencia, 110 Vca con Micro Inversores y Paneles Policristalinos Ahorre hasta $ 2707.155 pesos al bimestre en una tarifa DAC, este Kit Produce 495 Kwh en promedio al bimestre. -Considerando un promedio anual de 5 horas solares pico -Considerando utilizar una distancia menor de 20 [&hellip;]<\/p>\n","protected":false},"featured_media":11704,"template":"","meta":{"_acf_changed":false},"product_brand":[],"product_cat":[119,120],"product_tag":[],"berocket_brand":[],"class_list":{"0":"post-11703","1":"product","2":"type-product","3":"status-publish","4":"has-post-thumbnail","6":"product_cat-energia-solar","7":"product_cat-kits-energia-solar","9":"first","10":"instock","11":"taxable","12":"shipping-taxable","13":"purchasable","14":"product-type-simple","15":"berocket_lgv_grid","16":"berocket_lgv_list_grid"},"acf":[],"aioseo_notices":[],"_links":{"self":[{"href":"https:\/\/todoenseguridad.com\/site\/wp-json\/wp\/v2\/product\/11703","targetHints":{"allow":["GET"]}}],"collection":[{"href":"https:\/\/todoenseguridad.com\/site\/wp-json\/wp\/v2\/product"}],"about":[{"href":"https:\/\/todoenseguridad.com\/site\/wp-json\/wp\/v2\/types\/product"}],"wp:featuredmedia":[{"embeddable":true,"href":"https:\/\/todoenseguridad.com\/site\/wp-json\/wp\/v2\/media\/11704"}],"wp:attachment":[{"href":"https:\/\/todoenseguridad.com\/site\/wp-json\/wp\/v2\/media?parent=11703"}],"wp:term":[{"taxonomy":"product_brand","embeddable":true,"href":"https:\/\/todoenseguridad.com\/site\/wp-json\/wp\/v2\/product_brand?post=11703"},{"taxonomy":"product_cat","embeddable":true,"href":"https:\/\/todoenseguridad.com\/site\/wp-json\/wp\/v2\/product_cat?post=11703"},{"taxonomy":"product_tag","embeddable":true,"href":"https:\/\/todoenseguridad.com\/site\/wp-json\/wp\/v2\/product_tag?post=11703"},{"taxonomy":"berocket_brand","embeddable":true,"href":"https:\/\/todoenseguridad.com\/site\/wp-json\/wp\/v2\/berocket_brand?post=11703"}],"curies":[{"name":"wp","href":"https:\/\/api.w.org\/{rel}","templated":true}]}}