{"id":11698,"date":"2022-06-10T14:37:01","date_gmt":"2022-06-10T19:37:01","guid":{"rendered":"https:\/\/todoenseguridad.com\/site\/?post_type=product&#038;p=11698"},"modified":"2024-10-22T11:17:54","modified_gmt":"2024-10-22T16:17:54","slug":"kitepcom5k450-syscom-kit-solar-para-interconexion-de-5-kw-de-potencia-220-vca-con-inversor-cadena-y-paneles-monocristalinos-de-450-w","status":"publish","type":"product","link":"https:\/\/todoenseguridad.com\/site\/producto\/kitepcom5k450-syscom-kit-solar-para-interconexion-de-5-kw-de-potencia-220-vca-con-inversor-cadena-y-paneles-monocristalinos-de-450-w\/","title":{"rendered":"KITEPCOM5K450 SYSCOM Kit Solar para Interconexi\u00f3n de 5 KW de Potencia, 220 Vca con Inversor Cadena y Paneles Monocristalinos de 450 W"},"content":{"rendered":"<h2 id=\"product_title_192950\" class=\"no_margin_top titulo_vista_producto\"><span style=\"color: #0000ff;\"><span class=\"modelo-marca\">KITEPCOM5K450<\/span> SYSCOM Kit Solar para Interconexi\u00f3n de 5 KW de Potencia, 220 Vca con Inversor Cadena y Paneles Monocristalinos de 450 W<\/span><\/h2>\n<p><span style=\"color: #000000;\"><strong>Ahorre hasta $ 8203.5 pesos al bimestre en una tarifa DAC, este Kit Produce 1500 Kwh en promedio al bimestre.<\/strong><\/span><\/p>\n<p><span style=\"color: #000000;\"><strong>Considerando: <\/strong><\/span><\/p>\n<ul>\n<li><span style=\"color: #000000;\">Promedio anual de 5 horas solares pico (por d\u00eda)<\/span><\/li>\n<li><span style=\"color: #000000;\">Una distancia menor de 20 metros del sistema al centro de carga con cable calibre 8 AWG<\/span><\/li>\n<li><span style=\"color: #000000;\">Costo del KW tarifa DAC Zona Centro en el mes de Enero<\/span><\/li>\n<\/ul>\n<p><span style=\"color: #000000;\"><strong>\u00bfQu\u00e9 es este Kit?<\/strong><\/span><\/p>\n<p><span style=\"color: #000000;\">Es un sistema robusto, para aplicaciones residenciales y comerciales en 220 Vca, con este sistema lograremos bajar el consumo de su recibo de luz.<\/span><\/p>\n<p><span style=\"color: #000000;\"><strong>\u00bfC\u00f3mo Funciona?<\/strong><\/span><\/p>\n<p><span style=\"color: #000000;\">Los sistemas de interconexi\u00f3n convierten, mediante un inversor, la energ\u00eda en corriente directa generada por los paneles solares en energ\u00eda en corriente alterna en total sincron\u00eda en voltaje y frecuencia tal y como lo entrega CFE.<\/span><\/p>\n<p><span style=\"color: #000000;\">La energ\u00eda generada es enviada a la vivienda para su consumo y el excedente se regresa a la red el\u00e9ctrica. De esta forma no solo bajamos nuestro consumo, sino que existe un retorno de energ\u00eda dando ahorros de hasta un 95% en el pago del recibo de electricidad.<\/span><\/p>\n<p>&nbsp;<\/p>\n<p><span style=\"color: #000000;\"><strong>El kit incluye lo siguiente:<\/strong><\/span><\/p>\n<ul>\n<li><span style=\"color: #000000;\">12x EPL450M144<\/span><\/li>\n<li><span style=\"color: #000000;\">1x EPIG5KV3<\/span><\/li>\n<li><span style=\"color: #000000;\">2x PL16ACD<\/span><\/li>\n<li><span style=\"color: #000000;\">1x PL32ACA<\/span><\/li>\n<li><span style=\"color: #000000;\">3x EPLAM011X4XL<\/span><\/li>\n<li><span style=\"color: #000000;\">2x PROSECA-01<\/span><\/li>\n<li><span style=\"color: #000000;\">12x EPL-ECG2-35R<\/span><\/li>\n<\/ul>\n<h4><span style=\"color: #000000;\"><strong>\u00bfPor que utilizar inversores Epcom?<\/strong><\/span><\/h4>\n<ul>\n<li><span style=\"color: #000000;\"><em>M\u00e1xima eficiencia de conversi\u00f3n de hasta un 97.6%.<\/em><\/span><\/li>\n<li><span style=\"color: #000000;\"><em>Ahorros de hasta un 95% en el pago de recibo de luz.<\/em><\/span><\/li>\n<li><span style=\"color: #000000;\"><em>Aproveche al m\u00e1ximo la potencia del sol con la tecnolog\u00eda MPPT.<\/em><\/span><\/li>\n<li><span style=\"color: #000000;\"><em>Amplio rango de Vcd de entrada.\u00a0<\/em><\/span><\/li>\n<li><span style=\"color: #000000;\"><em>F\u00e1cil configuraci\u00f3n para el dise\u00f1ador.<\/em><\/span><\/li>\n<li><span style=\"color: #000000;\"><em>No mezclar potencias de paneles en las cadenas.<\/em><\/span><\/li>\n<li><span style=\"color: #000000;\"><em>5 a\u00f1os de garant\u00eda contra defectos de f\u00e1brica.<\/em><\/span><\/li>\n<li><span style=\"color: #000000;\"><em>Utilice los protectores de picos SP50-240SP, para alargar la vida de su inversor.<\/em><\/span><\/li>\n<li><span style=\"color: #000000;\"><em>Excelente beneficio.<\/em><\/span><\/li>\n<\/ul>\n","protected":false},"excerpt":{"rendered":"<p>KITEPCOM5K450 SYSCOM Kit Solar para Interconexi\u00f3n de 5 KW de Potencia, 220 Vca con Inversor Cadena y Paneles Monocristalinos de 450 W Ahorre hasta $ 8203.5 pesos al bimestre en una tarifa DAC, este Kit Produce 1500 Kwh en promedio al bimestre. Considerando: Promedio anual de 5 horas solares pico (por d\u00eda) Una distancia menor [&hellip;]<\/p>\n","protected":false},"featured_media":11699,"template":"","meta":{"_acf_changed":false},"product_brand":[],"product_cat":[119,120],"product_tag":[],"berocket_brand":[],"class_list":{"0":"post-11698","1":"product","2":"type-product","3":"status-publish","4":"has-post-thumbnail","6":"product_cat-energia-solar","7":"product_cat-kits-energia-solar","9":"first","10":"instock","11":"taxable","12":"shipping-taxable","13":"purchasable","14":"product-type-simple","15":"berocket_lgv_grid","16":"berocket_lgv_list_grid"},"acf":[],"aioseo_notices":[],"_links":{"self":[{"href":"https:\/\/todoenseguridad.com\/site\/wp-json\/wp\/v2\/product\/11698","targetHints":{"allow":["GET"]}}],"collection":[{"href":"https:\/\/todoenseguridad.com\/site\/wp-json\/wp\/v2\/product"}],"about":[{"href":"https:\/\/todoenseguridad.com\/site\/wp-json\/wp\/v2\/types\/product"}],"wp:featuredmedia":[{"embeddable":true,"href":"https:\/\/todoenseguridad.com\/site\/wp-json\/wp\/v2\/media\/11699"}],"wp:attachment":[{"href":"https:\/\/todoenseguridad.com\/site\/wp-json\/wp\/v2\/media?parent=11698"}],"wp:term":[{"taxonomy":"product_brand","embeddable":true,"href":"https:\/\/todoenseguridad.com\/site\/wp-json\/wp\/v2\/product_brand?post=11698"},{"taxonomy":"product_cat","embeddable":true,"href":"https:\/\/todoenseguridad.com\/site\/wp-json\/wp\/v2\/product_cat?post=11698"},{"taxonomy":"product_tag","embeddable":true,"href":"https:\/\/todoenseguridad.com\/site\/wp-json\/wp\/v2\/product_tag?post=11698"},{"taxonomy":"berocket_brand","embeddable":true,"href":"https:\/\/todoenseguridad.com\/site\/wp-json\/wp\/v2\/berocket_brand?post=11698"}],"curies":[{"name":"wp","href":"https:\/\/api.w.org\/{rel}","templated":true}]}}