{"id":11681,"date":"2022-06-10T10:25:22","date_gmt":"2022-06-10T15:25:22","guid":{"rendered":"https:\/\/todoenseguridad.com\/site\/?post_type=product&#038;p=11681"},"modified":"2024-10-22T11:36:41","modified_gmt":"2024-10-22T16:36:41","slug":"brg1000avrlcd-5y-cyberpower-ups-de-1000-va-600-w-topologia-linea-interactiva-entrada-120-vca-nema-5-15p-tipo-torre","status":"publish","type":"product","link":"https:\/\/todoenseguridad.com\/site\/producto\/brg1000avrlcd-5y-cyberpower-ups-de-1000-va-600-w-topologia-linea-interactiva-entrada-120-vca-nema-5-15p-tipo-torre\/","title":{"rendered":"BRG1000AVRLCD-5Y CYBERPOWER UPS de 1000 VA\/ 600 W, Topolog\u00eda L\u00ednea Interactiva, Entrada 120 Vca NEMA 5-15P, Tipo Torre"},"content":{"rendered":"<h2 id=\"product_title_205717\" class=\"no_margin_top titulo_vista_producto\"><span style=\"color: #0000ff;\"><span class=\"modelo-marca\">BRG1000AVRLCD-5Y<\/span> CYBERPOWER UPS de 1000 VA\/ 600 W, Topolog\u00eda L\u00ednea Interactiva, Entrada 120 Vca NEMA 5-15P, Tipo Torre, Con 10 Tomas NEMA 5-15R, 5 a\u00f1os de garant\u00eda<\/span><\/h2>\n<p><span style=\"color: #000000;\">CyberPower BRG1000AVRLCD garantiza protecci\u00f3n de respaldo de energ\u00eda para sistemas de cine en casa, dispositivos multimedia, equipos de TI, computadoras, estaciones de trabajo, dispositivos NAS \/ Storage, dispositivos de telecomunicaciones, dispositivos de red, sistemas de seguridad \/ emergencia y sistemas de vigilancia. El producto cuenta con tecnolog\u00eda de ahorro de energ\u00eda para ahorrar costos de electricidad, al tiempo que proporciona respaldo de bater\u00eda, tomacorrientes protegidos contra sobretensiones y filtro EMI para proteger sus dispositivos. \u00a0<\/span><\/p>\n<p><span style=\"color: #000000;\">El UPS presenta una pantalla LCD multifunci\u00f3n para mostrar informaci\u00f3n sobre la potencia y las condiciones de la bater\u00eda. La protecci\u00f3n de l\u00ednea telef\u00f3nica incluida puede proteger los tel\u00e9fonos contra sobretensiones y picos. Tambi\u00e9n es compatible con PowerPanel\u00ae Power Management Software para realizar un apagado ordenado de la PC.<\/span><\/p>\n<p><span style=\"color: #000000;\"><strong>Especificaciones t\u00e9cnicas:\u00a0 \u00a0<\/strong><\/span><\/p>\n<ul>\n<li><span style=\"color: #000000;\">Voltaje de entrada: 90 &#8211;\u00a0<span class=\"scayt-misspell-word\" data-scayt-lang=\"es_ES\" data-scayt-word=\"140V\">140 Vca<\/span><\/span><\/li>\n<li><span style=\"color: #000000;\">Frecuencia de entrada:\u00a060 Hz \u00b1 3 Hz<\/span><\/li>\n<li><span style=\"color: #000000;\">Tipo de enchufe de entrada: NEMA\u00a0<span class=\"scayt-misspell-word\" data-scayt-lang=\"es_ES\" data-scayt-word=\"5-15P\">5-15P<\/span><\/span><\/li>\n<li><span style=\"color: #000000;\">Longitud del cable: 1.8 m<\/span><\/li>\n<li><span style=\"color: #000000;\">Salida VA: 1000<\/span><\/li>\n<li><span style=\"color: #000000;\">Salida\u00a0<span class=\"scayt-misspell-word\" data-scayt-lang=\"es_ES\" data-scayt-word=\"Watts\">Watts<\/span>: 600<\/span><\/li>\n<li><span style=\"color: #000000;\">Factor de potenica: 0.6<\/span><\/li>\n<li><span style=\"color: #000000;\">Total de tomas de salida: 10 (5 bater\u00eda y proyecci\u00f3n, 5 solo protecci\u00f3n)<\/span><\/li>\n<li><span style=\"color: #000000;\">Tipos de tomas: 10\u00a0NEMA 5-15R<\/span><\/li>\n<li><span style=\"color: #000000;\">Tipo de onda: Simulada<\/span><\/li>\n<li><span style=\"color: #000000;\">Especificaciones de bater\u00eda: 1 x 12V\/9Ah<\/span><\/li>\n<li><span style=\"color: #000000;\">Tiempo de respaldo con media carga (300 W): 9 Minutos<\/span><\/li>\n<li><span style=\"color: #000000;\">Tiempo de respaldo con carga completa (600 W): 1 Minutos<\/span><\/li>\n<li><span style=\"color: #000000;\">Protecci\u00f3n de picos: 1080 Joules<\/span><\/li>\n<li><span style=\"color: #000000;\">Protecci\u00f3n para datos: Tel\u00e9fono RJ11 o Ethernet\u00a0<span class=\"scayt-misspell-word\" data-scayt-lang=\"es_ES\" data-scayt-word=\"RJ45\">RJ45<\/span><\/span><\/li>\n<li><span style=\"color: #000000;\">Indicadores: Pantalla LCD de lectura<\/span><\/li>\n<li><span style=\"color: #000000;\">Puerto USB de comunicaci\u00f3n<\/span><\/li>\n<li><span style=\"color: #000000;\">Dimensiones:\u00a099 X 246 X 259 mm (Ancho x Alto x Profundidad)<\/span><\/li>\n<li><span style=\"color: #000000;\">Peso: 7.5 kg<\/span><\/li>\n<li><span style=\"color: #000000;\">Certificaciones:\u00a0FCC Clase B, UL, NOM<\/span><\/li>\n<li><span style=\"color: #000000;\"><strong>5 a\u00f1os de garant\u00eda (incluye bater\u00edas)<\/strong><\/span><\/li>\n<\/ul>\n","protected":false},"excerpt":{"rendered":"<p>BRG1000AVRLCD-5Y CYBERPOWER UPS de 1000 VA\/ 600 W, Topolog\u00eda L\u00ednea Interactiva, Entrada 120 Vca NEMA 5-15P, Tipo Torre, Con 10 Tomas NEMA 5-15R, 5 a\u00f1os de garant\u00eda CyberPower BRG1000AVRLCD garantiza protecci\u00f3n de respaldo de energ\u00eda para sistemas de cine en casa, dispositivos multimedia, equipos de TI, computadoras, estaciones de trabajo, dispositivos NAS \/ Storage, dispositivos [&hellip;]<\/p>\n","protected":false},"featured_media":11682,"template":"","meta":{"_acf_changed":false},"product_brand":[],"product_cat":[219],"product_tag":[],"berocket_brand":[],"class_list":{"0":"post-11681","1":"product","2":"type-product","3":"status-publish","4":"has-post-thumbnail","6":"product_cat-respaldo-energia","8":"first","9":"instock","10":"taxable","11":"shipping-taxable","12":"purchasable","13":"product-type-simple","14":"berocket_lgv_grid","15":"berocket_lgv_list_grid"},"acf":[],"aioseo_notices":[],"_links":{"self":[{"href":"https:\/\/todoenseguridad.com\/site\/wp-json\/wp\/v2\/product\/11681","targetHints":{"allow":["GET"]}}],"collection":[{"href":"https:\/\/todoenseguridad.com\/site\/wp-json\/wp\/v2\/product"}],"about":[{"href":"https:\/\/todoenseguridad.com\/site\/wp-json\/wp\/v2\/types\/product"}],"wp:featuredmedia":[{"embeddable":true,"href":"https:\/\/todoenseguridad.com\/site\/wp-json\/wp\/v2\/media\/11682"}],"wp:attachment":[{"href":"https:\/\/todoenseguridad.com\/site\/wp-json\/wp\/v2\/media?parent=11681"}],"wp:term":[{"taxonomy":"product_brand","embeddable":true,"href":"https:\/\/todoenseguridad.com\/site\/wp-json\/wp\/v2\/product_brand?post=11681"},{"taxonomy":"product_cat","embeddable":true,"href":"https:\/\/todoenseguridad.com\/site\/wp-json\/wp\/v2\/product_cat?post=11681"},{"taxonomy":"product_tag","embeddable":true,"href":"https:\/\/todoenseguridad.com\/site\/wp-json\/wp\/v2\/product_tag?post=11681"},{"taxonomy":"berocket_brand","embeddable":true,"href":"https:\/\/todoenseguridad.com\/site\/wp-json\/wp\/v2\/berocket_brand?post=11681"}],"curies":[{"name":"wp","href":"https:\/\/api.w.org\/{rel}","templated":true}]}}