{"id":11678,"date":"2022-06-10T10:18:45","date_gmt":"2022-06-10T15:18:45","guid":{"rendered":"https:\/\/todoenseguridad.com\/site\/?post_type=product&#038;p=11678"},"modified":"2026-03-23T16:44:18","modified_gmt":"2026-03-23T21:44:18","slug":"om900atlcd-cyberpower-ups-de-900-va-540-w-topologia-linea-interactiva-entrada-120-vca-nema-5-15p-y-6-salidas-nema-5-15r","status":"publish","type":"product","link":"https:\/\/todoenseguridad.com\/site\/producto\/om900atlcd-cyberpower-ups-de-900-va-540-w-topologia-linea-interactiva-entrada-120-vca-nema-5-15p-y-6-salidas-nema-5-15r\/","title":{"rendered":"OM900ATLCD CYBERPOWER UPS de 900 VA\/540 W, Topolog\u00eda L\u00ednea Interactiva, Entrada 120 Vca NEMA 5-15P, y 6 Salidas NEMA 5-15R"},"content":{"rendered":"<h2 id=\\\"product_title_81067\\\" class=\\\"no_margin_top titulo_vista_producto\\\"><span style=\\\"color: #0000ff\\\"><span class=\\\"modelo-marca\\\">OM900ATLCD<\/span> CYBERPOWER UPS de 900 VA\/540 W, Topolog\u00eda L\u00ednea Interactiva, Entrada 120 Vca NEMA 5-15P, y 6 Salidas NEMA 5-15R, Con Regulador de Voltaje (AVR)<\/span><\/h2>\n<p><span style=\\\"color: #000000\\\">El sistema de voltaje ininterrumpible (UPS) de l\u00ednea interactiva\u00a0OM900ATLCD de CyberEnergy, protege computadoras\u00a0personales y otros equipos electr\u00f3nicos (monitores, m\u00f3dems de\u00a0cable\/DSL, routers VoIP, faxes y sistemas de teatro en casa) contra\u00a0apagones, variaciones de voltaje, picos, ca\u00eddas de voltaje y otras\u00a0anomal\u00edas el\u00e9ctricas.<\/span><\/p>\n<p><span style=\\\"color: #000000\\\">Con la Regulaci\u00f3n Autom\u00e1tica del Voltaje (AVR) el UPS estabiliza y\u00a0mantiene un voltaje seguro, manteniendo niveles seguros de voltaje\u00a0para los equipos conectados, sin tener que recurrir a la energ\u00eda de\u00a0bater\u00eda.<\/span><\/p>\n<p><span style=\\\"color: #000000\\\"><strong>Caracterist\u00edcas:\u00a0<\/strong><\/span><\/p>\n<ul>\n<li><span style=\\\"color: #000000\\\">Topolog\u00eda UPS interactiva de l\u00ednea<\/span><\/li>\n<li><span style=\\\"color: #000000\\\">Salida de onda sinusoidal simulada<\/span><\/li>\n<li><span style=\\\"color: #000000\\\">Regulaci\u00f3n autom\u00e1tica de voltaje (AVR)<\/span><\/li>\n<li><span style=\\\"color: #000000\\\">Overload Protection<\/span><\/li>\n<li><span style=\\\"color: #000000\\\">Protecci\u00f3n contra sobretensiones y picos<\/span><\/li>\n<li><span style=\\\"color: #000000\\\">Filtraci\u00f3n EMI y RFI<\/span><\/li>\n<li><span style=\\\"color: #000000\\\">Protecci\u00f3n de tel\u00e9fono, fax, m\u00f3dem, DSL y red<\/span><\/li>\n<li><span style=\\\"color: #000000\\\">Indicador de estado LED<\/span><\/li>\n<li><span style=\\\"color: #000000\\\">Puerto de conexi\u00f3n USB<\/span><\/li>\n<li><span style=\\\"color: #000000\\\">Alarma configurable<\/span><\/li>\n<li><span style=\\\"color: #000000\\\">Software de gesti\u00f3n PowerPanel\u00ae<\/span><\/li>\n<li><span style=\\\"color: #000000\\\">Factor en forma de torre<\/span><\/li>\n<\/ul>\n<p><span style=\\\"color: #000000\\\"><strong>Especificaciones t\u00e9cnicas:<\/strong><\/span><\/p>\n<ul>\n<li><span style=\\\"color: #000000\\\">Capacidad: 900 VA\/540 W<\/span><\/li>\n<li><span style=\\\"color: #000000\\\">Voltaje de entrada: 120 Vca<\/span><\/li>\n<li><span style=\\\"color: #000000\\\">Rango de frecuencia de entrada: 50\/60Hz\u00a0+ &#8211; 5Hz<\/span><\/li>\n<li><span style=\\\"color: #000000\\\">Tipo de Conector de Entrada: NEMA 5-15P\u00a0<\/span><\/li>\n<li><span style=\\\"color: #000000\\\">Longitud del cable: 1.8 m.<\/span><\/li>\n<li><span style=\\\"color: #000000\\\">Total de Tomas: 6 NEMA 5-15R (3 Bater\u00eda y protecci\u00f3n, 3 solo protecci\u00f3n) \u00a0<\/span><\/li>\n<li><span style=\\\"color: #000000\\\">Supresi\u00f3n de picos: 245 Joules<\/span><\/li>\n<li><span style=\\\"color: #000000\\\">Protecci\u00f3n: RJ11 y RJ45\u00a0<\/span><\/li>\n<li><span style=\\\"color: #000000\\\">Puerto de Comunicaci\u00f3n USB<\/span><\/li>\n<li><span style=\\\"color: #000000\\\">Panel de control LCD<\/span><\/li>\n<li><span style=\\\"color: #000000\\\">LED indicadores: Encendido, falla de cableado<\/span><\/li>\n<li><span style=\\\"color: #000000\\\">\u200bDimensiones: 96 x 138 x 286 mm (Ancho x Alto x Profundidad)<\/span><\/li>\n<li><span style=\\\"color: #000000\\\">Peso: 4.92 kg.<\/span><\/li>\n<li><span style=\\\"color: #000000\\\"><strong>Garant\u00eda: 2 a\u00f1os (1 a\u00f1o en bater\u00eda)<\/strong><\/span><\/li>\n<\/ul>\n","protected":false},"excerpt":{"rendered":"<p>OM900ATLCD CYBERPOWER UPS de 900 VA\/540 W, Topolog\u00eda L\u00ednea Interactiva, Entrada 120 Vca NEMA 5-15P, y 6 Salidas NEMA 5-15R, Con Regulador de Voltaje (AVR) El sistema de voltaje ininterrumpible (UPS) de l\u00ednea interactiva\u00a0OM900ATLCD de CyberEnergy, protege computadoras\u00a0personales y otros equipos electr\u00f3nicos (monitores, m\u00f3dems de\u00a0cable\/DSL, routers VoIP, faxes y sistemas de teatro en casa) contra\u00a0apagones, [&hellip;]<\/p>\n","protected":false},"featured_media":11679,"template":"","meta":{"_acf_changed":false},"product_brand":[],"product_cat":[219],"product_tag":[],"berocket_brand":[],"class_list":{"0":"post-11678","1":"product","2":"type-product","3":"status-publish","4":"has-post-thumbnail","6":"product_cat-respaldo-energia","8":"first","9":"instock","10":"taxable","11":"shipping-taxable","12":"purchasable","13":"product-type-simple","14":"berocket_lgv_grid","15":"berocket_lgv_list_grid"},"acf":[],"aioseo_notices":[],"_links":{"self":[{"href":"https:\/\/todoenseguridad.com\/site\/wp-json\/wp\/v2\/product\/11678","targetHints":{"allow":["GET"]}}],"collection":[{"href":"https:\/\/todoenseguridad.com\/site\/wp-json\/wp\/v2\/product"}],"about":[{"href":"https:\/\/todoenseguridad.com\/site\/wp-json\/wp\/v2\/types\/product"}],"wp:featuredmedia":[{"embeddable":true,"href":"https:\/\/todoenseguridad.com\/site\/wp-json\/wp\/v2\/media\/11679"}],"wp:attachment":[{"href":"https:\/\/todoenseguridad.com\/site\/wp-json\/wp\/v2\/media?parent=11678"}],"wp:term":[{"taxonomy":"product_brand","embeddable":true,"href":"https:\/\/todoenseguridad.com\/site\/wp-json\/wp\/v2\/product_brand?post=11678"},{"taxonomy":"product_cat","embeddable":true,"href":"https:\/\/todoenseguridad.com\/site\/wp-json\/wp\/v2\/product_cat?post=11678"},{"taxonomy":"product_tag","embeddable":true,"href":"https:\/\/todoenseguridad.com\/site\/wp-json\/wp\/v2\/product_tag?post=11678"},{"taxonomy":"berocket_brand","embeddable":true,"href":"https:\/\/todoenseguridad.com\/site\/wp-json\/wp\/v2\/berocket_brand?post=11678"}],"curies":[{"name":"wp","href":"https:\/\/api.w.org\/{rel}","templated":true}]}}