{"id":11676,"date":"2022-06-10T10:10:16","date_gmt":"2022-06-10T15:10:16","guid":{"rendered":"https:\/\/todoenseguridad.com\/site\/?post_type=product&#038;p=11676"},"modified":"2026-03-23T16:45:21","modified_gmt":"2026-03-23T21:45:21","slug":"epu850lcd-epcom-powerline-ups-de-850va-510w-topologia-linea-interactiva-entrada-y-salida-120-vca-regulador-de-voltaje-avr-80-150-vca","status":"publish","type":"product","link":"https:\/\/todoenseguridad.com\/site\/producto\/epu850lcd-epcom-powerline-ups-de-850va-510w-topologia-linea-interactiva-entrada-y-salida-120-vca-regulador-de-voltaje-avr-80-150-vca\/","title":{"rendered":"EPU850LCD EPCOM POWERLINE UPS de 850VA\/510W\/ Topolog\u00eda L\u00ednea Interactiva\/ Entrada y Salida 120 Vca\/ Regulador de Voltaje AVR 80-150 Vca"},"content":{"rendered":"<h2 id=\\\"product_title_94294\\\" class=\\\"no_margin_top titulo_vista_producto\\\"><span style=\\\"color: #0000ff\\\"><span class=\\\"modelo-marca\\\">EPU850LCD<\/span> EPCOM POWERLINE UPS de 850VA\/510W\/ Topolog\u00eda L\u00ednea Interactiva\/ Entrada y Salida 120 Vca\/ Regulador de Voltaje AVR 80-150 Vca\/ Clavija NEMA 5-15P\/ 6 Tomas NEMA 5-15R<\/span><\/h2>\n<p><span style=\\\"color: #000000\\\"><strong>El equipo ideal para peque\u00f1as y medianas empresas\u00a0<\/strong><\/span><\/p>\n<p><span style=\\\"color: #000000\\\">La l\u00ednea de UPS de epcom Power Line fue dise\u00f1ada para brindar alto desempe\u00f1o y una excelente calidad, son usados para proteger y energizar equipos tales como computadoras personales, conmutadores de peque\u00f1a escala, puntos de venta, etc. Prove\u00e9 protecci\u00f3n de potencia\u00a0 contra sobrevoltjes y picos. Tambi\u00e9n suministra voltaje puro con Regulador Autom\u00e1tico de Voltaje (AVR) en boost y buck. Es simple, a bajo costo y su instalaci\u00f3n es sencilla y r\u00e1pida.\u00a0 \u00a0\u00a0<\/span><\/p>\n<p><span style=\\\"color: #000000\\\"><strong>Caracter\u00edsticas Generales:<\/strong><\/span><\/p>\n<ul>\n<li><span style=\\\"color: #000000\\\">Capacidad: 850 VA \/ 510 W.<\/span><\/li>\n<li><span style=\\\"color: #000000\\\">Topolog\u00eda: L\u00ednea interactiva.<\/span><\/li>\n<li><span style=\\\"color: #000000\\\">Tipo de onda: Onda senoidal simulada\u00a0<\/span><\/li>\n<li><span style=\\\"color: #000000\\\">Salida: 120 VCA \u00b1 5%<\/span><\/li>\n<li><span style=\\\"color: #000000\\\">Tipo de conector y cable: NEMA 5-15P (1.8 metros de longitud).<\/span><\/li>\n<li><span style=\\\"color: #000000\\\">Total de salidas: 6 \u00d7 NEMA 5-15R (2 Salidas sin respaldo, solo protecci\u00f3n).<\/span><\/li>\n<li><span style=\\\"color: #000000\\\">Bater\u00eda: 1 x 12V\/8 Ah<\/span><\/li>\n<li><span style=\\\"color: #000000\\\">Regulador de Voltaje: de 80 &#8211; 150 VAC\u00a0<\/span><\/li>\n<\/ul>\n<p>&nbsp;<\/p>\n<p><span style=\\\"color: #000000\\\"><strong>El tiempo de respaldo puede variar dependiendo de la carga conectada, temperatura ambiente y estado de las baterias.<\/strong><\/span><\/p>\n<p><span style=\\\"color: #000000\\\"><strong>1 a\u00f1o de garnt\u00eda.<\/strong><\/span><\/p>\n","protected":false},"excerpt":{"rendered":"<p>EPU850LCD EPCOM POWERLINE UPS de 850VA\/510W\/ Topolog\u00eda L\u00ednea Interactiva\/ Entrada y Salida 120 Vca\/ Regulador de Voltaje AVR 80-150 Vca\/ Clavija NEMA 5-15P\/ 6 Tomas NEMA 5-15R El equipo ideal para peque\u00f1as y medianas empresas\u00a0 La l\u00ednea de UPS de epcom Power Line fue dise\u00f1ada para brindar alto desempe\u00f1o y una excelente calidad, son usados [&hellip;]<\/p>\n","protected":false},"featured_media":11677,"template":"","meta":{"_acf_changed":false},"product_brand":[],"product_cat":[219],"product_tag":[],"berocket_brand":[],"class_list":{"0":"post-11676","1":"product","2":"type-product","3":"status-publish","4":"has-post-thumbnail","6":"product_cat-respaldo-energia","8":"first","9":"instock","10":"taxable","11":"shipping-taxable","12":"purchasable","13":"product-type-simple","14":"berocket_lgv_grid","15":"berocket_lgv_list_grid"},"acf":[],"aioseo_notices":[],"_links":{"self":[{"href":"https:\/\/todoenseguridad.com\/site\/wp-json\/wp\/v2\/product\/11676","targetHints":{"allow":["GET"]}}],"collection":[{"href":"https:\/\/todoenseguridad.com\/site\/wp-json\/wp\/v2\/product"}],"about":[{"href":"https:\/\/todoenseguridad.com\/site\/wp-json\/wp\/v2\/types\/product"}],"wp:featuredmedia":[{"embeddable":true,"href":"https:\/\/todoenseguridad.com\/site\/wp-json\/wp\/v2\/media\/11677"}],"wp:attachment":[{"href":"https:\/\/todoenseguridad.com\/site\/wp-json\/wp\/v2\/media?parent=11676"}],"wp:term":[{"taxonomy":"product_brand","embeddable":true,"href":"https:\/\/todoenseguridad.com\/site\/wp-json\/wp\/v2\/product_brand?post=11676"},{"taxonomy":"product_cat","embeddable":true,"href":"https:\/\/todoenseguridad.com\/site\/wp-json\/wp\/v2\/product_cat?post=11676"},{"taxonomy":"product_tag","embeddable":true,"href":"https:\/\/todoenseguridad.com\/site\/wp-json\/wp\/v2\/product_tag?post=11676"},{"taxonomy":"berocket_brand","embeddable":true,"href":"https:\/\/todoenseguridad.com\/site\/wp-json\/wp\/v2\/berocket_brand?post=11676"}],"curies":[{"name":"wp","href":"https:\/\/api.w.org\/{rel}","templated":true}]}}