{"id":11669,"date":"2022-06-09T16:49:40","date_gmt":"2022-06-09T21:49:40","guid":{"rendered":"https:\/\/todoenseguridad.com\/site\/?post_type=product&#038;p=11669"},"modified":"2024-10-28T12:36:14","modified_gmt":"2024-10-28T17:36:14","slug":"tvpro-400w-accesspro-videoportero-premium-frente-de-calle-antivandalismo-ideal-para-baja-iluminacion-alta-calidad-de-fabricacion","status":"publish","type":"product","link":"https:\/\/todoenseguridad.com\/site\/producto\/tvpro-400w-accesspro-videoportero-premium-frente-de-calle-antivandalismo-ideal-para-baja-iluminacion-alta-calidad-de-fabricacion\/","title":{"rendered":"TVPRO-400W ACCESSPRO Videoportero PREMIUM \/ Frente de Calle Antivandalismo \/ Ideal Para Baja Iluminaci\u00f3n \/ Alta calidad de fabricaci\u00f3n"},"content":{"rendered":"<h2 id=\"product_title_72087\" class=\"no_margin_top titulo_vista_producto\"><span style=\"color: #0000ff;\"><span class=\"modelo-marca\">TVPRO-400W<\/span> ACCESSPRO Videoportero PREMIUM \/ Frente de Calle Antivandalismo \/ Ideal Para Baja Iluminaci\u00f3n \/ Alta calidad de fabricaci\u00f3n<\/span><\/h2>\n<p><span style=\"color: #000000;\"><strong>Caracter\u00edsticas principales:<\/strong><\/span><\/p>\n<ul>\n<li><span style=\"color: #000000;\">Dise\u00f1o delgado y compacto.<\/span><\/li>\n<li><span style=\"color: #000000;\">Monitor LCD digital a color de 4.3\u201d pulgadas.<\/span><\/li>\n<li><span style=\"color: #000000;\">Pantalla Alta Resoluci\u00f3n,\u00a0C\u00e1mara 900TVL.<\/span><\/li>\n<li><span style=\"color: #000000;\">Bot\u00f3n de Iconos y de contacto.<\/span><\/li>\n<li><span style=\"color: #000000;\">Funci\u00f3n OSD.<\/span><\/li>\n<li><span style=\"color: #000000;\">Comunicaci\u00f3n con el visitante y apertura de puerta.<\/span><\/li>\n<li><span style=\"color: #000000;\">Soporta 2 monitores<\/span><\/li>\n<\/ul>\n<div class=\"col-sm-4\">\n<div>\n<p><span style=\"color: #000000;\"><strong>Caracter\u00edsticas F\u00edsicas y El\u00e9ctricas:<\/strong><\/span><\/p>\n<ul>\n<li><span style=\"color: #000000;\">Resistente frente de calle met\u00e1lico.<\/span><\/li>\n<li><span style=\"color: #000000;\">C\u00e1mara 900TVL<\/span><\/li>\n<li><span style=\"color: #000000;\">Montaje para super\ufb01cie y pared.<\/span><\/li>\n<li><span style=\"color: #000000;\">C\u00e1mara color con lente de 3.6 mm tipo pinhole.<\/span><\/li>\n<li><span style=\"color: #000000;\">Iluminaci\u00f3n m\u00ednima de 0.1 lux, con luz blanca para visi\u00f3n nocturna.<\/span><\/li>\n<li><span style=\"color: #000000;\">Salida de relevador normalmente Abierto.<\/span><\/li>\n<li><span style=\"color: #000000;\">Para uso de contrachapas electricas (se requiere alimentaci\u00f3n adicional).<\/span><\/li>\n<li><span style=\"color: #000000;\">Alimentaci\u00f3n del Monitor: 110 Vca.<\/span><\/li>\n<li><span style=\"color: #000000;\">Dimensiones monitor 210 x 222 x 57 mm.<\/span><\/li>\n<li><span style=\"color: #000000;\">Peso monitor : 1.2 kg<\/span><\/li>\n<li><span style=\"color: #000000;\">Incluye Kit de Instalaci\u00f3n<\/span><\/li>\n<li><span style=\"color: #000000;\">Compatible con frentes de calle\u00a0 \u00abTVF-PRO20\u00bb\u00a0 \u00abKCM-C30\u00bb\u00a0 \u00abKCM-C24\u00bb<\/span><\/li>\n<\/ul>\n<div class=\"col-sm-4\">\n<div>\n<p><span style=\"color: #000000;\"><strong>Caracter\u00edsticas Destacadas:<\/strong><\/span><span style=\"color: #000000;\">Los sistemas de videoporteros \u00abTVPRO-400W\u00bb \/ \u00abTVPRO-400B\u00bbson muy redituables ya que al ser equipos anal\u00f3gicos es muy sencilla y fiable su instalaci\u00f3n, para estos equipos se recomienda usar cable calibre 18 100% cobre de preferencia blindado para tener la mayor distancia y calidad de video.<\/span><\/p>\n<p><span style=\"color: #000000;\"><strong>Cables<\/strong> sugeridos9274 \u00a0\u00a0<strong>1119-5501\/500\u00a0 \u00a0\u00a0\u00a092-70\u00a0 \u00a0\u00a0<\/strong>ACCESS-184\/500<\/span><\/p>\n<p><span style=\"color: #000000;\">*2 A\u00f1os de Garant\u00eda.<\/span><\/p>\n<\/div>\n<\/div>\n<\/div>\n<\/div>\n","protected":false},"excerpt":{"rendered":"<p>TVPRO-400W ACCESSPRO Videoportero PREMIUM \/ Frente de Calle Antivandalismo \/ Ideal Para Baja Iluminaci\u00f3n \/ Alta calidad de fabricaci\u00f3n Caracter\u00edsticas principales: Dise\u00f1o delgado y compacto. Monitor LCD digital a color de 4.3\u201d pulgadas. Pantalla Alta Resoluci\u00f3n,\u00a0C\u00e1mara 900TVL. Bot\u00f3n de Iconos y de contacto. Funci\u00f3n OSD. Comunicaci\u00f3n con el visitante y apertura de puerta. Soporta 2 [&hellip;]<\/p>\n","protected":false},"featured_media":12012,"template":"","meta":{"_acf_changed":false},"product_brand":[],"product_cat":[96,419],"product_tag":[],"berocket_brand":[],"class_list":{"0":"post-11669","1":"product","2":"type-product","3":"status-publish","4":"has-post-thumbnail","6":"product_cat-control-de-acceso","7":"product_cat-videoportero","9":"first","10":"instock","11":"taxable","12":"shipping-taxable","13":"purchasable","14":"product-type-simple","15":"berocket_lgv_grid","16":"berocket_lgv_list_grid"},"acf":[],"aioseo_notices":[],"_links":{"self":[{"href":"https:\/\/todoenseguridad.com\/site\/wp-json\/wp\/v2\/product\/11669","targetHints":{"allow":["GET"]}}],"collection":[{"href":"https:\/\/todoenseguridad.com\/site\/wp-json\/wp\/v2\/product"}],"about":[{"href":"https:\/\/todoenseguridad.com\/site\/wp-json\/wp\/v2\/types\/product"}],"wp:featuredmedia":[{"embeddable":true,"href":"https:\/\/todoenseguridad.com\/site\/wp-json\/wp\/v2\/media\/12012"}],"wp:attachment":[{"href":"https:\/\/todoenseguridad.com\/site\/wp-json\/wp\/v2\/media?parent=11669"}],"wp:term":[{"taxonomy":"product_brand","embeddable":true,"href":"https:\/\/todoenseguridad.com\/site\/wp-json\/wp\/v2\/product_brand?post=11669"},{"taxonomy":"product_cat","embeddable":true,"href":"https:\/\/todoenseguridad.com\/site\/wp-json\/wp\/v2\/product_cat?post=11669"},{"taxonomy":"product_tag","embeddable":true,"href":"https:\/\/todoenseguridad.com\/site\/wp-json\/wp\/v2\/product_tag?post=11669"},{"taxonomy":"berocket_brand","embeddable":true,"href":"https:\/\/todoenseguridad.com\/site\/wp-json\/wp\/v2\/berocket_brand?post=11669"}],"curies":[{"name":"wp","href":"https:\/\/api.w.org\/{rel}","templated":true}]}}