{"id":11665,"date":"2022-06-09T15:49:31","date_gmt":"2022-06-09T20:49:31","guid":{"rendered":"https:\/\/todoenseguridad.com\/site\/?post_type=product&#038;p=11665"},"modified":"2023-06-19T18:01:37","modified_gmt":"2023-06-19T23:01:37","slug":"accesst3w-accesspro-boton-de-salida-sin-contacto-distancia-ajustable-exterior-ip68-temporizador","status":"publish","type":"product","link":"https:\/\/todoenseguridad.com\/site\/producto\/accesst3w-accesspro-boton-de-salida-sin-contacto-distancia-ajustable-exterior-ip68-temporizador\/","title":{"rendered":"ACCESST3W ACCESSPRO Bot\u00f3n de salida sin contacto \/ Distancia ajustable \/ Exterior IP68 \/ Temporizador"},"content":{"rendered":"<h2 id=\"product_title_193329\" class=\"no_margin_top titulo_vista_producto\"><span style=\"color: #0000ff;\"><span class=\"modelo-marca\">ACCESST3W<\/span> ACCESSPRO Bot\u00f3n de salida sin contacto \/ Distancia ajustable \/ Exterior IP68 \/ Temporizador<\/span><\/h2>\n<div class=\"col-sm-4\">\n<div>\n<p><span style=\"color: #000000;\"><strong>Caracter\u00edsticas principales:<\/strong><\/span><\/p>\n<ul>\n<li><span style=\"color: #000000;\">Distancia de detecci\u00f3n es de 4 a 15 cm ajustable.<\/span><\/li>\n<li><span style=\"color: #000000;\">Temporizador 0.3 a 30 seg.<\/span><\/li>\n<li><span style=\"color: #000000;\">Protecci\u00f3n IP68<\/span><\/li>\n<li><span style=\"color: #000000;\">1 a\u00f1o de garant\u00eda<\/span><\/li>\n<\/ul>\n<p><span style=\"color: #000000;\"><strong>Caracter\u00edsticas F\u00edsicas y El\u00e9ctricas:<\/strong><\/span><\/p>\n<ul>\n<li><span style=\"color: #000000;\">Voltaje 12VDC.<\/span><\/li>\n<li><span style=\"color: #000000;\">Tensi\u00f3n que soporta menor\/igual a 24VCD.<\/span><\/li>\n<li><span style=\"color: #000000;\">Contactos de salida NO\/COM\/NC.<\/span><\/li>\n<li><span style=\"color: #000000;\">Temperatura de operaci\u00f3n: -20 a 55\u00b0C.<\/span><\/li>\n<li><span style=\"color: #000000;\">Dimensiones: 80 x 32 x 23 (mm)<\/span><\/li>\n<\/ul>\n<p><span style=\"color: #000000;\"><strong>Caracter\u00edsticas Destacadas:<\/strong><\/span><\/p>\n<p><span style=\"color: #000000;\">Los botones de salida sin contacto de ACCESSPRO utilizan tecnolog\u00eda IR para identificar la salida. Solo es necesario acercar la mano sin necesidad de tocar. Este equipo es ideal para instalaciones en escuelas, hospitales, oficinas o cl\u00ednicas<\/span><\/p>\n<\/div>\n<\/div>\n","protected":false},"excerpt":{"rendered":"<p>ACCESST3W ACCESSPRO Bot\u00f3n de salida sin contacto \/ Distancia ajustable \/ Exterior IP68 \/ Temporizador Caracter\u00edsticas principales: Distancia de detecci\u00f3n es de 4 a 15 cm ajustable. Temporizador 0.3 a 30 seg. Protecci\u00f3n IP68 1 a\u00f1o de garant\u00eda Caracter\u00edsticas F\u00edsicas y El\u00e9ctricas: Voltaje 12VDC. Tensi\u00f3n que soporta menor\/igual a 24VCD. Contactos de salida NO\/COM\/NC. Temperatura [&hellip;]<\/p>\n","protected":false},"featured_media":11666,"template":"","meta":{"_acf_changed":false},"product_brand":[],"product_cat":[100,96],"product_tag":[],"berocket_brand":[],"class_list":{"0":"post-11665","1":"product","2":"type-product","3":"status-publish","4":"has-post-thumbnail","6":"product_cat-accesorios-control-de-acceso","7":"product_cat-control-de-acceso","9":"first","10":"instock","11":"taxable","12":"shipping-taxable","13":"purchasable","14":"product-type-simple","15":"berocket_lgv_grid","16":"berocket_lgv_list_grid"},"acf":[],"aioseo_notices":[],"_links":{"self":[{"href":"https:\/\/todoenseguridad.com\/site\/wp-json\/wp\/v2\/product\/11665","targetHints":{"allow":["GET"]}}],"collection":[{"href":"https:\/\/todoenseguridad.com\/site\/wp-json\/wp\/v2\/product"}],"about":[{"href":"https:\/\/todoenseguridad.com\/site\/wp-json\/wp\/v2\/types\/product"}],"wp:featuredmedia":[{"embeddable":true,"href":"https:\/\/todoenseguridad.com\/site\/wp-json\/wp\/v2\/media\/11666"}],"wp:attachment":[{"href":"https:\/\/todoenseguridad.com\/site\/wp-json\/wp\/v2\/media?parent=11665"}],"wp:term":[{"taxonomy":"product_brand","embeddable":true,"href":"https:\/\/todoenseguridad.com\/site\/wp-json\/wp\/v2\/product_brand?post=11665"},{"taxonomy":"product_cat","embeddable":true,"href":"https:\/\/todoenseguridad.com\/site\/wp-json\/wp\/v2\/product_cat?post=11665"},{"taxonomy":"product_tag","embeddable":true,"href":"https:\/\/todoenseguridad.com\/site\/wp-json\/wp\/v2\/product_tag?post=11665"},{"taxonomy":"berocket_brand","embeddable":true,"href":"https:\/\/todoenseguridad.com\/site\/wp-json\/wp\/v2\/berocket_brand?post=11665"}],"curies":[{"name":"wp","href":"https:\/\/api.w.org\/{rel}","templated":true}]}}