{"id":11662,"date":"2022-06-09T15:42:45","date_gmt":"2022-06-09T20:42:45","guid":{"rendered":"https:\/\/todoenseguridad.com\/site\/?post_type=product&#038;p=11662"},"modified":"2026-03-30T16:39:44","modified_gmt":"2026-03-30T21:39:44","slug":"accessk1-accespro-boton-de-salida-sin-contacto-sensor-ir-iluminado-normalmente-abierto-y-cerrado-distancia-ajustable-de-deteccion","status":"publish","type":"product","link":"https:\/\/todoenseguridad.com\/site\/producto\/accessk1-accespro-boton-de-salida-sin-contacto-sensor-ir-iluminado-normalmente-abierto-y-cerrado-distancia-ajustable-de-deteccion\/","title":{"rendered":"ACCESSK1 ACCESPRO Bot\u00f3n de salida sin contacto\/ sensor IR \/ iluminado \/ Normalmente abierto y cerrado \/ Distancia ajustable de detecci\u00f3n"},"content":{"rendered":"<h2 id=\"product_title_163886\" class=\"no_margin_top titulo_vista_producto\"><span style=\"color: #0000ff;\"><span class=\"modelo-marca\">ACCESSK1<\/span> ACCESPRO Bot\u00f3n de salida sin contacto\/ sensor IR \/ iluminado \/ Normalmente abierto y cerrado \/ Distancia ajustable de detecci\u00f3n<\/span><\/h2>\n<div class=\"col-sm-4\">\n<div>\n<p><span style=\"color: #000000;\"><strong>Caracter\u00edsticas principales:<\/strong><\/span><\/p>\n<ul>\n<li><span style=\"color: #000000;\">Distancia de detecci\u00f3n es de 4 a 15 cm ajustable.<\/span><\/li>\n<li><span style=\"color: #000000;\">Acero inoxidable.<\/span><\/li>\n<li><span style=\"color: #000000;\">Sensor IR<\/span><\/li>\n<li><span style=\"color: #000000;\">1 a\u00f1o de garant\u00eda<\/span><\/li>\n<\/ul>\n<\/div>\n<p><span style=\"color: #000000;\"><strong>Caracter\u00edsticas F\u00edsicas y El\u00e9ctricas:<\/strong><\/span><\/p>\n<ul>\n<li><span style=\"color: #000000;\">Voltaje 12VDC.<\/span><\/li>\n<li><span style=\"color: #000000;\">Tensi\u00f3n que soporta menor\/igual a 24VCD.<\/span><\/li>\n<li><span style=\"color: #000000;\">Contactos de salida NO\/COM\/NC.<\/span><\/li>\n<li><span style=\"color: #000000;\">Temperatura de operaci\u00f3n: \u00a010 a 55\u00b0C.<\/span><\/li>\n<li><span style=\"color: #000000;\">Dimensiones: 115 x 70 x 25 (mm)<\/span><\/li>\n<\/ul>\n<p><span style=\"color: #000000;\"><strong>Caracter\u00edsticas Destacadas:<\/strong><\/span><\/p>\n<p><span style=\"color: #000000;\">Los botones de salida sin contacto de ACCESSPRO utilizan tecnolog\u00eda IR para identificar la salida. Solo es necesario acercar la mano sin necesidad de tocar. Este equipo es ideal para instalaciones en escuelas, hospitales, oficinas o cl\u00ednicas<\/span><\/p>\n<\/div>\n","protected":false},"excerpt":{"rendered":"<p>ACCESSK1 ACCESPRO Bot\u00f3n de salida sin contacto\/ sensor IR \/ iluminado \/ Normalmente abierto y cerrado \/ Distancia ajustable de detecci\u00f3n Caracter\u00edsticas principales: Distancia de detecci\u00f3n es de 4 a 15 cm ajustable. Acero inoxidable. Sensor IR 1 a\u00f1o de garant\u00eda Caracter\u00edsticas F\u00edsicas y El\u00e9ctricas: Voltaje 12VDC. Tensi\u00f3n que soporta menor\/igual a 24VCD. Contactos de [&hellip;]<\/p>\n","protected":false},"featured_media":11663,"template":"","meta":{"_acf_changed":false},"product_brand":[],"product_cat":[100,96],"product_tag":[],"berocket_brand":[],"class_list":{"0":"post-11662","1":"product","2":"type-product","3":"status-publish","4":"has-post-thumbnail","6":"product_cat-accesorios-control-de-acceso","7":"product_cat-control-de-acceso","9":"first","10":"instock","11":"taxable","12":"shipping-taxable","13":"purchasable","14":"product-type-simple","15":"berocket_lgv_grid","16":"berocket_lgv_list_grid"},"acf":[],"aioseo_notices":[],"_links":{"self":[{"href":"https:\/\/todoenseguridad.com\/site\/wp-json\/wp\/v2\/product\/11662","targetHints":{"allow":["GET"]}}],"collection":[{"href":"https:\/\/todoenseguridad.com\/site\/wp-json\/wp\/v2\/product"}],"about":[{"href":"https:\/\/todoenseguridad.com\/site\/wp-json\/wp\/v2\/types\/product"}],"wp:featuredmedia":[{"embeddable":true,"href":"https:\/\/todoenseguridad.com\/site\/wp-json\/wp\/v2\/media\/11663"}],"wp:attachment":[{"href":"https:\/\/todoenseguridad.com\/site\/wp-json\/wp\/v2\/media?parent=11662"}],"wp:term":[{"taxonomy":"product_brand","embeddable":true,"href":"https:\/\/todoenseguridad.com\/site\/wp-json\/wp\/v2\/product_brand?post=11662"},{"taxonomy":"product_cat","embeddable":true,"href":"https:\/\/todoenseguridad.com\/site\/wp-json\/wp\/v2\/product_cat?post=11662"},{"taxonomy":"product_tag","embeddable":true,"href":"https:\/\/todoenseguridad.com\/site\/wp-json\/wp\/v2\/product_tag?post=11662"},{"taxonomy":"berocket_brand","embeddable":true,"href":"https:\/\/todoenseguridad.com\/site\/wp-json\/wp\/v2\/berocket_brand?post=11662"}],"curies":[{"name":"wp","href":"https:\/\/api.w.org\/{rel}","templated":true}]}}