{"id":11646,"date":"2022-06-09T14:17:13","date_gmt":"2022-06-09T19:17:13","guid":{"rendered":"https:\/\/todoenseguridad.com\/site\/?post_type=product&#038;p=11646"},"modified":"2026-03-23T16:52:59","modified_gmt":"2026-03-23T21:52:59","slug":"mag600h-accesspro-chapa-magnetica-600lbs-de-montaje-superficial-para-exterior-ip68","status":"publish","type":"product","link":"https:\/\/todoenseguridad.com\/site\/producto\/mag600h-accesspro-chapa-magnetica-600lbs-de-montaje-superficial-para-exterior-ip68\/","title":{"rendered":"MAG600H ACCESSPRO Chapa magn\u00e9tica 600lbs de montaje superficial para exterior IP68"},"content":{"rendered":"<h2 id=\\\"product_title_176870\\\" class=\\\"no_margin_top titulo_vista_producto\\\"><span style=\\\"color: #0000ff\\\"><span class=\\\"modelo-marca\\\">MAG600H<\/span> ACCESSPRO Chapa magn\u00e9tica 600lbs de montaje superficial para exterior IP68<\/span><\/h2>\n<p><span style=\\\"color: #000000\\\">MAG600H es una chapa magn\u00e9tica de 600LBS para exterior con protecci\u00f3n IP68 de r\u00e1pida instalaci\u00f3n y sin necesidad de montajes<\/span><\/p>\n","protected":false},"excerpt":{"rendered":"<p>MAG600H ACCESSPRO Chapa magn\u00e9tica 600lbs de montaje superficial para exterior IP68 MAG600H es una chapa magn\u00e9tica de 600LBS para exterior con protecci\u00f3n IP68 de r\u00e1pida instalaci\u00f3n y sin necesidad de montajes<\/p>\n","protected":false},"featured_media":11647,"template":"","meta":{"_acf_changed":false},"product_brand":[],"product_cat":[100,96],"product_tag":[],"berocket_brand":[],"class_list":{"0":"post-11646","1":"product","2":"type-product","3":"status-publish","4":"has-post-thumbnail","6":"product_cat-accesorios-control-de-acceso","7":"product_cat-control-de-acceso","9":"first","10":"instock","11":"taxable","12":"shipping-taxable","13":"purchasable","14":"product-type-simple","15":"berocket_lgv_grid","16":"berocket_lgv_list_grid"},"acf":[],"aioseo_notices":[],"_links":{"self":[{"href":"https:\/\/todoenseguridad.com\/site\/wp-json\/wp\/v2\/product\/11646","targetHints":{"allow":["GET"]}}],"collection":[{"href":"https:\/\/todoenseguridad.com\/site\/wp-json\/wp\/v2\/product"}],"about":[{"href":"https:\/\/todoenseguridad.com\/site\/wp-json\/wp\/v2\/types\/product"}],"wp:featuredmedia":[{"embeddable":true,"href":"https:\/\/todoenseguridad.com\/site\/wp-json\/wp\/v2\/media\/11647"}],"wp:attachment":[{"href":"https:\/\/todoenseguridad.com\/site\/wp-json\/wp\/v2\/media?parent=11646"}],"wp:term":[{"taxonomy":"product_brand","embeddable":true,"href":"https:\/\/todoenseguridad.com\/site\/wp-json\/wp\/v2\/product_brand?post=11646"},{"taxonomy":"product_cat","embeddable":true,"href":"https:\/\/todoenseguridad.com\/site\/wp-json\/wp\/v2\/product_cat?post=11646"},{"taxonomy":"product_tag","embeddable":true,"href":"https:\/\/todoenseguridad.com\/site\/wp-json\/wp\/v2\/product_tag?post=11646"},{"taxonomy":"berocket_brand","embeddable":true,"href":"https:\/\/todoenseguridad.com\/site\/wp-json\/wp\/v2\/berocket_brand?post=11646"}],"curies":[{"name":"wp","href":"https:\/\/api.w.org\/{rel}","templated":true}]}}