{"id":11634,"date":"2022-06-09T13:31:42","date_gmt":"2022-06-09T18:31:42","guid":{"rendered":"https:\/\/todoenseguridad.com\/site\/?post_type=product&#038;p=11634"},"modified":"2026-03-30T16:48:55","modified_gmt":"2026-03-30T21:48:55","slug":"ds-k4h258s-hikvision-chapa-magnetica-de-600-lbs-280-kg-montaje-en-puerta-normal-o-de-vidrio-certificado-ce-para-uso-en-interior","status":"publish","type":"product","link":"https:\/\/todoenseguridad.com\/site\/producto\/ds-k4h258s-hikvision-chapa-magnetica-de-600-lbs-280-kg-montaje-en-puerta-normal-o-de-vidrio-certificado-ce-para-uso-en-interior\/","title":{"rendered":"DS-K4H258S HIKVISION Chapa Magn\u00e9tica de 600 Lbs (280 Kg) \/ Montaje en Puerta Normal o de Vidrio \/ Certificado CE \/ Para Uso en Interior"},"content":{"rendered":"<h2 id=\\\"product_title_176625\\\" class=\\\"no_margin_top titulo_vista_producto\\\"><span style=\\\"color: #0000ff\\\"><span class=\\\"modelo-marca\\\">DS-K4H258S<\/span> HIKVISION Chapa Magn\u00e9tica de 600 Lbs (280 Kg) \/ Montaje en Puerta Normal o de Vidrio \/ Certificado CE \/ Para Uso en Interior \/ Indicador LED \/ Magnetismo Anti-residual<\/span><\/h2>\n<div class=\\\"col-sm-4\\\">\n<div>\n<p><strong>Caracter\u00edsticas principales:<\/strong><\/p>\n<ul>\n<li>Soporta m\u00e1ximo 600 Lbs (280g).<\/li>\n<li>Indicador LED de bloqueo de puerta.<\/li>\n<li>Dise\u00f1o magnetismo anti-residual.<\/li>\n<li>Material resistente a la abrasi\u00f3n.<\/li>\n<li><strong>Requiere montajes Z y L modelo<\/strong> (DS-K4H258-L\/Z.) para cualquier tipo de puerta.<\/li>\n<li>Para instalaci\u00f3n en puerta de vidrio requiere\u00a0DS-K4H258-U (adem\u00e1s de\u00a0DS-K4H258-L\/Z).<\/li>\n<\/ul>\n<\/div>\n<\/div>\n<p><strong>Caracter\u00edsticas F\u00edsicas y El\u00e9ctricas:<\/strong><\/p>\n<ul>\n<li>Consumo electrico: 12 VDC, 340mA<\/li>\n<li>Teparatura de operacion: -10 \u00b0 C ~ + 55 \u00b0 C (14 \u00b0 F ~ 131 \u00b0 F)<\/li>\n<li>Garant\u00eda: 1 a\u00f1o<\/li>\n<\/ul>\n<p><strong>Caracter\u00edsticas Destacadas:<\/strong><\/p>\n<p>Recomendado para puertas de madera, cristal, metal y blindada<\/p>\n","protected":false},"excerpt":{"rendered":"<p>DS-K4H258S HIKVISION Chapa Magn\u00e9tica de 600 Lbs (280 Kg) \/ Montaje en Puerta Normal o de Vidrio \/ Certificado CE \/ Para Uso en Interior \/ Indicador LED \/ Magnetismo Anti-residual Caracter\u00edsticas principales: Soporta m\u00e1ximo 600 Lbs (280g). Indicador LED de bloqueo de puerta. Dise\u00f1o magnetismo anti-residual. Material resistente a la abrasi\u00f3n. Requiere montajes Z [&hellip;]<\/p>\n","protected":false},"featured_media":11635,"template":"","meta":{"_acf_changed":false},"product_brand":[],"product_cat":[100,96],"product_tag":[],"berocket_brand":[],"class_list":{"0":"post-11634","1":"product","2":"type-product","3":"status-publish","4":"has-post-thumbnail","6":"product_cat-accesorios-control-de-acceso","7":"product_cat-control-de-acceso","9":"first","10":"instock","11":"taxable","12":"shipping-taxable","13":"purchasable","14":"product-type-simple","15":"berocket_lgv_grid","16":"berocket_lgv_list_grid"},"acf":[],"aioseo_notices":[],"_links":{"self":[{"href":"https:\/\/todoenseguridad.com\/site\/wp-json\/wp\/v2\/product\/11634","targetHints":{"allow":["GET"]}}],"collection":[{"href":"https:\/\/todoenseguridad.com\/site\/wp-json\/wp\/v2\/product"}],"about":[{"href":"https:\/\/todoenseguridad.com\/site\/wp-json\/wp\/v2\/types\/product"}],"wp:featuredmedia":[{"embeddable":true,"href":"https:\/\/todoenseguridad.com\/site\/wp-json\/wp\/v2\/media\/11635"}],"wp:attachment":[{"href":"https:\/\/todoenseguridad.com\/site\/wp-json\/wp\/v2\/media?parent=11634"}],"wp:term":[{"taxonomy":"product_brand","embeddable":true,"href":"https:\/\/todoenseguridad.com\/site\/wp-json\/wp\/v2\/product_brand?post=11634"},{"taxonomy":"product_cat","embeddable":true,"href":"https:\/\/todoenseguridad.com\/site\/wp-json\/wp\/v2\/product_cat?post=11634"},{"taxonomy":"product_tag","embeddable":true,"href":"https:\/\/todoenseguridad.com\/site\/wp-json\/wp\/v2\/product_tag?post=11634"},{"taxonomy":"berocket_brand","embeddable":true,"href":"https:\/\/todoenseguridad.com\/site\/wp-json\/wp\/v2\/berocket_brand?post=11634"}],"curies":[{"name":"wp","href":"https:\/\/api.w.org\/{rel}","templated":true}]}}