{"id":11627,"date":"2022-06-09T12:26:50","date_gmt":"2022-06-09T17:26:50","guid":{"rendered":"https:\/\/todoenseguridad.com\/site\/?post_type=product&#038;p=11627"},"modified":"2025-02-13T12:00:09","modified_gmt":"2025-02-13T17:00:09","slug":"ds-k1t671m-k-hikvision-kit-de-biometrico-touch-reconocimiento-facial-ultra-rapido-con-funcion-de-videoportero-ambientes-no-ruidosos-incluye-lector-de-huellas","status":"publish","type":"product","link":"https:\/\/todoenseguridad.com\/site\/producto\/ds-k1t671m-k-hikvision-kit-de-biometrico-touch-reconocimiento-facial-ultra-rapido-con-funcion-de-videoportero-ambientes-no-ruidosos-incluye-lector-de-huellas\/","title":{"rendered":"DS-K1T671M\/K HIKVISION Kit de Biom\u00e9trico Touch Reconocimiento Facial ULTRA R\u00e1pido con funci\u00f3n de Videoportero (ambientes no ruidosos) Incluye LECTOR DE HUELLAS"},"content":{"rendered":"<h2 id=\"product_title_207176\" class=\"no_margin_top titulo_vista_producto\"><span style=\"color: #0000ff;\"><span class=\"modelo-marca\">DS-K1T671M\/K<\/span> HIKVISION Kit de Biom\u00e9trico Touch Reconocimiento Facial ULTRA R\u00e1pido con funci\u00f3n de Videoportero (ambientes no ruidosos) Incluye LECTOR DE HUELLAS \/ Lectura de C\u00f3digos QR \/ 6,000 usuarios \/ Alta tecnolog\u00eda Deep Learning<\/span><\/h2>\n<div><span style=\"color: #000000;\"><strong>Caracter\u00edsticas principales:<\/strong><\/span><\/div>\n<div>\n<ul>\n<li><span style=\"color: #000000;\">Pantalla LCD touch 7&#8242; (1024&#215;600)<\/span><\/li>\n<li><span style=\"color: #000000;\">Doble Camara de 2 mp,con luz complementaria (IR,WDR).<\/span><\/li>\n<li><span style=\"color: #000000;\">Comunicaci\u00f3n IP (10\/100\/1000 Mbps)<\/span><\/li>\n<li><span style=\"color: #000000;\">Distancia para reconocer rostro: 0.3 a 1.5 metros.<\/span><\/li>\n<li><span style=\"color: #000000;\">Multiple autentificacion .<\/span><\/li>\n<li><span style=\"color: #000000;\">Soporta hasta 6,000 rostros.<\/span><\/li>\n<li><span style=\"color: #000000;\">Soporta hasta 6000 tarjetas MIFARE.<\/span><\/li>\n<li><span style=\"color: #000000;\">Soporta hasta 5,000 huellas con\u00a0DS-KAB671F.<\/span><\/li>\n<li><span style=\"color: #000000;\">Control de acceso por horarios.<\/span><\/li>\n<li><span style=\"color: #000000;\">Audio bidireccional.\u00a0<\/span><\/li>\n<li><span style=\"color: #000000;\"><strong>Garant\u00eda: 2 A\u00f1os<\/strong><\/span><\/li>\n<\/ul>\n<div class=\"col-sm-4\">\n<div>\n<p><span style=\"color: #000000;\"><strong>Caracter\u00edsticas F\u00edsicas y El\u00e9ctricas:<\/strong><\/span><\/p>\n<ul>\n<li><span style=\"color: #000000;\">Alimentaci\u00f3n: 12VCD @ 2A (No incluida)<\/span><\/li>\n<li><span style=\"color: #000000;\">Se recomienda este modelo de fuente: <strong>PL12DC5ABK<\/strong><\/span><\/li>\n<li><span style=\"color: #000000;\">Temperatura de operaci\u00f3n:-30\u00b0C a 60\u00b0C(-22\u00b0F a 140\u00b0 F) 0 a 90% sin condensacion.<\/span><\/li>\n<li><span style=\"color: #000000;\">Dimensiones: 290mm x 116.5 mm\u00a0 \u00a0\/33mm<\/span><\/li>\n<li><span style=\"color: #000000;\">INCLUYE LECTOR DE HUELLAS DS-KAB671F<\/span><\/li>\n<\/ul>\n<p><span style=\"color: #000000;\"><strong>Interfaces:<\/strong><\/span><\/p>\n<ul>\n<li><span style=\"color: #000000;\">Wiegand:\u00a01<\/span><\/li>\n<li><span style=\"color: #000000;\">Network :1<\/span><\/li>\n<li><span style=\"color: #000000;\">USB 2.0: 1<\/span><\/li>\n<li><span style=\"color: #000000;\">RS-485: 1<\/span><\/li>\n<li><span style=\"color: #000000;\">Alarma IN\/OUT: 2\/1<\/span><\/li>\n<li><span style=\"color: #000000;\">Timbre de puerta:1<\/span><\/li>\n<li><span style=\"color: #000000;\">Bot\u00f3n de salida: 1<\/span><\/li>\n<li><span style=\"color: #000000;\">Tamper:1<\/span><\/li>\n<li><span style=\"color: #000000;\">Salida de relevador para chapa<\/span><\/li>\n<\/ul>\n<div class=\"col-sm-4\">\n<div>\n<p><span style=\"color: #000000;\"><strong>Caracter\u00edsticas Destacadas:<\/strong><\/span><\/p>\n<ul>\n<li><span style=\"color: #000000;\">Reconocimiento facial al instante, con taza de precisi\u00f3n del 99%.<\/span><\/li>\n<li><span style=\"color: #000000;\">Se puede a\u00f1adir modulo lector de huellas modelo\u00a0DS-KAB671F.<\/span><\/li>\n<li><span style=\"color: #000000;\">Compatible con soluci\u00f3n de TV porteros IP Hikvision.<\/span><\/li>\n<li><span style=\"color: #000000;\">Administrado mediante IVMS4200.<\/span><\/li>\n<\/ul>\n<p><span style=\"color: #000000;\"><strong>NUEVAS FUNCIONES <\/strong> <strong>(<\/strong>V3.2.30_build210629)<\/span><\/p>\n<ul>\n<li><span style=\"color: #000000;\">Detecci\u00f3n de Cubrebocas<\/span><\/li>\n<li><span style=\"color: #000000;\">Acceso por solo PIN (alta desde IVMS4200)<\/span><\/li>\n<li><span style=\"color: #000000;\">Screensaver con im\u00e1genes personalizadas<\/span><\/li>\n<li><span style=\"color: #000000;\">Interfaz Web<\/span><\/li>\n<li><span style=\"color: #000000;\">Optimizaci\u00f3n de performance general.<\/span><\/li>\n<li><span style=\"color: #000000;\">Descarga de registros en excel por USB (registros de acceso).<\/span><\/li>\n<\/ul>\n<p><span style=\"color: #000000;\">Monitores compatibles:<\/span><\/p>\n<ul>\n<li><span style=\"color: #000000;\">DS-KH6220-LE1\u00a0(solo local, sin llamada a la App).<\/span><\/li>\n<li><span style=\"color: #000000;\">DS-KH6320-WTE1<\/span><\/li>\n<li><span style=\"color: #000000;\">DS-KH8520-WTE1<\/span><\/li>\n<li><span style=\"color: #000000;\">DS-KH9510-WTE1<\/span><\/li>\n<li><span style=\"color: #000000;\">DS-KH9310-WTE1<\/span><\/li>\n<\/ul>\n<\/div>\n<\/div>\n<\/div>\n<\/div>\n<\/div>\n","protected":false},"excerpt":{"rendered":"<p>DS-K1T671M\/K HIKVISION Kit de Biom\u00e9trico Touch Reconocimiento Facial ULTRA R\u00e1pido con funci\u00f3n de Videoportero (ambientes no ruidosos) Incluye LECTOR DE HUELLAS \/ Lectura de C\u00f3digos QR \/ 6,000 usuarios \/ Alta tecnolog\u00eda Deep Learning Caracter\u00edsticas principales: Pantalla LCD touch 7&#8242; (1024&#215;600) Doble Camara de 2 mp,con luz complementaria (IR,WDR). Comunicaci\u00f3n IP (10\/100\/1000 Mbps) Distancia para [&hellip;]<\/p>\n","protected":false},"featured_media":11628,"template":"","meta":{"_acf_changed":false},"product_brand":[],"product_cat":[96,98],"product_tag":[],"berocket_brand":[],"class_list":{"0":"post-11627","1":"product","2":"type-product","3":"status-publish","4":"has-post-thumbnail","6":"product_cat-control-de-acceso","7":"product_cat-lector-biometrico","9":"first","10":"instock","11":"taxable","12":"shipping-taxable","13":"purchasable","14":"product-type-simple","15":"berocket_lgv_grid","16":"berocket_lgv_list_grid"},"acf":[],"aioseo_notices":[],"_links":{"self":[{"href":"https:\/\/todoenseguridad.com\/site\/wp-json\/wp\/v2\/product\/11627","targetHints":{"allow":["GET"]}}],"collection":[{"href":"https:\/\/todoenseguridad.com\/site\/wp-json\/wp\/v2\/product"}],"about":[{"href":"https:\/\/todoenseguridad.com\/site\/wp-json\/wp\/v2\/types\/product"}],"wp:featuredmedia":[{"embeddable":true,"href":"https:\/\/todoenseguridad.com\/site\/wp-json\/wp\/v2\/media\/11628"}],"wp:attachment":[{"href":"https:\/\/todoenseguridad.com\/site\/wp-json\/wp\/v2\/media?parent=11627"}],"wp:term":[{"taxonomy":"product_brand","embeddable":true,"href":"https:\/\/todoenseguridad.com\/site\/wp-json\/wp\/v2\/product_brand?post=11627"},{"taxonomy":"product_cat","embeddable":true,"href":"https:\/\/todoenseguridad.com\/site\/wp-json\/wp\/v2\/product_cat?post=11627"},{"taxonomy":"product_tag","embeddable":true,"href":"https:\/\/todoenseguridad.com\/site\/wp-json\/wp\/v2\/product_tag?post=11627"},{"taxonomy":"berocket_brand","embeddable":true,"href":"https:\/\/todoenseguridad.com\/site\/wp-json\/wp\/v2\/berocket_brand?post=11627"}],"curies":[{"name":"wp","href":"https:\/\/api.w.org\/{rel}","templated":true}]}}