{"id":11600,"date":"2022-06-09T10:29:18","date_gmt":"2022-06-09T15:29:18","guid":{"rendered":"https:\/\/todoenseguridad.com\/site\/?post_type=product&#038;p=11600"},"modified":"2026-03-30T16:50:34","modified_gmt":"2026-03-30T21:50:34","slug":"tapo-c200-tp-link-camara-ip-wi-fi-para-hogar-2mp-audio-doble-via-vision-nocturna-notificacion-push-acepta-memoria-micro-sd","status":"publish","type":"product","link":"https:\/\/todoenseguridad.com\/site\/producto\/tapo-c200-tp-link-camara-ip-wi-fi-para-hogar-2mp-audio-doble-via-vision-nocturna-notificacion-push-acepta-memoria-micro-sd\/","title":{"rendered":"TAPO-C200 TP-LINK C\u00e1mara IP Wi-Fi para hogar\/ 2MP\/ audio doble v\u00eda\/ visi\u00f3n nocturna\/ notificaci\u00f3n Push\/ acepta memoria Micro SD"},"content":{"rendered":"<h2 id=\\\"product_title_177054\\\" class=\\\"no_margin_top titulo_vista_producto\\\"><span style=\\\"color: #0000ff\\\"><span class=\\\"modelo-marca\\\">TAPO-C200<\/span> TP-LINK C\u00e1mara IP Wi-Fi para hogar, 2MP, audio doble v\u00eda, visi\u00f3n nocturna, notificaci\u00f3n Push, acepta memoria Micro SD de para grabaci\u00f3n.<\/span><\/h2>\n<p><span style=\\\"color: #000000\\\"><strong>Caracter\u00edsticas principales:<\/strong><\/span><\/p>\n<ul>\n<li><span style=\\\"color: #000000\\\">Disparador de entrada: Detecci\u00f3n de movimiento.<\/span><\/li>\n<li><span style=\\\"color: #000000\\\">Notificaci\u00f3n de salida: Notificaci\u00f3n Push.<\/span><\/li>\n<li><span style=\\\"color: #000000\\\">Soporta 4 streams de video simultaneos.<\/span><\/li>\n<li><span style=\\\"color: #000000\\\">Al mismo tiempo pudiera soportar 4 usuarios simult\u00e1neos.<\/span><\/li>\n<li><span style=\\\"color: #000000\\\">Codec H.264.<\/span><\/li>\n<li><span style=\\\"color: #000000\\\">Resoluci\u00f3n 1080p Full HD.<\/span><\/li>\n<li><span style=\\\"color: #000000\\\">Rango de vista 360\u00b0 horizontal, 114\u00b0 vertical.<\/span><\/li>\n<li><span style=\\\"color: #000000\\\">Audio en 2 vias.<\/span><\/li>\n<li><span style=\\\"color: #000000\\\">Frecuencia 2.4GHz.<\/span><\/li>\n<li><span style=\\\"color: #000000\\\">Soporta memoria MicroSD de 128 GB para grabaci\u00f3n local (no incluye memoria).<\/span><\/li>\n<li><span style=\\\"color: #000000\\\">Vision nocturna hasta 10 metros.<\/span><\/li>\n<li><span style=\\\"color: #000000\\\">Lente focal de 4mm.<\/span><\/li>\n<li><span style=\\\"color: #000000\\\"><strong>1 a\u00f1o de garant\u00eda<\/strong><\/span><\/li>\n<\/ul>\n<p><span style=\\\"color: #000000\\\"><strong>Caracter\u00edsticas F\u00edsicas y El\u00e9ctricas:<\/strong><\/span><\/p>\n<ul>\n<li><span style=\\\"color: #000000\\\">Entrada del adaptador 100-240V AC, 50\/60 Hz.<\/span><\/li>\n<li><span style=\\\"color: #000000\\\">Salida del adaptador 9.0V\/0.6A.<\/span><\/li>\n<li><span style=\\\"color: #000000\\\">Bot\u00f3n de reset.<\/span><\/li>\n<li><span style=\\\"color: #000000\\\">Indicador LED.<\/span><\/li>\n<li><span style=\\\"color: #000000\\\">Microfono y altavoz integrado.<\/span><\/li>\n<li><span style=\\\"color: #000000\\\">Temperatura de operaci\u00f3n: 0\u00ba ~ 40\u00ba C.<\/span><\/li>\n<li><span style=\\\"color: #000000\\\">Dimensiones: 86.6 \u00d7 85 \u00d7 117.7 mm<\/span><\/li>\n<\/ul>\n<p><span style=\\\"color: #000000\\\"><strong>Incluye Paquete<\/strong><\/span><\/p>\n<ul>\n<li><span style=\\\"color: #000000\\\">Tapo Pan\/Tilt Home Security Wi-Fi Camera<\/span><\/li>\n<li><span style=\\\"color: #000000\\\">Adaptador de corriente.<\/span><\/li>\n<li><span style=\\\"color: #000000\\\">Guia de instalacion rapida.<\/span><\/li>\n<li><span style=\\\"color: #000000\\\">Tornillos de montaje.<\/span><\/li>\n<li><span style=\\\"color: #000000\\\">Placa de montaje.<\/span><\/li>\n<li><span style=\\\"color: #000000\\\">Base de la c\u00e1mara<\/span><\/li>\n<\/ul>\n","protected":false},"excerpt":{"rendered":"<p>TAPO-C200 TP-LINK C\u00e1mara IP Wi-Fi para hogar, 2MP, audio doble v\u00eda, visi\u00f3n nocturna, notificaci\u00f3n Push, acepta memoria Micro SD de para grabaci\u00f3n. Caracter\u00edsticas principales: Disparador de entrada: Detecci\u00f3n de movimiento. Notificaci\u00f3n de salida: Notificaci\u00f3n Push. Soporta 4 streams de video simultaneos. Al mismo tiempo pudiera soportar 4 usuarios simult\u00e1neos. Codec H.264. Resoluci\u00f3n 1080p Full HD. [&hellip;]<\/p>\n","protected":false},"featured_media":11601,"template":"","meta":{"_acf_changed":false},"product_brand":[],"product_cat":[51,54],"product_tag":[],"berocket_brand":[],"class_list":{"0":"post-11600","1":"product","2":"type-product","3":"status-publish","4":"has-post-thumbnail","6":"product_cat-camaras-i-p","7":"product_cat-pt-ptz","9":"first","10":"instock","11":"taxable","12":"shipping-taxable","13":"purchasable","14":"product-type-simple","15":"berocket_lgv_grid","16":"berocket_lgv_list_grid"},"acf":[],"aioseo_notices":[],"_links":{"self":[{"href":"https:\/\/todoenseguridad.com\/site\/wp-json\/wp\/v2\/product\/11600","targetHints":{"allow":["GET"]}}],"collection":[{"href":"https:\/\/todoenseguridad.com\/site\/wp-json\/wp\/v2\/product"}],"about":[{"href":"https:\/\/todoenseguridad.com\/site\/wp-json\/wp\/v2\/types\/product"}],"wp:featuredmedia":[{"embeddable":true,"href":"https:\/\/todoenseguridad.com\/site\/wp-json\/wp\/v2\/media\/11601"}],"wp:attachment":[{"href":"https:\/\/todoenseguridad.com\/site\/wp-json\/wp\/v2\/media?parent=11600"}],"wp:term":[{"taxonomy":"product_brand","embeddable":true,"href":"https:\/\/todoenseguridad.com\/site\/wp-json\/wp\/v2\/product_brand?post=11600"},{"taxonomy":"product_cat","embeddable":true,"href":"https:\/\/todoenseguridad.com\/site\/wp-json\/wp\/v2\/product_cat?post=11600"},{"taxonomy":"product_tag","embeddable":true,"href":"https:\/\/todoenseguridad.com\/site\/wp-json\/wp\/v2\/product_tag?post=11600"},{"taxonomy":"berocket_brand","embeddable":true,"href":"https:\/\/todoenseguridad.com\/site\/wp-json\/wp\/v2\/berocket_brand?post=11600"}],"curies":[{"name":"wp","href":"https:\/\/api.w.org\/{rel}","templated":true}]}}