{"id":11589,"date":"2022-06-08T14:23:18","date_gmt":"2022-06-08T19:23:18","guid":{"rendered":"https:\/\/todoenseguridad.com\/site\/?post_type=product&#038;p=11589"},"modified":"2026-03-23T17:17:57","modified_gmt":"2026-03-23T22:17:57","slug":"ds-6700ni-s-hikvision-adaptador-para-grabacion-en-la-nube-soporta-8-canales-de-video-y-audio-compatible-con-hik-proconnect","status":"publish","type":"product","link":"https:\/\/todoenseguridad.com\/site\/producto\/ds-6700ni-s-hikvision-adaptador-para-grabacion-en-la-nube-soporta-8-canales-de-video-y-audio-compatible-con-hik-proconnect\/","title":{"rendered":"DS-6700NI-S HIKVISION Adaptador para Grabaci\u00f3n en la Nube\/ Soporta 8 Canales de Video y Audio\/ Compatible con Hik-ProConnect"},"content":{"rendered":"<h2 id=\\\"product_title_191258\\\" class=\\\"no_margin_top titulo_vista_producto\\\"><span style=\\\"color: #0000ff\\\"><span class=\\\"modelo-marca\\\">DS-6700NI-S<\/span> HIKVISION Adaptador para Grabaci\u00f3n en la Nube\/ Soporta 8 Canales de Video y Audio\/ Compatible con Hik-ProConnect\/ Permite Grabar Camaras IP, DVR\u00b4s o NVR\u00b4s<\/span><\/h2>\n<p><span style=\\\"color: #000000\\\"><strong>Caracter\u00edsticas principales:<\/strong><\/span><\/p>\n<ul>\n<li><span style=\\\"color: #000000\\\">Soporta hasta 8 canales de grabaci\u00f3n.<\/span><\/li>\n<li><span style=\\\"color: #000000\\\">Resoluci\u00f3n m\u00e1xima de 2 Megapixel (1080p).<\/span><\/li>\n<li><span style=\\\"color: #000000\\\">Codificaci\u00f3n de video y FPS: 5ch@1080p(10)fps, 6ch@1080p(8)fps, 7ch@1080p (7) fps, 8ch@1080p (6fps)<\/span><\/li>\n<li><span style=\\\"color: #000000\\\">Throughput entrada: 80 Mbps.<\/span><\/li>\n<li><span style=\\\"color: #000000\\\">Throughput salida: 80 Mbps.<\/span><\/li>\n<li><span style=\\\"color: #000000\\\">Permite grabar camaras IP, DVR\u00b4s y NVR\u00b4s HIKVISION.<\/span><\/li>\n<li><span style=\\\"color: #000000\\\"><strong>Unicamente compatible con grabaci\u00f3n de detecci\u00f3n de movimiento, es necesario que el grabador tenga activo detecci\u00f3n de movimiento,<br \/>\nno compatible con filtro de humanos \/ vehiculos, solamente grabara por variaci\u00f3n de pixeles.<\/strong><\/span><\/li>\n<li><span style=\\\"color: #000000\\\"><strong>En caso de usarse con DVR, NVR, IPC se puede tener almacenamiento local y en la nube.<\/strong><\/span><\/li>\n<li><span style=\\\"color: #000000\\\"><strong>Requiere licencia de almacenamiento en la nube.<br \/>\n<\/strong><\/span><\/li>\n<li><span style=\\\"color: #000000\\\"><strong>Unicamente compatible con HikProConnect.<\/strong><\/span><\/li>\n<li><span style=\\\"color: #000000\\\"><strong>Para que funcione el almacenamiento en la nube el equipo debe de ser compatible con Hik-ProConnect<\/strong><\/span><\/li>\n<\/ul>\n<p><span style=\\\"color: #000000\\\"><strong>Caracter\u00edsticas F\u00edsicas y El\u00e9ctricas:<\/strong><\/span><\/p>\n<ul>\n<li><span style=\\\"color: #000000\\\">Alimentaci\u00f3n: 12 VCD \/ 1 A \/ 6 W.<\/span><\/li>\n<li><span style=\\\"color: #000000\\\">Temperatura de operaci\u00f3n: -10\u00b0C a 55\u00b0C.<\/span><\/li>\n<li><span style=\\\"color: #000000\\\">Dimensiones:\u00a092 x 93 x 45.8 mm.<\/span><\/li>\n<li><span style=\\\"color: #000000\\\">Peso: 500 gramos<\/span><\/li>\n<\/ul>\n","protected":false},"excerpt":{"rendered":"<p>DS-6700NI-S HIKVISION Adaptador para Grabaci\u00f3n en la Nube\/ Soporta 8 Canales de Video y Audio\/ Compatible con Hik-ProConnect\/ Permite Grabar Camaras IP, DVR\u00b4s o NVR\u00b4s Caracter\u00edsticas principales: Soporta hasta 8 canales de grabaci\u00f3n. Resoluci\u00f3n m\u00e1xima de 2 Megapixel (1080p). Codificaci\u00f3n de video y FPS: 5ch@1080p(10)fps, 6ch@1080p(8)fps, 7ch@1080p (7) fps, 8ch@1080p (6fps) Throughput entrada: 80 Mbps. [&hellip;]<\/p>\n","protected":false},"featured_media":11590,"template":"","meta":{"_acf_changed":false},"product_brand":[],"product_cat":[93,91],"product_tag":[],"berocket_brand":[],"class_list":{"0":"post-11589","1":"product","2":"type-product","3":"status-publish","4":"has-post-thumbnail","6":"product_cat-8-canales-grabadoras-nvr-ip","7":"product_cat-grabadoras-nvr-ip","9":"first","10":"instock","11":"taxable","12":"shipping-taxable","13":"purchasable","14":"product-type-simple","15":"berocket_lgv_grid","16":"berocket_lgv_list_grid"},"acf":[],"aioseo_notices":[],"_links":{"self":[{"href":"https:\/\/todoenseguridad.com\/site\/wp-json\/wp\/v2\/product\/11589","targetHints":{"allow":["GET"]}}],"collection":[{"href":"https:\/\/todoenseguridad.com\/site\/wp-json\/wp\/v2\/product"}],"about":[{"href":"https:\/\/todoenseguridad.com\/site\/wp-json\/wp\/v2\/types\/product"}],"wp:featuredmedia":[{"embeddable":true,"href":"https:\/\/todoenseguridad.com\/site\/wp-json\/wp\/v2\/media\/11590"}],"wp:attachment":[{"href":"https:\/\/todoenseguridad.com\/site\/wp-json\/wp\/v2\/media?parent=11589"}],"wp:term":[{"taxonomy":"product_brand","embeddable":true,"href":"https:\/\/todoenseguridad.com\/site\/wp-json\/wp\/v2\/product_brand?post=11589"},{"taxonomy":"product_cat","embeddable":true,"href":"https:\/\/todoenseguridad.com\/site\/wp-json\/wp\/v2\/product_cat?post=11589"},{"taxonomy":"product_tag","embeddable":true,"href":"https:\/\/todoenseguridad.com\/site\/wp-json\/wp\/v2\/product_tag?post=11589"},{"taxonomy":"berocket_brand","embeddable":true,"href":"https:\/\/todoenseguridad.com\/site\/wp-json\/wp\/v2\/berocket_brand?post=11589"}],"curies":[{"name":"wp","href":"https:\/\/api.w.org\/{rel}","templated":true}]}}