{"id":11566,"date":"2022-06-08T11:36:25","date_gmt":"2022-06-08T16:36:25","guid":{"rendered":"https:\/\/todoenseguridad.com\/site\/?post_type=product&#038;p=11566"},"modified":"2026-03-23T17:21:42","modified_gmt":"2026-03-23T22:21:42","slug":"ids-7208hqhi-m1-sc-hikvision-acusense-evita-falsas-alarmas-dvr-4mp-8-canales-turbohd-4-canales-ip-1-bahia-de-disco-duro","status":"publish","type":"product","link":"https:\/\/todoenseguridad.com\/site\/producto\/ids-7208hqhi-m1-sc-hikvision-acusense-evita-falsas-alarmas-dvr-4mp-8-canales-turbohd-4-canales-ip-1-bahia-de-disco-duro\/","title":{"rendered":"IDS-7208HQHI-M1\/S(C) HIKVISION (ACUSENSE \/ Evita Falsas Alarmas) DVR 4MP \/ 8 Canales TURBOHD + 4 Canales IP \/ 1 Bah\u00eda de Disco Duro"},"content":{"rendered":"<h2 id=\\\"product_title_192927\\\" class=\\\"no_margin_top titulo_vista_producto\\\"><span style=\\\"color: #0000ff\\\"><span class=\\\"modelo-marca\\\">IDS-7208HQHI-M1\/S(C)<\/span> HIKVISION (ACUSENSE\/ Evita Falsas Alarmas) DVR 4MP\/ 8 Canales TURBOHD + 4 Canales IP\/ 1 Bah\u00eda de Disco Duro\/ Audio por Coaxitron\/ Salida de V\u00eddeo en Full HD.<\/span><\/h2>\n<h2><span style=\\\"color: #000000\\\">Tecnolog\u00eda AcuSense\u00a0<\/span><\/h2>\n<p><span style=\\\"color: #000000\\\">La tecnolog\u00eda AcuSense se basa en el algoritmo <em><strong>Deep Learning<\/strong><\/em> de Hikvision. Los algoritmos de <strong><em>Deep Learning<\/em><\/strong> son mucho m\u00e1s profundos que los algoritmos inteligentes convencionales, que solo operan de forma superficial. Estos realizan aprendizaje de caracter\u00edsticas, proporcionando un rendimiento de an\u00e1lisis de contenido de v\u00eddeo (VCA) asombrosamente preciso y consistente.<\/span><\/p>\n<p><span style=\\\"color: #000000\\\">AcuSense es capaz de diferenciar, con gran precisi\u00f3n, un cuerpo humano y un veh\u00edculo en un escenario con una gran cantidad de objetos. No solo puede detectar la intrusi\u00f3n humana y del veh\u00edculo, sino que tambi\u00e9n puede filtrar falsas alarmas que podr\u00edan haber sido disparadas por objetos en movimiento que no presentan un riesgo.<\/span><\/p>\n<p><span style=\\\"color: #000000\\\">La tecnolog\u00eda tambi\u00e9n brinda una funci\u00f3n de b\u00fasqueda de objetivos poderosa y r\u00e1pida que es capaz de analizar grabaciones y seleccionar todas las im\u00e1genes humanas o de veh\u00edculos que se vinculan al video clip relacionado<\/span><\/p>\n<h2><span style=\\\"color: #000000\\\"><strong>\u00bfQue es H.265+?<\/strong><\/span><\/h2>\n<p><span style=\\\"color: #000000\\\">Es un formato de compresi\u00f3n inteligente que <strong>permite ahorrar hasta 80% de almacenamiento y ancho de banda<\/strong>, para que la compresi\u00f3n se pueda activa debemos de contar con c\u00e1mara IP y NVR que soporten el mismo formato de compresi\u00f3n.<\/span><\/p>\n<p><span style=\\\"color: #000000\\\"><strong>Caracter\u00edsticas principales:<\/strong><\/span><\/p>\n<ul>\n<li><span style=\\\"color: #000000\\\">Serie Turbo HD Versi\u00f3n 5.0<\/span><\/li>\n<li><span style=\\\"color: #000000\\\"><strong>Permite apagar canales anal\u00f3gicos TURBOHD y poder colocar c\u00e1maras IP en todos sus canales, p\u00f3demos colocar hasta 12 c\u00e1maras IP en total. Por cada canal anal\u00f3gico TURBOHD que se apague se genera una canal IP adicional.<\/strong><\/span><\/li>\n<li><span style=\\\"color: #000000\\\"><strong>DVR pentahibrido: HD-TVI \/ HD-CVI \/ Analogico \/ IP \/ AHD.<\/strong><\/span><\/li>\n<li><span style=\\\"color: #000000\\\">Acceso remoto: PC (WINDOWS \/ MAC), Smart Phone (iPhone, iPad, Android).<\/span><\/li>\n<li><span style=\\\"color: #000000\\\">Compatibilidad con navegador Internet Explorer.<\/span><\/li>\n<li><span style=\\\"color: #000000\\\">Software cliente multi sitio de hasta 64 canales (iVMS-4200).<\/span><\/li>\n<li><span style=\\\"color: #000000\\\">Compatible con Hik-Connect P2P.<\/span><\/li>\n<li><span style=\\\"color: #000000\\\">Soporta servicio DDNS Hik-Connect Domain \/ DynDNS.<\/span><\/li>\n<li><span style=\\\"color: #000000\\\">Funciones Avanzadas: Detecci\u00f3n por cruce de linea &amp; detecci\u00f3n de intrusi\u00f3n.<\/span><\/li>\n<li><span style=\\\"color: #000000\\\">1 entrada y 1 salida de audio.<\/span><\/li>\n<li><span style=\\\"color: #000000\\\">Soporta 1 HDD de hasta 10 TB (no incluido).<\/span><\/li>\n<li><span style=\\\"color: #000000\\\">Interfaz serial: RS-485 (HIKVISION C, COAXITRON, PELCO D, PELCO P, etc)<\/span><\/li>\n<\/ul>\n<p><span style=\\\"color: #000000\\\"><strong>Caracter\u00edsticas F\u00edsicas y El\u00e9ctricas:<\/strong><\/span><\/p>\n<ul>\n<li><span style=\\\"color: #000000\\\">Alimentaci\u00f3n: 12 Vcd (fuente incluida).<\/span><\/li>\n<li><span style=\\\"color: #000000\\\">Consumo sin HDD: 18 watts.<\/span><\/li>\n<li><span style=\\\"color: #000000\\\">Temperatura de operacion: -10 \u00baC hasta 55 \u00baC.<\/span><\/li>\n<li><span style=\\\"color: #000000\\\">Dimensiones: 315 x 242 x 45 mm (W \u00d7 D \u00d7 H)<\/span><\/li>\n<li><span style=\\\"color: #000000\\\">Peso: 1.78 Kg sin HDD.<\/span><\/li>\n<li><span style=\\\"color: #000000\\\"><strong>Garant\u00eda: 2 A\u00f1os.<\/strong><\/span><\/li>\n<\/ul>\n<p><span style=\\\"color: #000000\\\"><strong>Compresi\u00f3n y resoluci\u00f3n:<\/strong><\/span><\/p>\n<ul>\n<li><span style=\\\"color: #000000\\\"><strong>Compresi\u00f3n: H.265+ \/ H.265 \/ H.264+ \/ H.264.<\/strong><\/span><\/li>\n<li><span style=\\\"color: #000000\\\"><strong>Soporta 8 canales TURBOHD \/ anal\u00f3gicos + 4 canales IP = 12 canales en total.<\/strong><\/span><\/li>\n<li><span style=\\\"color: #000000\\\"><strong>Soporta 5 Tecnolog\u00edas (TVI \/ AHD \/ CVI \/ CVBS \/ IP):<\/strong><\/span>\n<ul>\n<li><span style=\\\"color: #000000\\\"><strong>4 Megapixel Lite@ 15 IPS\u00a0<\/strong><\/span><\/li>\n<li><span style=\\\"color: #000000\\\"><strong>3 Megapixel @ 15 IPS\u00a0<\/strong><\/span><\/li>\n<li><span style=\\\"color: #000000\\\"><strong>2 Megapixel @ 30 IPS<\/strong><\/span><\/li>\n<li><span style=\\\"color: #000000\\\"><strong>1 Megapixel @ 30 IPS\u00a0<\/strong><\/span><\/li>\n<li><span style=\\\"color: #000000\\\"><strong>Analogico 1200TVL (CVBS) @ 30 IPS\u00a0<\/strong><\/span><\/li>\n<li><span style=\\\"color: #000000\\\"><strong>IP hasta 6 Megapixel<\/strong><\/span><\/li>\n<\/ul>\n<\/li>\n<\/ul>\n<p><span style=\\\"color: #000000\\\"><strong>Caracter\u00edsticas Destacadas:<\/strong><\/span><\/p>\n<p><span style=\\\"color: #000000\\\">El DVR soporta 4 canales de v\u00eddeo con activaci\u00f3n de detecci\u00f3n de cuerpo humano o detecci\u00f3n de veh\u00edculos, esto nos permite ser mas precisos al momento de tener alguna grabacion de poder descargar cualquier otro tipo de movimientos.<\/span><\/p>\n<p><span style=\\\"color: #000000\\\">Es necesario contemplar cu\u00e1l de los anal\u00edticos se utilizar\u00e1n ya que no es posible utilizar ambos al mismo tiempo. Al activar la detecci\u00f3n de cuerpo humano no es posible activar detecci\u00f3n de veh\u00edculos y viceversa<\/span><\/p>\n<p><span style=\\\"color: #000000\\\">Soporta audio en todos sus canales por coaxitron utilizando camaras con audio integrado.\u00a0<\/span><\/p>\n<p><span style=\\\"color: #000000\\\">Para utilizar audio de 2 v\u00edas se recomienda colocar un micr\u00f3fono en la entrada de audio, no se recomienda para audio de 2 v\u00edas una c\u00e1mara con audio por coaxitron.<\/span><\/p>\n<p><span style=\\\"color: #000000\\\"><strong>Los equipos con AcuSense pueden llegar a filtrar hasta el 95% de falsas alarmas, la eficacia del filtrado depende de la distancia &#8211; \u00e1ngulo de visi\u00f3n del objetivo y la c\u00e1mara. Algunas mascotas, insectos pueden generar alertamientos basados en lo anterior<\/strong><\/span><\/p>\n","protected":false},"excerpt":{"rendered":"<p>IDS-7208HQHI-M1\/S(C) HIKVISION (ACUSENSE\/ Evita Falsas Alarmas) DVR 4MP\/ 8 Canales TURBOHD + 4 Canales IP\/ 1 Bah\u00eda de Disco Duro\/ Audio por Coaxitron\/ Salida de V\u00eddeo en Full HD. Tecnolog\u00eda AcuSense\u00a0 La tecnolog\u00eda AcuSense se basa en el algoritmo Deep Learning de Hikvision. Los algoritmos de Deep Learning son mucho m\u00e1s profundos que los algoritmos [&hellip;]<\/p>\n","protected":false},"featured_media":11567,"template":"","meta":{"_acf_changed":false},"product_brand":[],"product_cat":[88,85,135],"product_tag":[],"berocket_brand":[],"class_list":{"0":"post-11566","1":"product","2":"type-product","3":"status-publish","4":"has-post-thumbnail","6":"product_cat-8-canales","7":"product_cat-grabadora-dvr-hdcvi-hd","8":"product_cat-grabadoras-dvr-tvi","10":"first","11":"instock","12":"taxable","13":"shipping-taxable","14":"purchasable","15":"product-type-simple","16":"berocket_lgv_grid","17":"berocket_lgv_list_grid"},"acf":[],"aioseo_notices":[],"_links":{"self":[{"href":"https:\/\/todoenseguridad.com\/site\/wp-json\/wp\/v2\/product\/11566","targetHints":{"allow":["GET"]}}],"collection":[{"href":"https:\/\/todoenseguridad.com\/site\/wp-json\/wp\/v2\/product"}],"about":[{"href":"https:\/\/todoenseguridad.com\/site\/wp-json\/wp\/v2\/types\/product"}],"wp:featuredmedia":[{"embeddable":true,"href":"https:\/\/todoenseguridad.com\/site\/wp-json\/wp\/v2\/media\/11567"}],"wp:attachment":[{"href":"https:\/\/todoenseguridad.com\/site\/wp-json\/wp\/v2\/media?parent=11566"}],"wp:term":[{"taxonomy":"product_brand","embeddable":true,"href":"https:\/\/todoenseguridad.com\/site\/wp-json\/wp\/v2\/product_brand?post=11566"},{"taxonomy":"product_cat","embeddable":true,"href":"https:\/\/todoenseguridad.com\/site\/wp-json\/wp\/v2\/product_cat?post=11566"},{"taxonomy":"product_tag","embeddable":true,"href":"https:\/\/todoenseguridad.com\/site\/wp-json\/wp\/v2\/product_tag?post=11566"},{"taxonomy":"berocket_brand","embeddable":true,"href":"https:\/\/todoenseguridad.com\/site\/wp-json\/wp\/v2\/berocket_brand?post=11566"}],"curies":[{"name":"wp","href":"https:\/\/api.w.org\/{rel}","templated":true}]}}