{"id":11560,"date":"2022-06-08T10:51:43","date_gmt":"2022-06-08T15:51:43","guid":{"rendered":"https:\/\/todoenseguridad.com\/site\/?post_type=product&#038;p=11560"},"modified":"2026-03-30T16:53:47","modified_gmt":"2026-03-30T21:53:47","slug":"e3k-turbo-cx-epcom-turret-turbohd-3k-5mp-microfono-integrado-lente-3-6-mm-imagen-a-color-24-7-40-mts-luz-blanca","status":"publish","type":"product","link":"https:\/\/todoenseguridad.com\/site\/producto\/e3k-turbo-cx-epcom-turret-turbohd-3k-5mp-microfono-integrado-lente-3-6-mm-imagen-a-color-24-7-40-mts-luz-blanca\/","title":{"rendered":"E3K-TURBO-CX EPCOM Turret TURBOHD 3K (5MP) \/ Micr\u00f3fono Integrado \/ Lente 3.6 mm \/ Imagen a color 24\/7 \/ 40 mts Luz Blanca"},"content":{"rendered":"<h2 id=\"product_title_199865\" class=\"no_margin_top titulo_vista_producto\"><span style=\"color: #0000ff;\"><span class=\"modelo-marca\">E3K-TURBO-CX<\/span> EPCOM Turret TURBOHD 3K (5MP) \/ Micr\u00f3fono Integrado \/ Lente 3.6 mm \/ Imagen a color 24\/7 \/ 40 mts Luz Blanca \/ Exterior IP67 \/ dWDR \/ 4 Tecnolog\u00edas<\/span><\/h2>\n<div class=\"col-sm-4\">\n<div>\n<p><span style=\"color: #000000;\"><strong>Caracter\u00edsticas principales:<\/strong><\/span><\/p>\n<ul>\n<li><span style=\"color: #000000;\">Resoluci\u00f3n M\u00e1xima: 3K (5 Megapixel) (2960 x 1665)\u00a0<\/span><\/li>\n<li><span style=\"color: #000000;\">Iluminaci\u00f3n minima: 0.001 Lux @ (F1.0, AGC ON)<\/span><\/li>\n<li><span style=\"color: #000000;\">Lente fijo: 3.6mm (Angulo de apertura 80\u00b0)<\/span><\/li>\n<li><span style=\"color: #000000;\">40 Metros de luz blanca (Ayuda a iluminar el sitio para mantener la imagen siempre a color)<\/span><\/li>\n<li><span style=\"color: #000000;\">Soporta 4 Tecnologias, selecci\u00f3nable en el mazo de cables (HD-TVI, HD-CVI, AHD,CVBS Analogico 1200TVL\u00b4s)<\/span><\/li>\n<li><span style=\"color: #000000;\">dWDR<\/span><\/li>\n<li><span style=\"color: #000000;\"><strong>Microfono Integrado<\/strong><\/span><\/li>\n<\/ul>\n<p><span style=\"color: #000000;\"><strong>Caracter\u00edsticas F\u00edsicas y El\u00e9ctricas:<\/strong><\/span><\/p>\n<ul>\n<li><span style=\"color: #000000;\">Temperatura de Operaci\u00f3n: &#8211; 40\u00b0C a 60\u00b0C.<\/span><\/li>\n<li><span style=\"color: #000000;\">Alimentaci\u00f3n: 12Vcd \/ 3.5 Watts.<\/span><\/li>\n<li><span style=\"color: #000000;\">Protecci\u00f3n: Interior \/ Exterior IP67.<\/span><\/li>\n<li><span style=\"color: #000000;\">Fabricado en material de metal (la esfera) y policarbonato (base)<\/span><\/li>\n<li><span style=\"color: #000000;\">Dimensi\u00f3nes: 109.98 x 98.27 mm.<\/span><\/li>\n<li><span style=\"color: #000000;\">Peso: 418 gramos.<\/span><\/li>\n<li><span style=\"color: #000000;\">Garant\u00eda de 5 a\u00f1os<\/span><\/li>\n<\/ul>\n<div class=\"col-sm-4\">\n<div>\n<p><span style=\"color: #000000;\"><strong>Caracter\u00edsticas Destacadas:<\/strong><\/span><span style=\"color: #000000;\">Las c\u00e1maras ColorVu cuentan con F stop ajustado a 1.0, lo que le permite una mayor captaci\u00f3n y aprovechamiento de la luz, su luz blanca permite iluminar los ambientes muy oscuros para brindar una imagen a color 24\/7, es por ello que ColorVu se encuentra entre las\u00a0<strong>m\u00e1s selecci\u00f3nadas por los clientes en ambientes como bares, tiendas, hogar, oficina, hospitales, perimetrales, Evidencias con m\u00e1s informaci\u00f3n, son evidencias m\u00e1s utiles, el color es una de ellas.<\/strong><\/span><\/p>\n<p><span style=\"color: #000000;\"><strong>Nota:\u00a0Grabadores compatibles:<\/strong><\/span><\/p>\n<ul>\n<li><span style=\"color: #000000;\"><strong>DS-7208HTHI-K2(S)<\/strong><\/span><\/li>\n<li><span style=\"color: #000000;\"><strong>DS-7216HUHI-K2(S)<\/strong><\/span><\/li>\n<li><span style=\"color: #000000;\"><strong>iDS-7204HUHI-M1\/S\/A(C)<\/strong><\/span><\/li>\n<li><span style=\"color: #000000;\"><strong>iDS-7204HUHI-M1\/S\/A(C)<\/strong><\/span><\/li>\n<li><span style=\"color: #000000;\"><strong>iDS-7208HUHI-M2\/S\/A<\/strong><\/span><\/li>\n<li><span style=\"color: #000000;\"><strong>iDS-7208HUHI-M1\/S\/A<\/strong><\/span><\/li>\n<li><span style=\"color: #000000;\"><strong>iDS-7208HUHI-M1\/S<\/strong><\/span><\/li>\n<li><span style=\"color: #000000;\"><strong>iDS-7208HUHI-M1\/S\/A<\/strong><\/span><\/li>\n<li><span style=\"color: #000000;\"><strong>iDS-7208HUHI-M2\/S\/A<\/strong><\/span><\/li>\n<li><span style=\"color: #000000;\"><strong>iDS-7216HUHI-M2\/S(C)<\/strong><\/span><\/li>\n<li><span style=\"color: #000000;\"><strong>iDS-7216HUHI-M2\/S\/A(C)<\/strong><\/span><\/li>\n<li><span style=\"color: #000000;\"><strong>iDS-7216HUHI-M2\/S(C)<\/strong><\/span><\/li>\n<li><span style=\"color: #000000;\"><strong>IDS-7216HUHI-M2\/S\/A(C)<br \/>\n<\/strong><\/span><\/li>\n<li><span style=\"color: #000000;\"><strong>Grabadores con mismo prefijo iDS72XXHUHIMX\/X\/X(X)<br \/>\n*Ejemplo iDS7216HUHIM1\/S\/A(E)<\/strong><\/span><\/li>\n<\/ul>\n<p><span style=\"color: #000000;\"><strong>Modelos epcom, unicamente compatibles aquellos que se adquirieron como nuevos despues del 25\/10\/2021<\/strong><\/span><\/p>\n<ul>\n<li><span style=\"color: #000000;\"><strong>EV-8008TURBO-D<\/strong><\/span><\/li>\n<li><span style=\"color: #000000;\"><strong>EV-8016-TURBO<\/strong><\/span><\/li>\n<li><span style=\"color: #000000;\"><strong>EV-8016TURBO-D<br \/>\n<\/strong><\/span><\/li>\n<li><span style=\"color: #000000;\"><strong>Grabadores con el mismo prefijo EV-80XX-TURBO-D(X)<\/strong><\/span><\/li>\n<\/ul>\n<\/div>\n<\/div>\n<\/div>\n<\/div>\n","protected":false},"excerpt":{"rendered":"<p>E3K-TURBO-CX EPCOM Turret TURBOHD 3K (5MP) \/ Micr\u00f3fono Integrado \/ Lente 3.6 mm \/ Imagen a color 24\/7 \/ 40 mts Luz Blanca \/ Exterior IP67 \/ dWDR \/ 4 Tecnolog\u00edas Caracter\u00edsticas principales: Resoluci\u00f3n M\u00e1xima: 3K (5 Megapixel) (2960 x 1665)\u00a0 Iluminaci\u00f3n minima: 0.001 Lux @ (F1.0, AGC ON) Lente fijo: 3.6mm (Angulo de apertura [&hellip;]<\/p>\n","protected":false},"featured_media":11561,"template":"","meta":{"_acf_changed":false},"product_brand":[],"product_cat":[81,83],"product_tag":[],"berocket_brand":[],"class_list":{"0":"post-11560","1":"product","2":"type-product","3":"status-publish","4":"has-post-thumbnail","6":"product_cat-cctv-hdtvi-turbo","7":"product_cat-domo-cctv-hdtvi-turbo","9":"first","10":"instock","11":"taxable","12":"shipping-taxable","13":"purchasable","14":"product-type-simple","15":"berocket_lgv_grid","16":"berocket_lgv_list_grid"},"acf":[],"aioseo_notices":[],"_links":{"self":[{"href":"https:\/\/todoenseguridad.com\/site\/wp-json\/wp\/v2\/product\/11560","targetHints":{"allow":["GET"]}}],"collection":[{"href":"https:\/\/todoenseguridad.com\/site\/wp-json\/wp\/v2\/product"}],"about":[{"href":"https:\/\/todoenseguridad.com\/site\/wp-json\/wp\/v2\/types\/product"}],"wp:featuredmedia":[{"embeddable":true,"href":"https:\/\/todoenseguridad.com\/site\/wp-json\/wp\/v2\/media\/11561"}],"wp:attachment":[{"href":"https:\/\/todoenseguridad.com\/site\/wp-json\/wp\/v2\/media?parent=11560"}],"wp:term":[{"taxonomy":"product_brand","embeddable":true,"href":"https:\/\/todoenseguridad.com\/site\/wp-json\/wp\/v2\/product_brand?post=11560"},{"taxonomy":"product_cat","embeddable":true,"href":"https:\/\/todoenseguridad.com\/site\/wp-json\/wp\/v2\/product_cat?post=11560"},{"taxonomy":"product_tag","embeddable":true,"href":"https:\/\/todoenseguridad.com\/site\/wp-json\/wp\/v2\/product_tag?post=11560"},{"taxonomy":"berocket_brand","embeddable":true,"href":"https:\/\/todoenseguridad.com\/site\/wp-json\/wp\/v2\/berocket_brand?post=11560"}],"curies":[{"name":"wp","href":"https:\/\/api.w.org\/{rel}","templated":true}]}}