{"id":11551,"date":"2022-06-08T10:16:20","date_gmt":"2022-06-08T15:16:20","guid":{"rendered":"https:\/\/todoenseguridad.com\/site\/?post_type=product&#038;p=11551"},"modified":"2026-03-30T16:59:25","modified_gmt":"2026-03-30T21:59:25","slug":"ds-2ce70df0t-mf-hikvision-turret-turbohd-2mp-1080p-imagen-a-color-24-7-lente-2-8-mm-metal-luz-blanca-20-mts","status":"publish","type":"product","link":"https:\/\/todoenseguridad.com\/site\/producto\/ds-2ce70df0t-mf-hikvision-turret-turbohd-2mp-1080p-imagen-a-color-24-7-lente-2-8-mm-metal-luz-blanca-20-mts\/","title":{"rendered":"DS-2CE70DF0T-MF HIKVISION Turret TURBOHD 2MP (1080p) \/ Imagen a color 24\/7 \/ Lente 2.8 mm \/ METAL \/ Luz Blanca 20 mts"},"content":{"rendered":"<h2 id=\\\"product_title_189408\\\" class=\\\"no_margin_top titulo_vista_producto\\\"><span style=\\\"color: #0000ff\\\"><span class=\\\"modelo-marca\\\">DS-2CE70DF0T-MF<\/span> HIKVISION Turret TURBOHD 2MP (1080p) \/ Imagen a color 24\/7 \/ Lente 2.8 mm \/ METAL \/ Luz Blanca 20 mts \/ Exterior IP67 \/ TVI-AHD-CVI-CVBS \/ dWDR<\/span><\/h2>\n<div class=\\\"col-sm-4\\\">\n<div>\n<p><span style=\\\"color: #000000\\\"><strong>Caracter\u00edsticas principales:<\/strong><\/span><\/p>\n<ul>\n<li><span style=\\\"color: #000000\\\">Resoluci\u00f3n M\u00e1xima 2 Megapixel (1920 x 1080)\u00a0<\/span><\/li>\n<li><span style=\\\"color: #000000\\\">Iluminaci\u00f3n minima: 0.001 Lux @ (F1.0, AGC ON)<\/span><\/li>\n<li><span style=\\\"color: #000000\\\">Lente fijo: 2.8 mm (Angulo de apertura 98\u00b0)<\/span><\/li>\n<li><span style=\\\"color: #000000\\\">20 Metros de luz blanca (Ayuda a iluminar el sitio para mantener la imagen siempre a color)<\/span><\/li>\n<li><span style=\\\"color: #000000\\\">Soporta 4 Tecnologias, selecci\u00f3nable en el mazo de cables (HD-TVI, HD-CVI, AHD,CVBS Analogico 1200TVL\u00b4s)<\/span><\/li>\n<li><span style=\\\"color: #000000\\\">dWDR \/ BLC \/ HLC<\/span><\/li>\n<\/ul>\n<p><span style=\\\"color: #000000\\\"><strong>Caracter\u00edsticas F\u00edsicas y El\u00e9ctricas:<\/strong><\/span><\/p>\n<ul>\n<li><span style=\\\"color: #000000\\\">Temperatura de Operaci\u00f3n: &#8211; 40\u00b0C a 60\u00b0C.<\/span><\/li>\n<li><span style=\\\"color: #000000\\\">Alimentaci\u00f3n: 12 Vcd \/ 2.4 Watts.<\/span><\/li>\n<li><span style=\\\"color: #000000\\\">Protecci\u00f3n: Interior \/ Exterior IP67.<\/span><\/li>\n<li><span style=\\\"color: #000000\\\">Fabricado en material de metal.<\/span><\/li>\n<li><span style=\\\"color: #000000\\\">Dimensi\u00f3nes: 85.4 x 77.62 mm.<\/span><\/li>\n<li><span style=\\\"color: #000000\\\">Peso: 320 gramos.<\/span><\/li>\n<li><span style=\\\"color: #000000\\\">Garant\u00eda de 2 a\u00f1os<\/span><\/li>\n<\/ul>\n<p><span style=\\\"color: #000000\\\"><strong>Caracter\u00edsticas Destacadas:<\/strong><\/span><\/p>\n<p><span style=\\\"color: #000000\\\">Las c\u00e1maras ColorVu cuentan con F stop ajustando a 1.0, lo que le permite una mayor captaci\u00f3n y aprovechamiento de la luz, su luz blanca permite iluminar los ambientes muy oscuros para brindar una imagen a color 24\/7, es por ello que ColorVu se encuentra entre las <strong>m\u00e1s selecci\u00f3nadas por los clientes en ambientes como bares, tiendas, hogar, oficina, hospitales, perimetrales<\/strong><\/span><\/p>\n<\/div>\n<\/div>\n","protected":false},"excerpt":{"rendered":"<p>DS-2CE70DF0T-MF HIKVISION Turret TURBOHD 2MP (1080p) \/ Imagen a color 24\/7 \/ Lente 2.8 mm \/ METAL \/ Luz Blanca 20 mts \/ Exterior IP67 \/ TVI-AHD-CVI-CVBS \/ dWDR Caracter\u00edsticas principales: Resoluci\u00f3n M\u00e1xima 2 Megapixel (1920 x 1080)\u00a0 Iluminaci\u00f3n minima: 0.001 Lux @ (F1.0, AGC ON) Lente fijo: 2.8 mm (Angulo de apertura 98\u00b0) 20 [&hellip;]<\/p>\n","protected":false},"featured_media":11552,"template":"","meta":{"_acf_changed":false},"product_brand":[],"product_cat":[81,83],"product_tag":[],"berocket_brand":[],"class_list":{"0":"post-11551","1":"product","2":"type-product","3":"status-publish","4":"has-post-thumbnail","6":"product_cat-cctv-hdtvi-turbo","7":"product_cat-domo-cctv-hdtvi-turbo","9":"first","10":"instock","11":"taxable","12":"shipping-taxable","13":"purchasable","14":"product-type-simple","15":"berocket_lgv_grid","16":"berocket_lgv_list_grid"},"acf":[],"aioseo_notices":[],"_links":{"self":[{"href":"https:\/\/todoenseguridad.com\/site\/wp-json\/wp\/v2\/product\/11551","targetHints":{"allow":["GET"]}}],"collection":[{"href":"https:\/\/todoenseguridad.com\/site\/wp-json\/wp\/v2\/product"}],"about":[{"href":"https:\/\/todoenseguridad.com\/site\/wp-json\/wp\/v2\/types\/product"}],"wp:featuredmedia":[{"embeddable":true,"href":"https:\/\/todoenseguridad.com\/site\/wp-json\/wp\/v2\/media\/11552"}],"wp:attachment":[{"href":"https:\/\/todoenseguridad.com\/site\/wp-json\/wp\/v2\/media?parent=11551"}],"wp:term":[{"taxonomy":"product_brand","embeddable":true,"href":"https:\/\/todoenseguridad.com\/site\/wp-json\/wp\/v2\/product_brand?post=11551"},{"taxonomy":"product_cat","embeddable":true,"href":"https:\/\/todoenseguridad.com\/site\/wp-json\/wp\/v2\/product_cat?post=11551"},{"taxonomy":"product_tag","embeddable":true,"href":"https:\/\/todoenseguridad.com\/site\/wp-json\/wp\/v2\/product_tag?post=11551"},{"taxonomy":"berocket_brand","embeddable":true,"href":"https:\/\/todoenseguridad.com\/site\/wp-json\/wp\/v2\/berocket_brand?post=11551"}],"curies":[{"name":"wp","href":"https:\/\/api.w.org\/{rel}","templated":true}]}}