{"id":11536,"date":"2022-06-07T16:56:49","date_gmt":"2022-06-07T21:56:49","guid":{"rendered":"https:\/\/todoenseguridad.com\/site\/?post_type=product&#038;p=11536"},"modified":"2026-03-23T17:26:28","modified_gmt":"2026-03-23T22:26:28","slug":"ds-2ce19h0t-ait3zfc-hikvision-bala-turbohd-5mp-lente-mot-2-7-a-13-5-mm-40-mts-ir-exir-dwdr-tvi-ahd-cvi-cvbs","status":"publish","type":"product","link":"https:\/\/todoenseguridad.com\/site\/producto\/ds-2ce19h0t-ait3zfc-hikvision-bala-turbohd-5mp-lente-mot-2-7-a-13-5-mm-40-mts-ir-exir-dwdr-tvi-ahd-cvi-cvbs\/","title":{"rendered":"DS-2CE19H0T-AIT3ZF(C) HIKVISION Bala TURBOHD 5MP \/ Lente Mot. 2.7 a 13.5 mm \/ 40 mts IR EXIR \/ dWDR \/ TVI-AHD-CVI-CVBS"},"content":{"rendered":"<h2 id=\\\"product_title_200081\\\" class=\\\"no_margin_top titulo_vista_producto\\\"><span style=\\\"color: #0000ff\\\"><span class=\\\"modelo-marca\\\">DS-2CE19H0T-AIT3ZF(C)<\/span> HIKVISION Bala TURBOHD 5MP \/ Lente Mot. 2.7 a 13.5 mm \/ 40 mts IR EXIR \/ dWDR \/ TVI-AHD-CVI-CVBS \/ Exterior IP67 \/ 12 VCD \/ 24 VCA<\/span><\/h2>\n<p>&nbsp;<\/p>\n<p><strong>Caracter\u00edsticas principales:<\/strong><\/p>\n<ul>\n<li>Resoluci\u00f3n m\u00e1xima: 2560 x 1944 ( 5 Megapixel)<\/li>\n<li>Permite seleccionar la resolucion entre 5 Megapixel \/ 4 Megapixel \/ 2 Megapixel.<\/li>\n<li>Iluminaci\u00f3n m\u00ednima: 0.01 Lux @ (F1.2, AGC ON, 0 Lux con IR.<\/li>\n<li>Lente motorizado: 2.7 a 13.5 mm \/ 5X Zoom \/\u00a0 Angulo de visi\u00f3n 29.1 a 95.7\u00ba.<\/li>\n<li>40 mts IR EXIR (visi\u00f3n nocturna).<\/li>\n<li>Soporta 4 tecnolog\u00edas seleccionables (TVI \/ AHD \/ CVI \/ CVBS ).<\/li>\n<li>TVI: 5 Megapixel \/ 4 Megapixel \/ 2 Megapixel.<\/li>\n<li>AHD: 5 Megapixel \/ 4 Megapixel \/ 2 Megapixel.<\/li>\n<li>CVI: 4 Megapixel \/ 2 Megapixel.<\/li>\n<li>CVBS: 1200TVL\u00b4s.<\/li>\n<li>Funciones: dWDR \/ BLC \/ 3D-DNR<\/li>\n<\/ul>\n<p><strong>Caracter\u00edsticas F\u00edsicas y El\u00e9ctricas:<\/strong><\/p>\n<ul>\n<li>Temperatura de operaci\u00f3n: -40\u00baC a 60\u00baC.<\/li>\n<li>Alimentaci\u00f3n: 12 Vcd \/ 24Vca \/ 8.8 Watts.<\/li>\n<li>Protecci\u00f3n: Interior \/ Exterior IP67.<\/li>\n<li>Fabricado en material de metal y plastico.<\/li>\n<li>Dimensiones: 84.5 x 92 x 255.1 mm.<\/li>\n<li>Peso: 682 grs.<\/li>\n<li><strong>Garant\u00eda: 2 a\u00f1os<\/strong><\/li>\n<\/ul>\n","protected":false},"excerpt":{"rendered":"<p>DS-2CE19H0T-AIT3ZF(C) HIKVISION Bala TURBOHD 5MP \/ Lente Mot. 2.7 a 13.5 mm \/ 40 mts IR EXIR \/ dWDR \/ TVI-AHD-CVI-CVBS \/ Exterior IP67 \/ 12 VCD \/ 24 VCA &nbsp; Caracter\u00edsticas principales: Resoluci\u00f3n m\u00e1xima: 2560 x 1944 ( 5 Megapixel) Permite seleccionar la resolucion entre 5 Megapixel \/ 4 Megapixel \/ 2 Megapixel. Iluminaci\u00f3n [&hellip;]<\/p>\n","protected":false},"featured_media":11537,"template":"","meta":{"_acf_changed":false},"product_brand":[],"product_cat":[82,81],"product_tag":[],"berocket_brand":[],"class_list":{"0":"post-11536","1":"product","2":"type-product","3":"status-publish","4":"has-post-thumbnail","6":"product_cat-bullet-cctv-hdtvi-turbo","7":"product_cat-cctv-hdtvi-turbo","9":"first","10":"instock","11":"taxable","12":"shipping-taxable","13":"purchasable","14":"product-type-simple","15":"berocket_lgv_grid","16":"berocket_lgv_list_grid"},"acf":[],"aioseo_notices":[],"_links":{"self":[{"href":"https:\/\/todoenseguridad.com\/site\/wp-json\/wp\/v2\/product\/11536","targetHints":{"allow":["GET"]}}],"collection":[{"href":"https:\/\/todoenseguridad.com\/site\/wp-json\/wp\/v2\/product"}],"about":[{"href":"https:\/\/todoenseguridad.com\/site\/wp-json\/wp\/v2\/types\/product"}],"wp:featuredmedia":[{"embeddable":true,"href":"https:\/\/todoenseguridad.com\/site\/wp-json\/wp\/v2\/media\/11537"}],"wp:attachment":[{"href":"https:\/\/todoenseguridad.com\/site\/wp-json\/wp\/v2\/media?parent=11536"}],"wp:term":[{"taxonomy":"product_brand","embeddable":true,"href":"https:\/\/todoenseguridad.com\/site\/wp-json\/wp\/v2\/product_brand?post=11536"},{"taxonomy":"product_cat","embeddable":true,"href":"https:\/\/todoenseguridad.com\/site\/wp-json\/wp\/v2\/product_cat?post=11536"},{"taxonomy":"product_tag","embeddable":true,"href":"https:\/\/todoenseguridad.com\/site\/wp-json\/wp\/v2\/product_tag?post=11536"},{"taxonomy":"berocket_brand","embeddable":true,"href":"https:\/\/todoenseguridad.com\/site\/wp-json\/wp\/v2\/berocket_brand?post=11536"}],"curies":[{"name":"wp","href":"https:\/\/api.w.org\/{rel}","templated":true}]}}