{"id":11522,"date":"2022-06-07T15:50:29","date_gmt":"2022-06-07T20:50:29","guid":{"rendered":"https:\/\/todoenseguridad.com\/site\/?post_type=product&#038;p=11522"},"modified":"2026-03-30T17:02:31","modified_gmt":"2026-03-30T22:02:31","slug":"ds-2ce17d0t-it5fc-hikvision-bala-turbohd-2mp-1080p-lente-3-6-mm-exterior-ip67-80-mts-ir-exir-dwdr-4-tecnologias","status":"publish","type":"product","link":"https:\/\/todoenseguridad.com\/site\/producto\/ds-2ce17d0t-it5fc-hikvision-bala-turbohd-2mp-1080p-lente-3-6-mm-exterior-ip67-80-mts-ir-exir-dwdr-4-tecnologias\/","title":{"rendered":"DS-2CE17D0T-IT5F(C) HIKVISION Bala TURBOHD 2MP (1080p) \/ Lente 3.6 mm \/ Exterior IP67 \/ 80 mts IR EXIR \/ dWDR \/ 4 Tecnolog\u00edas"},"content":{"rendered":"<h2 id=\"product_title_190032\" class=\"no_margin_top titulo_vista_producto\"><span style=\"color: #0000ff;\"><span class=\"modelo-marca\">DS-2CE17D0T-IT5F(C) <\/span>HIKVISION Bala TURBOHD 2MP (1080p) \/ Lente 3.6 mm \/ Exterior IP67 \/ 80 mts IR EXIR \/ dWDR \/ 4 Tecnolog\u00edas<\/span><\/h2>\n<p><span style=\"color: #000000;\"><strong>Caracter\u00edsticas principales:<\/strong><\/span><\/p>\n<ul>\n<li><span style=\"color: #000000;\">Resoluci\u00f3n m\u00e1xima: 2 Megap\u00edxel (1920 x 1080).<\/span><\/li>\n<li><span style=\"color: #000000;\">Sensor CMOS scan progresivo.<\/span><\/li>\n<li><span style=\"color: #000000;\">Lente fijo: 3.6 mm (\u00e1ngulo de visi\u00f3n 79.6\u00b0).<\/span><\/li>\n<li><span style=\"color: #000000;\">80 mts IR EXIR.<\/span><\/li>\n<li><span style=\"color: #000000;\">Soporta 4 tecnolog\u00edas (TVI \/ AHD \/ CVI \/ CVBS)<\/span><\/li>\n<li><span style=\"color: #000000;\">Funciones: dWDR \/ BLC \/ HLC<\/span><\/li>\n<\/ul>\n<p><span style=\"color: #000000;\"><strong>Caracter\u00edsticas F\u00edsicas y El\u00e9ctricas:<\/strong><\/span><\/p>\n<ul>\n<li><span style=\"color: #000000;\">Temperatura de operaci\u00f3n: -40\u00baC a 60\u00baC.<\/span><\/li>\n<li><span style=\"color: #000000;\">Alimentaci\u00f3n: 12 VCD \/ 4.7 Watts.<\/span><\/li>\n<li><span style=\"color: #000000;\">Protecci\u00f3n: IP67.<\/span><\/li>\n<li><span style=\"color: #000000;\">Fabricado en metal y policarbonato.<\/span><\/li>\n<li><span style=\"color: #000000;\">Dimensiones: 78.9 x 75.4 x 216.6 mm.<\/span><\/li>\n<li><span style=\"color: #000000;\">Peso: 320 gramos.<\/span><\/li>\n<li><span style=\"color: #000000;\">Garant\u00eda: 2 a\u00f1os<\/span><\/li>\n<\/ul>\n","protected":false},"excerpt":{"rendered":"<p>DS-2CE17D0T-IT5F(C) HIKVISION Bala TURBOHD 2MP (1080p) \/ Lente 3.6 mm \/ Exterior IP67 \/ 80 mts IR EXIR \/ dWDR \/ 4 Tecnolog\u00edas Caracter\u00edsticas principales: Resoluci\u00f3n m\u00e1xima: 2 Megap\u00edxel (1920 x 1080). Sensor CMOS scan progresivo. Lente fijo: 3.6 mm (\u00e1ngulo de visi\u00f3n 79.6\u00b0). 80 mts IR EXIR. Soporta 4 tecnolog\u00edas (TVI \/ AHD \/ [&hellip;]<\/p>\n","protected":false},"featured_media":11523,"template":"","meta":{"_acf_changed":false},"product_brand":[],"product_cat":[82,81],"product_tag":[],"berocket_brand":[],"class_list":{"0":"post-11522","1":"product","2":"type-product","3":"status-publish","4":"has-post-thumbnail","6":"product_cat-bullet-cctv-hdtvi-turbo","7":"product_cat-cctv-hdtvi-turbo","9":"first","10":"instock","11":"taxable","12":"shipping-taxable","13":"purchasable","14":"product-type-simple","15":"berocket_lgv_grid","16":"berocket_lgv_list_grid"},"acf":[],"aioseo_notices":[],"_links":{"self":[{"href":"https:\/\/todoenseguridad.com\/site\/wp-json\/wp\/v2\/product\/11522","targetHints":{"allow":["GET"]}}],"collection":[{"href":"https:\/\/todoenseguridad.com\/site\/wp-json\/wp\/v2\/product"}],"about":[{"href":"https:\/\/todoenseguridad.com\/site\/wp-json\/wp\/v2\/types\/product"}],"wp:featuredmedia":[{"embeddable":true,"href":"https:\/\/todoenseguridad.com\/site\/wp-json\/wp\/v2\/media\/11523"}],"wp:attachment":[{"href":"https:\/\/todoenseguridad.com\/site\/wp-json\/wp\/v2\/media?parent=11522"}],"wp:term":[{"taxonomy":"product_brand","embeddable":true,"href":"https:\/\/todoenseguridad.com\/site\/wp-json\/wp\/v2\/product_brand?post=11522"},{"taxonomy":"product_cat","embeddable":true,"href":"https:\/\/todoenseguridad.com\/site\/wp-json\/wp\/v2\/product_cat?post=11522"},{"taxonomy":"product_tag","embeddable":true,"href":"https:\/\/todoenseguridad.com\/site\/wp-json\/wp\/v2\/product_tag?post=11522"},{"taxonomy":"berocket_brand","embeddable":true,"href":"https:\/\/todoenseguridad.com\/site\/wp-json\/wp\/v2\/berocket_brand?post=11522"}],"curies":[{"name":"wp","href":"https:\/\/api.w.org\/{rel}","templated":true}]}}