{"id":11512,"date":"2022-06-07T15:06:48","date_gmt":"2022-06-07T20:06:48","guid":{"rendered":"https:\/\/todoenseguridad.com\/site\/?post_type=product&#038;p=11512"},"modified":"2026-03-30T17:03:04","modified_gmt":"2026-03-30T22:03:04","slug":"b8-turbo-g2p-a-epcom-audio-por-coaxitron-bala-turbohd-2mp-1080p-gran-angular-106-lente-2-8-mm-25-mts-ir-exir","status":"publish","type":"product","link":"https:\/\/todoenseguridad.com\/site\/producto\/b8-turbo-g2p-a-epcom-audio-por-coaxitron-bala-turbohd-2mp-1080p-gran-angular-106-lente-2-8-mm-25-mts-ir-exir\/","title":{"rendered":"B8-TURBO-G2P\/A EPCOM AUDIO POR COAXITRON \/ Bala TURBOHD 2MP (1080p) \/ Gran Angular 106\u00b0 \/ Lente 2.8 mm \/ 25 mts IR EXIR"},"content":{"rendered":"<h2><span style=\\\"color: #0000ff\\\"><span class=\\\"modelo-marca\\\">B8-TURBO-G2P\/A<\/span> EPCOM AUDIO POR COAXITRON \/ Bala TURBOHD 2MP (1080p) \/ Gran Angular 106\u00b0 \/ Lente 2.8 mm \/ 25 mts IR EXIR \/ Exterior IP66 \/ 4 Tecnolog\u00edas \/ dWDR<\/span><\/h2>\n<p><span style=\\\"color: #000000\\\"><strong>Caracter\u00edsticas principales:<\/strong><\/span><\/p>\n<ul>\n<li><span style=\\\"color: #000000\\\">Resoluci\u00f3n m\u00e1xima: 2 Megapixel (1920 x 1080).<\/span><\/li>\n<li><span style=\\\"color: #000000\\\">Lente fijo: 2.8 mm (\u00e1ngulo de visi\u00f3n 106.4\u00b0).<\/span><\/li>\n<li><span style=\\\"color: #000000\\\">25 mts smart IR (visi\u00f3n nocturna).<\/span><\/li>\n<li><span style=\\\"color: #000000\\\">Soporta las 4 tecnolog\u00edas del mercado (TVI \/ AHD \/ CVI \/ CVBS).<\/span><\/li>\n<li><span style=\\\"color: #000000\\\">dWDR \/ BLC \/ HLC \/ 2D DNR.<\/span><\/li>\n<li><span style=\\\"color: #000000\\\">Soporta coaxitron (video + menu OSD + audio). Si soporta micr\u00f3fono integrado.<\/span><\/li>\n<\/ul>\n<p><span style=\\\"color: #000000\\\"><strong>Caracter\u00edsticas F\u00edsicas y El\u00e9ctricas:<\/strong><\/span><\/p>\n<ul>\n<li><span style=\\\"color: #000000\\\">Alimentaci\u00f3n \/ Consumo: 12 VCD \/ 2.7 Watts.<\/span><\/li>\n<li><span style=\\\"color: #000000\\\">Protecci\u00f3n: IP66 (interior \/ exterior).<\/span><\/li>\n<li><span style=\\\"color: #000000\\\">Fabricada en policarbonato.<\/span><\/li>\n<li><span style=\\\"color: #000000\\\">Dimensiones: 58 x 61 x 158.6 mm.<\/span><\/li>\n<li><span style=\\\"color: #000000\\\">Peso: 160 gramos.<\/span><\/li>\n<li><span style=\\\"color: #000000\\\">Garant\u00eda: 5 a\u00f1os<\/span><\/li>\n<\/ul>\n<p><span style=\\\"color: #000000\\\"><strong>Caracter\u00edsticas Destacadas:<\/strong><\/span><\/p>\n<p><span style=\\\"color: #000000\\\">La c\u00e1mara cuenta con un micr\u00f3fono interconstruido, el cual no requiere cables adicionales para poder transmitir el audio (video y audio por la misma se\u00f1al de video)<\/span><\/p>\n","protected":false},"excerpt":{"rendered":"<p>B8-TURBO-G2P\/A EPCOM AUDIO POR COAXITRON \/ Bala TURBOHD 2MP (1080p) \/ Gran Angular 106\u00b0 \/ Lente 2.8 mm \/ 25 mts IR EXIR \/ Exterior IP66 \/ 4 Tecnolog\u00edas \/ dWDR Caracter\u00edsticas principales: Resoluci\u00f3n m\u00e1xima: 2 Megapixel (1920 x 1080). Lente fijo: 2.8 mm (\u00e1ngulo de visi\u00f3n 106.4\u00b0). 25 mts smart IR (visi\u00f3n nocturna). Soporta [&hellip;]<\/p>\n","protected":false},"featured_media":11513,"template":"","meta":{"_acf_changed":false},"product_brand":[],"product_cat":[82,81],"product_tag":[],"berocket_brand":[],"class_list":{"0":"post-11512","1":"product","2":"type-product","3":"status-publish","4":"has-post-thumbnail","6":"product_cat-bullet-cctv-hdtvi-turbo","7":"product_cat-cctv-hdtvi-turbo","9":"first","10":"instock","11":"taxable","12":"shipping-taxable","13":"purchasable","14":"product-type-simple","15":"berocket_lgv_grid","16":"berocket_lgv_list_grid"},"acf":[],"aioseo_notices":[],"_links":{"self":[{"href":"https:\/\/todoenseguridad.com\/site\/wp-json\/wp\/v2\/product\/11512","targetHints":{"allow":["GET"]}}],"collection":[{"href":"https:\/\/todoenseguridad.com\/site\/wp-json\/wp\/v2\/product"}],"about":[{"href":"https:\/\/todoenseguridad.com\/site\/wp-json\/wp\/v2\/types\/product"}],"wp:featuredmedia":[{"embeddable":true,"href":"https:\/\/todoenseguridad.com\/site\/wp-json\/wp\/v2\/media\/11513"}],"wp:attachment":[{"href":"https:\/\/todoenseguridad.com\/site\/wp-json\/wp\/v2\/media?parent=11512"}],"wp:term":[{"taxonomy":"product_brand","embeddable":true,"href":"https:\/\/todoenseguridad.com\/site\/wp-json\/wp\/v2\/product_brand?post=11512"},{"taxonomy":"product_cat","embeddable":true,"href":"https:\/\/todoenseguridad.com\/site\/wp-json\/wp\/v2\/product_cat?post=11512"},{"taxonomy":"product_tag","embeddable":true,"href":"https:\/\/todoenseguridad.com\/site\/wp-json\/wp\/v2\/product_tag?post=11512"},{"taxonomy":"berocket_brand","embeddable":true,"href":"https:\/\/todoenseguridad.com\/site\/wp-json\/wp\/v2\/berocket_brand?post=11512"}],"curies":[{"name":"wp","href":"https:\/\/api.w.org\/{rel}","templated":true}]}}