{"id":11475,"date":"2022-06-06T16:50:01","date_gmt":"2022-06-06T21:50:01","guid":{"rendered":"https:\/\/todoenseguridad.com\/site\/?post_type=product&#038;p=11475"},"modified":"2026-03-23T17:37:49","modified_gmt":"2026-03-23T22:37:49","slug":"dh-xvr5108hs-4kl-i3-dahua-dvr-8-canales-4k-wizsense-h-265-8-canales-8-ip-hasta-16-canales-ip","status":"publish","type":"product","link":"https:\/\/todoenseguridad.com\/site\/producto\/dh-xvr5108hs-4kl-i3-dahua-dvr-8-canales-4k-wizsense-h-265-8-canales-8-ip-hasta-16-canales-ip\/","title":{"rendered":"DH-XVR5108HS-4KL-I3 DAHUA DVR 8 Canales 4k\/ WizSense\/ H.265+\/ 8 Canales +8 IP\/ Hasta 16 Canales IP"},"content":{"rendered":"<h2><span style=\\\"color: #0000ff\\\">DH-XVR5108HS-4KL-I3 <\/span><span style=\\\"color: #0000ff\\\">DAHUA DVR 8 Canales 4k\/ WizSense\/ H.265+\/ 8 Canales +8 IP\/ Hasta 16 Canales IP\/ 2 Canales de Reconocimiento Facial\/ SMD Plus\/ Codificaci\u00f3n con IA\/ 1 Sata de Hasta 16 TB\/ Soporta CVI\/AHD\/TVI\/ CVBS e IP\/ IoT&amp;POS<\/span><\/h2>\n<h2 class=\\\"card-title text-center\\\"><span style=\\\"color: #000000\\\">Informaci\u00f3n General<\/span><\/h2>\n<p><span style=\\\"color: #000000\\\">El <strong>XVR5108HS-4KL-I3<\/strong>\u00a0ha sido desarrollada para reducir las tasas de falsas alarmas y el costo de la vigilancia humana, brindando as\u00ed un gran valor a los clientes que buscan productos con alarma precisa para humanos\/veh\u00edculos para elevar el nivel de seguridad de varias instalaciones interiores y exteriores.<\/span><\/p>\n<h2><span style=\\\"color: #000000\\\">Reconocimiento facial en tiempo real<\/span><\/h2>\n<p><span style=\\\"color: #000000\\\">Reconocimiento facial en tiempo real de transmisi\u00f3n de video. Funciones de an\u00e1lisis de atributos faciales que incluyen g\u00e9nero, edad, expresi\u00f3n, anteojos, bigote, m\u00e1scara facial. Identificar personas y tambi\u00e9n capturar, grabar rostros con metadatos. Filtrado de caracter\u00edsticas faciales mientras se muestra en tiempo real, solo muestra caras con caracter\u00edsticas objetivo.<\/span><\/p>\n<h2><span style=\\\"color: #000000\\\">Protecci\u00f3n perimetral<\/span><\/h2>\n<p><span style=\\\"color: #000000\\\">Filtrado autom\u00e1tico de falsas alarmas causadas por animales, hojas susurrantes, luces brillantes, etc. Permite que el sistema act\u00fae como reconocimiento secundario de los objetivos. Mejora de la precisi\u00f3n de las alarmas.<\/span><\/p>\n<h2><span style=\\\"color: #000000\\\">SMD Plus<\/span><\/h2>\n<p><span style=\\\"color: #000000\\\">Con un algoritmo inteligente, la tecnolog\u00eda de detecci\u00f3n de movimiento inteligente de Dahua puede categorizar los objetivos que activan la detecci\u00f3n de movimiento y filtrar la alarma de detecci\u00f3n de movimiento activada por objetivos no afectados para generar una alarma efectiva y precisa.<\/span><\/p>\n<h2><span style=\\\"color: #000000\\\">Smart Codec H.265+<\/span><\/h2>\n<p><span style=\\\"color: #000000\\\">Smart Codec, H.265+ puede reducir hasta un 90 % la tasa de bits y los requisitos de almacenamiento en comparaci\u00f3n con H.264 sin tener que invertir en nuevas c\u00e1maras<\/span><\/p>\n<h2><span style=\\\"color: #000000\\\">Tabla de compatibilidad HDD<\/span><\/h2>\n<p><span style=\\\"color: #000000\\\">El almacenamiento es parte fundamental de un sistema de videovigilancia por tal motivo te recomendamos revisar nuestra lista de compatibilidad antes de seleccionar un disco duro (HDD).<\/span><\/p>\n<h2><span style=\\\"color: #000000\\\">Principales Caracter\u00edsticas<\/span><\/h2>\n<p><span style=\\\"color: #000000\\\">\u00b7 Compresi\u00f3n de video de flujo dual H.265+\/H.265<\/span><\/p>\n<p><span style=\\\"color: #000000\\\">\u00b7 Admite codificaci\u00f3n de IA de canal completo<\/span><\/p>\n<p><span style=\\\"color: #000000\\\">\u00b7 Admite entradas de video HDCVI\/AHD\/TVI\/CVBS\/IP<\/span><\/p>\n<p><span style=\\\"color: #000000\\\">\u00b7 Transmisi\u00f3n de video de hasta 2 canales Protecci\u00f3n perimetral<\/span><\/p>\n<p><span style=\\\"color: #000000\\\">\u00b7 Transmisi\u00f3n de video de hasta 8 canales SMD Plus<\/span><\/p>\n<p><span style=\\\"color: #000000\\\">\u00b7 Transmisi\u00f3n de video de hasta 2 canales reconocimiento de rostro humano<\/span><\/p>\n<p><span style=\\\"color: #000000\\\">\u00b7 Funcionalidades IoT y POS<\/span><\/p>\n<h2><span style=\\\"color: #000000\\\">Especificaciones<\/span><\/h2>\n<ul>\n<li><span style=\\\"color: #000000\\\">Procesador principal Procesador integrado<\/span><\/li>\n<li><span style=\\\"color: #000000\\\">Sistema operativo Linux integrado<\/span><\/li>\n<li><span style=\\\"color: #000000\\\">6 atributos: G\u00e9nero, grupos de edad (6), gafas, expresiones (8), mascarilla, barba, con hasta cuatro paneles de detecci\u00f3n visualizados al mismo tiempo.<\/span><\/li>\n<li><span style=\\\"color: #000000\\\">2 canales y un solo canal puede detectar hasta 12 caras.<\/span><\/li>\n<li><span style=\\\"color: #000000\\\">SMD Plus de canal completo (IA por grabadora), filtrado secundario para SMD Plus humano y de veh\u00edculos de motor, que reduce las falsas alarmas causadas por hojas, lluvia y cambios en las condiciones de iluminaci\u00f3n.<\/span><\/li>\n<li><span style=\\\"color: #000000\\\">8 canales, BNC: acceso adaptativo por defecto; Se pueden configurar accesos HDCVI, AHD, TVI y CVBS.<\/span><\/li>\n<li><span style=\\\"color: #000000\\\">1 HDMI<\/span><\/li>\n<li><span style=\\\"color: #000000\\\">1 VGA<\/span><\/li>\n<li><span style=\\\"color: #000000\\\">ONVIF 16.12, compatible con CGI\u00a0<\/span><\/li>\n<li><span style=\\\"color: #000000\\\">Alarma general: Detecci\u00f3n de movimiento, p\u00e9rdida de video, manipulaci\u00f3n y alarma local\u00a0<\/span><\/li>\n<li><span style=\\\"color: #000000\\\">Alarma de anomal\u00eda: Sin disco, error de disco, poco espacio, sin conexi\u00f3n, conflicto de ip, conflicto de SMD Plus por grabadora MAC<\/span><\/li>\n<li><span style=\\\"color: #000000\\\">Alarma inteligente: Detecci\u00f3n de rostros, reconocimiento de rostros, protecci\u00f3n perimetral<\/span><\/li>\n<li><span style=\\\"color: #000000\\\">1 puerto SATA, hasta 16 TB para un solo disco duro<\/span><\/li>\n<li><span style=\\\"color: #000000\\\">Fuente de alimentaci\u00f3n CC12V, 2A<\/span><\/li>\n<li><span style=\\\"color: #000000\\\">El consumo de energ\u00eda Inferior a 10W<\/span><\/li>\n<\/ul>\n","protected":false},"excerpt":{"rendered":"<p>DH-XVR5108HS-4KL-I3 DAHUA DVR 8 Canales 4k\/ WizSense\/ H.265+\/ 8 Canales +8 IP\/ Hasta 16 Canales IP\/ 2 Canales de Reconocimiento Facial\/ SMD Plus\/ Codificaci\u00f3n con IA\/ 1 Sata de Hasta 16 TB\/ Soporta CVI\/AHD\/TVI\/ CVBS e IP\/ IoT&amp;POS Informaci\u00f3n General El XVR5108HS-4KL-I3\u00a0ha sido desarrollada para reducir las tasas de falsas alarmas y el costo de [&hellip;]<\/p>\n","protected":false},"featured_media":11476,"template":"","meta":{"_acf_changed":false},"product_brand":[],"product_cat":[88,85],"product_tag":[],"berocket_brand":[],"class_list":{"0":"post-11475","1":"product","2":"type-product","3":"status-publish","4":"has-post-thumbnail","6":"product_cat-8-canales","7":"product_cat-grabadora-dvr-hdcvi-hd","9":"first","10":"instock","11":"taxable","12":"shipping-taxable","13":"purchasable","14":"product-type-simple","15":"berocket_lgv_grid","16":"berocket_lgv_list_grid"},"acf":[],"aioseo_notices":[],"_links":{"self":[{"href":"https:\/\/todoenseguridad.com\/site\/wp-json\/wp\/v2\/product\/11475","targetHints":{"allow":["GET"]}}],"collection":[{"href":"https:\/\/todoenseguridad.com\/site\/wp-json\/wp\/v2\/product"}],"about":[{"href":"https:\/\/todoenseguridad.com\/site\/wp-json\/wp\/v2\/types\/product"}],"wp:featuredmedia":[{"embeddable":true,"href":"https:\/\/todoenseguridad.com\/site\/wp-json\/wp\/v2\/media\/11476"}],"wp:attachment":[{"href":"https:\/\/todoenseguridad.com\/site\/wp-json\/wp\/v2\/media?parent=11475"}],"wp:term":[{"taxonomy":"product_brand","embeddable":true,"href":"https:\/\/todoenseguridad.com\/site\/wp-json\/wp\/v2\/product_brand?post=11475"},{"taxonomy":"product_cat","embeddable":true,"href":"https:\/\/todoenseguridad.com\/site\/wp-json\/wp\/v2\/product_cat?post=11475"},{"taxonomy":"product_tag","embeddable":true,"href":"https:\/\/todoenseguridad.com\/site\/wp-json\/wp\/v2\/product_tag?post=11475"},{"taxonomy":"berocket_brand","embeddable":true,"href":"https:\/\/todoenseguridad.com\/site\/wp-json\/wp\/v2\/berocket_brand?post=11475"}],"curies":[{"name":"wp","href":"https:\/\/api.w.org\/{rel}","templated":true}]}}