{"id":11458,"date":"2022-06-06T15:32:48","date_gmt":"2022-06-06T20:32:48","guid":{"rendered":"https:\/\/todoenseguridad.com\/site\/?post_type=product&#038;p=11458"},"modified":"2026-03-30T17:04:57","modified_gmt":"2026-03-30T22:04:57","slug":"hdw1509tlq-a-led-dahua-camara-domo-full-color-de-5mp-lente-de-3-6mm-grados-de-apertura-imagen-a-color-24-7","status":"publish","type":"product","link":"https:\/\/todoenseguridad.com\/site\/producto\/hdw1509tlq-a-led-dahua-camara-domo-full-color-de-5mp-lente-de-3-6mm-grados-de-apertura-imagen-a-color-24-7\/","title":{"rendered":"HDW1509TLQ-A-LED DAHUA Camaras  Domo Full Color de 5MP\/ Lente de 3.6mm\/ Grados de apertura\/ Imagen a Color 24\/7"},"content":{"rendered":"<h2 id=\"title\" class=\"mb-3\"><span style=\"color: #0000ff;\">HDW1509TLQ-A-LED <\/span><span style=\"color: #0000ff;\">DAHUA Camara Domo Full Color de 5MP\/ Lente de 3.6mm\/ Grados de apertura\/ Imagen a Color 24\/7\/ WDR Real de 120dB\/ Leds para 20 Metros\/ IP67\/ Instalaci\u00f3n Rapida<\/span><\/h2>\n<h2 class=\"card-title text-center\"><span style=\"color: #000000;\">Informaci\u00f3n General<\/span><\/h2>\n<p><span style=\"color: #000000;\">La Serie Lite es adecuada para usuarios que requieren productos de monitoreo de\u00a0alta calidad a un precio razonable. Es rentable y ofrece un alto rendimiento, lo que\u00a0lo convierte en una opci\u00f3n ideal para aplicaciones residenciales, peque\u00f1as y\u00a0medianas empresas. Esta serie ofrece una opci\u00f3n de una amplia gama de\u00a0tecnolog\u00edas como Full-color y Starlight, proporcionando varias soluciones para\u00a0diferentes escenarios.<\/span><\/p>\n<h2><span style=\"color: #000000;\">Super Adapt<\/span><\/h2>\n<p><span style=\"color: #000000;\">Cuenta con un algoritmo inteligente, para cambiar el entorno externo, la\u00a0c\u00e1mara puede ajustar autom\u00e1ticamente los par\u00e1metros para presentar la\u00a0imagen \u00f3ptima y resuelve el problema de la configuraci\u00f3n<\/span><\/p>\n<h2><span style=\"color: #000000;\">Full Color<\/span><\/h2>\n<p><span style=\"color: #000000;\">La c\u00e1mara Full color adopta una lente de gran apertura y un sensor de alto rendimiento. Con una mayor cantidad de luz absorbida y un algoritmo de procesamiento de im\u00e1genes avanzado, la c\u00e1mara proporciona monitoreo de color 24\/7 que recopila informaci\u00f3n clara y v\u00edvida, lo que aumenta significativamente la probabilidad de recopilar evidencia v\u00e1lida de humanos, veh\u00edculos y eventos que se puede usar para un an\u00e1lisis inteligente adicional.<\/span><\/p>\n<h2><span style=\"color: #000000;\">Protecci\u00f3n (IP67, voltaje amplio)<\/span><\/h2>\n<p><span style=\"color: #000000;\">IP67: la c\u00e1mara pasa una serie de estrictas pruebas de polvo y remojo. Tiene funci\u00f3n a prueba de polvo, y el gabinete puede funcionar normalmente despu\u00e9s de remojarlo en agua de 1 m de profundidad durante 30 minutos.<\/span><\/p>\n<p><span style=\"color: #000000;\">Voltaje amplio: la c\u00e1mara permite una tolerancia de voltaje de entrada de \u00b1 30% (para algunas fuentes de alimentaci\u00f3n) (rango de voltaje amplio), y se aplica ampliamente a entornos exteriores con voltaje inestable.<\/span><\/p>\n<h2><span style=\"color: #000000;\">Principales caracter\u00edsticas<\/span><\/h2>\n<ul>\n<li><span style=\"color: #000000;\">WDR verdadero de 120dB<\/span><\/li>\n<li><span style=\"color: #000000;\">3D NR<\/span><\/li>\n<li><span style=\"color: #000000;\">IR Inteligente<\/span><\/li>\n<li><span style=\"color: #000000;\">Luces suplementarias c\u00e1lidas<\/span><\/li>\n<li><span style=\"color: #000000;\">Super Adapt<\/span><\/li>\n<li><span style=\"color: #000000;\">CVI \/ CVBS \/ AHD \/ TVI<\/span><\/li>\n<li><span style=\"color: #000000;\">IP67<\/span><\/li>\n<\/ul>\n<h2><span style=\"color: #000000;\">Especificaciones<\/span><\/h2>\n<ul>\n<li><span style=\"color: #000000;\">CMOS de 5 MP<\/span><\/li>\n<li><span style=\"color: #000000;\">Distancia de iluminaci\u00f3n 20 m<\/span><\/li>\n<li><span style=\"color: #000000;\">Lente fijo 3.6mm<\/span><\/li>\n<li><span style=\"color: #000000;\">BLC \/ HLC \/ WDR real 120dB \/ HLC-Pro<\/span><\/li>\n<li><span style=\"color: #000000;\">Reducci\u00f3n de ruido 3D NR<\/span><\/li>\n<li><span style=\"color: #000000;\">Opciones de salida de video de CVI \/ TVI \/ AHD \/ CVBS por un puerto BNC\u00a0<\/span><\/li>\n<li><span style=\"color: #000000;\">Micr\u00f3fono integrado de un canal (-A)<\/span><\/li>\n<li><span style=\"color: #000000;\">Fuente de alimentaci\u00f3n 12 V<\/span><\/li>\n<li><span style=\"color: #000000;\">Grado de protecci\u00f3n IP67<\/span><\/li>\n<li><span style=\"color: #000000;\">N\u00facleo interior de metal + cubierta de pl\u00e1stico + pedestal de pl\u00e1stico<\/span><\/li>\n<\/ul>\n","protected":false},"excerpt":{"rendered":"<p>HDW1509TLQ-A-LED DAHUA Camara Domo Full Color de 5MP\/ Lente de 3.6mm\/ Grados de apertura\/ Imagen a Color 24\/7\/ WDR Real de 120dB\/ Leds para 20 Metros\/ IP67\/ Instalaci\u00f3n Rapida Informaci\u00f3n General La Serie Lite es adecuada para usuarios que requieren productos de monitoreo de\u00a0alta calidad a un precio razonable. Es rentable y ofrece un alto [&hellip;]<\/p>\n","protected":false},"featured_media":11459,"template":"","meta":{"_acf_changed":false},"product_brand":[],"product_cat":[104,108],"product_tag":[],"berocket_brand":[],"class_list":{"0":"post-11458","1":"product","2":"type-product","3":"status-publish","4":"has-post-thumbnail","6":"product_cat-cctv-hdcvi","7":"product_cat-domo-cctv-hdcvi","9":"first","10":"instock","11":"taxable","12":"shipping-taxable","13":"purchasable","14":"product-type-simple","15":"berocket_lgv_grid","16":"berocket_lgv_list_grid"},"acf":[],"aioseo_notices":[],"_links":{"self":[{"href":"https:\/\/todoenseguridad.com\/site\/wp-json\/wp\/v2\/product\/11458","targetHints":{"allow":["GET"]}}],"collection":[{"href":"https:\/\/todoenseguridad.com\/site\/wp-json\/wp\/v2\/product"}],"about":[{"href":"https:\/\/todoenseguridad.com\/site\/wp-json\/wp\/v2\/types\/product"}],"wp:featuredmedia":[{"embeddable":true,"href":"https:\/\/todoenseguridad.com\/site\/wp-json\/wp\/v2\/media\/11459"}],"wp:attachment":[{"href":"https:\/\/todoenseguridad.com\/site\/wp-json\/wp\/v2\/media?parent=11458"}],"wp:term":[{"taxonomy":"product_brand","embeddable":true,"href":"https:\/\/todoenseguridad.com\/site\/wp-json\/wp\/v2\/product_brand?post=11458"},{"taxonomy":"product_cat","embeddable":true,"href":"https:\/\/todoenseguridad.com\/site\/wp-json\/wp\/v2\/product_cat?post=11458"},{"taxonomy":"product_tag","embeddable":true,"href":"https:\/\/todoenseguridad.com\/site\/wp-json\/wp\/v2\/product_tag?post=11458"},{"taxonomy":"berocket_brand","embeddable":true,"href":"https:\/\/todoenseguridad.com\/site\/wp-json\/wp\/v2\/berocket_brand?post=11458"}],"curies":[{"name":"wp","href":"https:\/\/api.w.org\/{rel}","templated":true}]}}