{"id":11451,"date":"2022-06-06T14:53:56","date_gmt":"2022-06-06T19:53:56","guid":{"rendered":"https:\/\/todoenseguridad.com\/site\/?post_type=product&#038;p=11451"},"modified":"2026-03-30T17:05:37","modified_gmt":"2026-03-30T22:05:37","slug":"hfw1509t-a-led-dahua-camara-bullet-full-color-de-5mp-lente-de-3-6-mm-microfono-integrado-leds-para-20-metros","status":"publish","type":"product","link":"https:\/\/todoenseguridad.com\/site\/producto\/hfw1509t-a-led-dahua-camara-bullet-full-color-de-5mp-lente-de-3-6-mm-microfono-integrado-leds-para-20-metros\/","title":{"rendered":"HFW1509T-A-LED DAHUA C\u00e1mara Bullet Full Color de 5MP\/ Lente de 3.6 mm\/ Micr\u00f3fono Integrado\/ Leds para 20 Metros"},"content":{"rendered":"<h2 id=\\\"title\\\" class=\\\"mb-3\\\"><span style=\\\"color: #0000ff\\\">HFW1509T-A-LED DAHUA C\u00e1mara Bullet Full Color de 5MP\/ Lente de 3.6 mm\/ Micr\u00f3fono Integrado\/ Leds para 20 Metros\/ Metalica\/ WDR de 120 dB\/ IP67<\/span><\/h2>\n<p>&nbsp;<\/p>\n<h2 class=\\\"card-title text-center\\\"><span style=\\\"color: #000000\\\">Informaci\u00f3n General<\/span><\/h2>\n<p><span style=\\\"color: #000000\\\">El modelo <strong>HFW1509T-A-LED<\/strong> es una c\u00e1mara bullet de <strong>5MP<\/strong> de resoluci\u00f3n,con la cual podemos apreciar una imagen con mayor nitidez, brillo y claridad . Este modelo incorpora un lente de <strong>3.6 mm<\/strong>, cuenta con la tecnolog\u00eda Full Color, esta nos permite obtener un rendimiento excepcional ideal para la visualizaci\u00f3n y reproducci\u00f3n de im\u00e1genes bajo condiciones de poca iluminaci\u00f3n. Cuenta con funciones especiales para cambios de iluminaci\u00f3n como lo es el DWDR .<\/span><\/p>\n<h2><span style=\\\"color: #000000\\\">Full Color<\/span><\/h2>\n<p><span style=\\\"color: #000000\\\">Esta tecnolog\u00eda nos permite obtener un\u00a0rendimiento excepcional ideal para la visualizaci\u00f3n y reproducci\u00f3n\u00a0de im\u00e1genes bajo condiciones de poca iluminaci\u00f3n, tanto en condiciones de contraluz extremo como en la obscuridad. Las c\u00e1maras Full Color nos permite tener un monitoreo 24\/7, para recopilaci\u00f3n de datos crom\u00e1ticos.<\/span><\/p>\n<h2><span style=\\\"color: #000000\\\">Luz Suplementaria C\u00e1lida<\/span><\/h2>\n<p><span style=\\\"color: #000000\\\">Con una c\u00e1lida luz LED suplementaria hasta 20 mts. , la c\u00e1mara puede proporcionar una imagen a color v\u00edvida incluso en la oscuridad total. Por defecto, la c\u00e1mara\u00a0<strong>HFW1509T-A-LED<\/strong>\u00a0esta configurada en modo de luz inteligente, en el que la c\u00e1mara puede ajustarse autom\u00e1ticamente el tiempo de exposici\u00f3n y la sensibilidad a la luz simult\u00e1neamentey as\u00ed evitar la sobre-exposici\u00f3n de los objetos en el centro de la imagen. Adem\u00e1s, la sensibilidad y La intensidad de las luces LED se puede controlar de forma remota mediante el men\u00fa OSD.<\/span><\/p>\n<h2><span style=\\\"color: #000000\\\">Transmisi\u00f3n de Audio de Calidad<\/span><\/h2>\n<p><span style=\\\"color: #000000\\\">La c\u00e1mara cuenta con un micr\u00f3fono incorporado que admite la transmisi\u00f3n de se\u00f1ales de audio a trav\u00e9s del cable coaxial. Adopta un algoritmo profesional de eliminaci\u00f3n de ruido para filtrar el ruido de fondo y mejorar la calidad de voz, lo que garantiza la calidad y la efectividad de la informaci\u00f3n de audio recopilada.<\/span><\/p>\n<h2><span style=\\\"color: #000000\\\">Soporte M\u00faltiples Formatos de Video<\/span><\/h2>\n<p><span style=\\\"color: #000000\\\">La c\u00e1mara admite m\u00faltiples formatos de video, incluidos HDCVI, CVBS y otros dos formatos anal\u00f3gicos HD comunes en el mercado. Los cuatro formatos se pueden cambiar a trav\u00e9s del men\u00fa OSD o mediante PFM820 (controlador UTC). Esta caracter\u00edstica hace que la c\u00e1mara sea compatible con la mayor\u00eda de los DVR HD \/ SD existentes de los usuarios finales.<\/span><\/p>\n<h2><span style=\\\"color: #000000\\\">Dise\u00f1o Resistente<\/span><\/h2>\n<p><span style=\\\"color: #000000\\\">La excelente fiabilidad de la c\u00e1mara es inigualable debido a su dise\u00f1o resistente. La c\u00e1mara est\u00e1 protegida contra el agua y el polvo con clasificaci\u00f3n <strong>IP67<\/strong>, lo que la hace adecuada para entornos interiores o exteriores. Con un rango de temperatura de trabajo de<strong> -40 \u00b0 C a +60 \u00b0 C<\/strong> , est\u00e1 dise\u00f1ada para entornos de temperatura extrema. Con una tolerancia de voltaje de entrada de <strong>\u00b1 30%<\/strong>, esta c\u00e1mara se adapta incluso a las condiciones de fuente de alimentaci\u00f3n m\u00e1s inestables. la estructura esta dise\u00f1ada con soporte a rayos con un \u00edndice de <strong>4KV.<\/strong><\/span><\/p>\n<h2><span style=\\\"color: #000000\\\">Principales Caracter\u00edsticas<\/span><\/h2>\n<ul>\n<li><span style=\\\"color: #000000\\\">Starlight<\/span><\/li>\n<li><span style=\\\"color: #000000\\\">Full color<\/span><\/li>\n<li><span style=\\\"color: #000000\\\">Led IR Inteligente<\/span><\/li>\n<li><span style=\\\"color: #000000\\\">CVI \/ CVBS \/ AHD \/ TVI conmutable<\/span><\/li>\n<li><span style=\\\"color: #000000\\\">Micr\u00f3fono incorporado (-A)<\/span><\/li>\n<li><span style=\\\"color: #000000\\\">IP67<\/span><\/li>\n<\/ul>\n<h2><span style=\\\"color: #000000\\\">Especificaciones<\/span><\/h2>\n<ul>\n<li><span style=\\\"color: #000000\\\">CMOS de 1 \/ 2,7 pulgadas<\/span><\/li>\n<li><span style=\\\"color: #000000\\\">Luz de relleno (luz blanca) Distancia Luz hasta 20 m<\/span><\/li>\n<li><span style=\\\"color: #000000\\\">Lente Fijo 3.6mm<\/span><\/li>\n<li><span style=\\\"color: #000000\\\">Campo de visi\u00f3n\u00a083\u00b0<\/span><\/li>\n<li><span style=\\\"color: #000000\\\">BLC \/ HLC \/ DWDR<\/span><\/li>\n<li><span style=\\\"color: #000000\\\">Reducci\u00f3n de ruido\u00a02D NR<\/span><\/li>\n<li><span style=\\\"color: #000000\\\">Micr\u00f3fono incorporado (-A)<\/span><\/li>\n<li><span style=\\\"color: #000000\\\">Fuente de alimentaci\u00f3n: 12V \u00b1 30% CC<\/span><\/li>\n<li><span style=\\\"color: #000000\\\">Metal en toda la carcasa<\/span><\/li>\n<\/ul>\n","protected":false},"excerpt":{"rendered":"<p>HFW1509T-A-LED DAHUA C\u00e1mara Bullet Full Color de 5MP\/ Lente de 3.6 mm\/ Micr\u00f3fono Integrado\/ Leds para 20 Metros\/ Metalica\/ WDR de 120 dB\/ IP67 &nbsp; Informaci\u00f3n General El modelo HFW1509T-A-LED es una c\u00e1mara bullet de 5MP de resoluci\u00f3n,con la cual podemos apreciar una imagen con mayor nitidez, brillo y claridad . Este modelo incorpora un [&hellip;]<\/p>\n","protected":false},"featured_media":11452,"template":"","meta":{"_acf_changed":false},"product_brand":[],"product_cat":[107,104],"product_tag":[],"berocket_brand":[],"class_list":{"0":"post-11451","1":"product","2":"type-product","3":"status-publish","4":"has-post-thumbnail","6":"product_cat-bullet-cctv-hdcvi","7":"product_cat-cctv-hdcvi","9":"first","10":"instock","11":"taxable","12":"shipping-taxable","13":"purchasable","14":"product-type-simple","15":"berocket_lgv_grid","16":"berocket_lgv_list_grid"},"acf":[],"aioseo_notices":[],"_links":{"self":[{"href":"https:\/\/todoenseguridad.com\/site\/wp-json\/wp\/v2\/product\/11451","targetHints":{"allow":["GET"]}}],"collection":[{"href":"https:\/\/todoenseguridad.com\/site\/wp-json\/wp\/v2\/product"}],"about":[{"href":"https:\/\/todoenseguridad.com\/site\/wp-json\/wp\/v2\/types\/product"}],"wp:featuredmedia":[{"embeddable":true,"href":"https:\/\/todoenseguridad.com\/site\/wp-json\/wp\/v2\/media\/11452"}],"wp:attachment":[{"href":"https:\/\/todoenseguridad.com\/site\/wp-json\/wp\/v2\/media?parent=11451"}],"wp:term":[{"taxonomy":"product_brand","embeddable":true,"href":"https:\/\/todoenseguridad.com\/site\/wp-json\/wp\/v2\/product_brand?post=11451"},{"taxonomy":"product_cat","embeddable":true,"href":"https:\/\/todoenseguridad.com\/site\/wp-json\/wp\/v2\/product_cat?post=11451"},{"taxonomy":"product_tag","embeddable":true,"href":"https:\/\/todoenseguridad.com\/site\/wp-json\/wp\/v2\/product_tag?post=11451"},{"taxonomy":"berocket_brand","embeddable":true,"href":"https:\/\/todoenseguridad.com\/site\/wp-json\/wp\/v2\/berocket_brand?post=11451"}],"curies":[{"name":"wp","href":"https:\/\/api.w.org\/{rel}","templated":true}]}}