{"id":11446,"date":"2022-06-06T14:26:28","date_gmt":"2022-06-06T19:26:28","guid":{"rendered":"https:\/\/todoenseguridad.com\/site\/?post_type=product&#038;p=11446"},"modified":"2026-03-30T17:06:12","modified_gmt":"2026-03-30T22:06:12","slug":"hac-hfw1500th-i8-dahua-camara-bullet-de-5mp-lente-de-3-6-mm-92-grados-de-apertura","status":"publish","type":"product","link":"https:\/\/todoenseguridad.com\/site\/producto\/hac-hfw1500th-i8-dahua-camara-bullet-de-5mp-lente-de-3-6-mm-92-grados-de-apertura\/","title":{"rendered":"HAC-HFW1500TH-I8 DAHUA Camara Bullet de 5MP\/ Lente de 3.6 mm\/ 92 Grados de Apertura"},"content":{"rendered":"<h2 id=\"title\" class=\"mb-3\"><span style=\"color: #0000ff;\">HAC-HFW1500TH-I8 DAHUA Camara Bullet de 5MP\/ Lente de 3.6 mm\/ 92 Grados de Apertura\/ IR de 80 Mts\/ IP67\/ Soporta: CVI\/CVBS\/AHD\/TVI\/<\/span><\/h2>\n<p>&nbsp;<\/p>\n<h2 class=\"card-title text-center\"><span style=\"color: #000000;\">Informaci\u00f3n General<\/span><\/h2>\n<h3><span style=\"color: #000000;\">Experimente video de 5MP full HD y la simplicidad de usar cableado existente infraestructura con HDCVI. Caracter\u00edsticas de la c\u00e1mara HDCVI de 5 MP de la serie Lite un dise\u00f1o compacto y ofrece una imagen de alta calidad a un precio asequible. Eso ofrece varios modelos de lentes motorizados \/ fijos con un OSD en varios idiomas y salida conmutable HD \/ SD. Su flexibilidad estructural y su alto costo-rendimiento hacen que la c\u00e1mara sea una opci\u00f3n ideal para soluciones SMB.<\/span><\/h3>\n<h2><span style=\"color: #000000;\">4 se\u00f1ales sobre 1 cable coaxial<\/span><\/h2>\n<h3><span style=\"color: #000000;\">La tecnolog\u00eda HDCVI admite 4 se\u00f1ales que se transmiten a trav\u00e9s de 1 coaxial cable simult\u00e1neamente, es decir, video, datos y energ\u00eda. Datos de doble v\u00eda, la transmisi\u00f3n permite que la c\u00e1mara HDCVI interact\u00fae con el XVR, como enviando se\u00f1al de control o activando alarma.<\/span><\/h3>\n<h2><span style=\"color: #000000;\">OSD en varios idiomas<\/span><\/h2>\n<h3><span style=\"color: #000000;\">El men\u00fa OSD proporciona m\u00faltiples ajustes de imagen y configuraciones de funciones para cumplir con los requisitos de diferentes escenas de monitoreo. El OSD men\u00fa incluye configuraciones como el modo de luz de fondo, d\u00eda \/ noche, blanco equilibrio, m\u00e1scara de privacidad y detecci\u00f3n de movimiento. La c\u00e1mara admite 11 idiomas para el men\u00fa OSD, a saber, chino, ingl\u00e9s, franc\u00e9s, alem\u00e1n, espa\u00f1ol, portugu\u00e9s, italiano, japon\u00e9s, coreano, ruso y polaco.<\/span><\/h3>\n<h2><span style=\"color: #000000;\">Protecci\u00f3n<\/span><\/h2>\n<h3><span style=\"color: #000000;\">La excelente confiabilidad de la c\u00e1mara es insuperable debido a su dise\u00f1o resistente. La c\u00e1mara est\u00e1 protegida contra el agua y el polvo con clasificaci\u00f3n IP67, haci\u00e9ndolo adecuado para ambientes interiores o exteriores. Con un rango de temperatura de trabajo de -40 \u00b0 C a +60 \u00b0 C (-40 \u00b0 F a +140 \u00b0 F), la c\u00e1mara est\u00e1 dise\u00f1ada para entornos de temperaturas extremas. Con una tolerancia de voltaje de entrada de \u00b1 30%, esta c\u00e1mara se adapta incluso condiciones de suministro de energ\u00eda m\u00e1s inestables. Su clasificaci\u00f3n de rayos 4KV proporciona protecci\u00f3n contra la c\u00e1mara y su estructura de los efectos de rel\u00e1mpago.<\/span><\/h3>\n<h2><span style=\"color: #000000;\">Principales Caracter\u00edsticas<\/span><\/h2>\n<ul>\n<li><span style=\"color: #000000;\">D-WDR &#8211; Amplio rango din\u00e1mico de la iluminaci\u00f3n<\/span><\/li>\n<li><span style=\"color: #000000;\">2D-DNR &#8211; Reducci\u00f3n digital de ruido en la imagen<\/span><\/li>\n<li><span style=\"color: #000000;\">BLC\/HLC &#8211; compensaci\u00f3n de luz de fondo \/ luz alta<\/span><\/li>\n<li><span style=\"color: #000000;\">Modo d\u00eda\/noche<\/span><\/li>\n<li><span style=\"color: #000000;\">ICR &#8211; Filtro mec\u00e1nico de infrarrojos<\/span><\/li>\n<li><span style=\"color: #000000;\">Sharpness &#8211; Enfoque de los contornos de la imagen<\/span><\/li>\n<li><span style=\"color: #000000;\">AGC &#8211; Ajuste autom\u00e1tico de la ganancia de la imagen<\/span><\/li>\n<li><span style=\"color: #000000;\">Zonas de privacidad<\/span><\/li>\n<li><span style=\"color: #000000;\">Mirror &#8211; Imagen de espejo<\/span><\/li>\n<li><span style=\"color: #000000;\">Balance de blancos autom\u00e1tico<\/span><\/li>\n<\/ul>\n<h2><span style=\"color: #000000;\">Especificaciones<\/span><\/h2>\n<ul>\n<li><span style=\"color: #000000;\">CMOS de 1 \/ 2,7 pulgadas\u00a0<\/span><\/li>\n<li><span style=\"color: #000000;\">5 megap\u00edxeles<\/span><\/li>\n<li><span style=\"color: #000000;\">Distancia de iluminaci\u00f3n 80 m<\/span><\/li>\n<li><span style=\"color: #000000;\">Lente fijo 3.6mm<\/span><\/li>\n<li><span style=\"color: #000000;\">D\u00eda \/ noche: Cambio autom\u00e1tico por ICR<\/span><\/li>\n<li><span style=\"color: #000000;\">BLC \/ HLC \/ DWDR<\/span><\/li>\n<li><span style=\"color: #000000;\">Reducci\u00f3n de ruido 2D NR}<\/span><\/li>\n<li><span style=\"color: #000000;\">Opciones de salida de video de CVI \/ TVI \/ AHD \/ CVBS por un puerto BNC<\/span><\/li>\n<li><span style=\"color: #000000;\">Fuente de alimentaci\u00f3n 12V \u00b1 30% CC<\/span><\/li>\n<li><span style=\"color: #000000;\">Grado de protecci\u00f3n IP67<\/span><\/li>\n<li><span style=\"color: #000000;\">Carcasa: Cubierta frontal mental + cuerpo principal de pl\u00e1stico + soporte mental\u00a0<\/span><\/li>\n<\/ul>\n","protected":false},"excerpt":{"rendered":"<p>HAC-HFW1500TH-I8 DAHUA Camara Bullet de 5MP\/ Lente de 3.6 mm\/ 92 Grados de Apertura\/ IR de 80 Mts\/ IP67\/ Soporta: CVI\/CVBS\/AHD\/TVI\/ &nbsp; Informaci\u00f3n General Experimente video de 5MP full HD y la simplicidad de usar cableado existente infraestructura con HDCVI. Caracter\u00edsticas de la c\u00e1mara HDCVI de 5 MP de la serie Lite un dise\u00f1o compacto [&hellip;]<\/p>\n","protected":false},"featured_media":11447,"template":"","meta":{"_acf_changed":false},"product_brand":[],"product_cat":[107,104],"product_tag":[],"berocket_brand":[],"class_list":{"0":"post-11446","1":"product","2":"type-product","3":"status-publish","4":"has-post-thumbnail","6":"product_cat-bullet-cctv-hdcvi","7":"product_cat-cctv-hdcvi","9":"first","10":"instock","11":"taxable","12":"shipping-taxable","13":"purchasable","14":"product-type-simple","15":"berocket_lgv_grid","16":"berocket_lgv_list_grid"},"acf":[],"aioseo_notices":[],"_links":{"self":[{"href":"https:\/\/todoenseguridad.com\/site\/wp-json\/wp\/v2\/product\/11446","targetHints":{"allow":["GET"]}}],"collection":[{"href":"https:\/\/todoenseguridad.com\/site\/wp-json\/wp\/v2\/product"}],"about":[{"href":"https:\/\/todoenseguridad.com\/site\/wp-json\/wp\/v2\/types\/product"}],"wp:featuredmedia":[{"embeddable":true,"href":"https:\/\/todoenseguridad.com\/site\/wp-json\/wp\/v2\/media\/11447"}],"wp:attachment":[{"href":"https:\/\/todoenseguridad.com\/site\/wp-json\/wp\/v2\/media?parent=11446"}],"wp:term":[{"taxonomy":"product_brand","embeddable":true,"href":"https:\/\/todoenseguridad.com\/site\/wp-json\/wp\/v2\/product_brand?post=11446"},{"taxonomy":"product_cat","embeddable":true,"href":"https:\/\/todoenseguridad.com\/site\/wp-json\/wp\/v2\/product_cat?post=11446"},{"taxonomy":"product_tag","embeddable":true,"href":"https:\/\/todoenseguridad.com\/site\/wp-json\/wp\/v2\/product_tag?post=11446"},{"taxonomy":"berocket_brand","embeddable":true,"href":"https:\/\/todoenseguridad.com\/site\/wp-json\/wp\/v2\/berocket_brand?post=11446"}],"curies":[{"name":"wp","href":"https:\/\/api.w.org\/{rel}","templated":true}]}}