{"id":11444,"date":"2022-06-06T14:11:44","date_gmt":"2022-06-06T19:11:44","guid":{"rendered":"https:\/\/todoenseguridad.com\/site\/?post_type=product&#038;p=11444"},"modified":"2026-03-30T17:07:33","modified_gmt":"2026-03-30T22:07:33","slug":"11444","status":"publish","type":"product","link":"https:\/\/todoenseguridad.com\/site\/producto\/11444\/","title":{"rendered":"HAC-HFW1231TLM-I6 DAHUA Camara Bullet de 2 MP\/ Super Adapt\/ Lente de 2.8 mm\/ 107 Grados de Apertura"},"content":{"rendered":"<h2 id=\\\"title\\\" class=\\\"mb-3\\\"><span style=\\\"color: #0000ff\\\">HAC-HFW1231TLM-I6 <\/span><span style=\\\"color: #0000ff\\\">DAHUA Camara Bullet de 2 MP\/ Super Adapt\/ Lente de 2.8 mm\/ 107 Grados de Apertura\/ IR de 60 Mts\/ WDR Real de 130 dB\/ IP67\/ Soporta:CVI\/CVBS\/AHD\/TVI<\/span><\/h2>\n<h2 class=\\\"card-title text-center\\\"><span style=\\\"color: #000000\\\">Informaci\u00f3n General<\/span><\/h2>\n<h3><span style=\\\"color: #000000\\\">La serie Lite es adecuada para usuarios que requieren un monitoreo de alta calidad, ofrecen un alto rendimiento, lo cual las convierte en una elecci\u00f3n ideal para soluciones residenciales y negocios peque\u00f1o, mediano. <\/span><span style=\\\"color: #000000\\\">Esta serie\u00a0ofrece la tecnolog\u00eda\u00a0Full-color y Starlight,proporcionando diferentes soluciones, para diferentes escenarios<\/span><\/h3>\n<h2><span style=\\\"color: #000000\\\">WDR Real 130dB<\/span><\/h2>\n<h3><span style=\\\"color: #000000\\\">La c\u00e1mara\u00a0logra obtener im\u00e1genes n\u00edtidas\u00a0en escenarios donde hay variaci\u00f3n\u00a0en las condiciones de iluminaci\u00f3n ya sea\u00a0baja y\/o brillante, la funci\u00f3n\u00a0<strong>WDR real 130dB<\/strong>\u00a0se encarga de medir, compensar y ajustar la luz en la imagen\u00a0captada para despu\u00e9s\u00a0combinar los espacios de luces brillantes con los espacios de sombras, creando\u00a0un equilibrio en la imagen final.<\/span><\/h3>\n<h2><span style=\\\"color: #000000\\\">Super Adapt<\/span><\/h2>\n<h3><span style=\\\"color: #000000\\\">La tecnolog\u00eda l\u00edder en el mercado del Modo Super Adaptativo reconoce si la escena a monitorizar es interior, exterior o bajo un rango din\u00e1mico, y autom\u00e1ticamente ajusta los ajustes de imagen para adaptarse a la escena real. Puede evitar la sobreexposici\u00f3n bajo luz intensa y mejorar el brillo de las zonas oscuras para capturar mayores detalles de los objetivos, permitiendo a los usuarios disfrutar de un rendimiento de imagen mejorado en varios escenarios de monitoreo. No hay necesidad de ajuste manual, reduciendo significativamente el tiempo de configuraci\u00f3n y coste a los instaladores.\u00a0\u00a0\u00a0<\/span><\/h3>\n<h2><span style=\\\"color: #000000\\\">Starlight<\/span><\/h2>\n<h3><span style=\\\"color: #000000\\\">Esta tecnolog\u00eda nos permite obtener un\u00a0rendimiento excepcional ideal para la visualizaci\u00f3n y reproducci\u00f3n\u00a0de im\u00e1genes bajo condiciones de poca iluminaci\u00f3n, tanto en condiciones de contraluz extremo como en la obscuridad. Incorpora un sensor 1\/2.8\\\u00bb CMOS de alto rendimiento el cual captura las im\u00e1genes\u00a0a todo color bajo los ambientes antes mencionados.<\/span><\/h3>\n<h2><span style=\\\"color: #000000\\\">Principales Caracter\u00edsticas<\/span><\/h2>\n<ul>\n<li><span style=\\\"color: #000000\\\">WDR &#8211; 130 dB &#8211; Amplio rango din\u00e1mico de la iluminaci\u00f3n<\/span><\/li>\n<li><span style=\\\"color: #000000\\\">3D-DNR &#8211; Reducci\u00f3n digital de ruido en la imagen<\/span><\/li>\n<li><span style=\\\"color: #000000\\\">BLC\/HLC &#8211; compensaci\u00f3n de luz de fondo \/ luz alta<\/span><\/li>\n<li><span style=\\\"color: #000000\\\">ICR &#8211; Filtro mec\u00e1nico de infrarrojos<\/span><\/li>\n<li><span style=\\\"color: #000000\\\">AGC &#8211; Ajuste autom\u00e1tico de la ganancia de la imagen<\/span><\/li>\n<li><span style=\\\"color: #000000\\\">Balance de blancos autom\u00e1tico<\/span><\/li>\n<li><span style=\\\"color: #000000\\\">Zonas de privacidad &#8211; hasta 8<\/span><\/li>\n<li><span style=\\\"color: #000000\\\">Mirror &#8211; Imagen de espejo<\/span><\/li>\n<li><span style=\\\"color: #000000\\\">Sharpness &#8211; Enfoque de los contornos de la imagen<\/span><\/li>\n<\/ul>\n<p>&nbsp;<\/p>\n<h2><span style=\\\"color: #000000\\\">Especificaciones<\/span><\/h2>\n<ul>\n<li><span style=\\\"color: #000000\\\">1\/2.8\u00a0\\\u00bb CMOS<\/span><\/li>\n<li><span style=\\\"color: #000000\\\">2\u00a0Mpx<\/span><\/li>\n<li><span style=\\\"color: #000000\\\">Resoluci\u00f3n:1920 x 1080\u00a0&#8211;\u00a01080p | 960 x 576\u00a0&#8211;\u00a0960H<\/span><\/li>\n<li><span style=\\\"color: #000000\\\">Lente fijo de 2.8 mm<\/span><\/li>\n<li><span style=\\\"color: #000000\\\">Rango del iluminador IR:60\u00a0m<\/span><\/li>\n<li><span style=\\\"color: #000000\\\">Ajuste de potencia del iluminador IR: Autom\u00e1tico<\/span><\/li>\n<li><span style=\\\"color: #000000\\\">Salida de v\u00eddeo: AHD\u00a0\/\u00a0HD-CVI\u00a0\/\u00a0HD-TVI\u00a0\/\u00a0CVBS, 1\u00a0Vpp\u00a0\/ 75\u00a0\u03a9<\/span><\/li>\n<li><span style=\\\"color: #000000\\\">Relaci\u00f3n se\u00f1al\/ruido (S\/N):&gt; 65\u00a0dB<\/span><\/li>\n<li><span style=\\\"color: #000000\\\">Alimentaci\u00f3n:12\u00a0V\u00a0DC\u00a0\/ 430\u00a0mA<\/span><\/li>\n<li><span style=\\\"color: #000000\\\">Consumo de energ\u00eda:\u2264 5.1\u00a0W<\/span><\/li>\n<li><span style=\\\"color: #000000\\\">Carcasa: Compact, Pl\u00e1stico + Metal<\/span><\/li>\n<li><span style=\\\"color: #000000\\\">Grado de protecci\u00f3n:IP67<\/span><\/li>\n<li><span style=\\\"color: #000000\\\">Temperatura de funcionamiento:-40\u00a0\u00b0C &#8230; 60\u00a0\u00b0C<\/span><\/li>\n<li><span style=\\\"color: #000000\\\">Peso:0.29\u00a0kg<\/span><\/li>\n<li><span style=\\\"color: #000000\\\">Dimensiones:198\u00a0x 80\u00a0x 76\u00a0mm<\/span><\/li>\n<\/ul>\n","protected":false},"excerpt":{"rendered":"<p>HAC-HFW1231TLM-I6 DAHUA Camara Bullet de 2 MP\/ Super Adapt\/ Lente de 2.8 mm\/ 107 Grados de Apertura\/ IR de 60 Mts\/ WDR Real de 130 dB\/ IP67\/ Soporta:CVI\/CVBS\/AHD\/TVI Informaci\u00f3n General La serie Lite es adecuada para usuarios que requieren un monitoreo de alta calidad, ofrecen un alto rendimiento, lo cual las convierte en una elecci\u00f3n [&hellip;]<\/p>\n","protected":false},"featured_media":11445,"template":"","meta":{"_acf_changed":false},"product_brand":[],"product_cat":[107,104],"product_tag":[],"berocket_brand":[],"class_list":{"0":"post-11444","1":"product","2":"type-product","3":"status-publish","4":"has-post-thumbnail","6":"product_cat-bullet-cctv-hdcvi","7":"product_cat-cctv-hdcvi","9":"first","10":"instock","11":"taxable","12":"shipping-taxable","13":"purchasable","14":"product-type-simple","15":"berocket_lgv_grid","16":"berocket_lgv_list_grid"},"acf":[],"aioseo_notices":[],"_links":{"self":[{"href":"https:\/\/todoenseguridad.com\/site\/wp-json\/wp\/v2\/product\/11444","targetHints":{"allow":["GET"]}}],"collection":[{"href":"https:\/\/todoenseguridad.com\/site\/wp-json\/wp\/v2\/product"}],"about":[{"href":"https:\/\/todoenseguridad.com\/site\/wp-json\/wp\/v2\/types\/product"}],"wp:featuredmedia":[{"embeddable":true,"href":"https:\/\/todoenseguridad.com\/site\/wp-json\/wp\/v2\/media\/11445"}],"wp:attachment":[{"href":"https:\/\/todoenseguridad.com\/site\/wp-json\/wp\/v2\/media?parent=11444"}],"wp:term":[{"taxonomy":"product_brand","embeddable":true,"href":"https:\/\/todoenseguridad.com\/site\/wp-json\/wp\/v2\/product_brand?post=11444"},{"taxonomy":"product_cat","embeddable":true,"href":"https:\/\/todoenseguridad.com\/site\/wp-json\/wp\/v2\/product_cat?post=11444"},{"taxonomy":"product_tag","embeddable":true,"href":"https:\/\/todoenseguridad.com\/site\/wp-json\/wp\/v2\/product_tag?post=11444"},{"taxonomy":"berocket_brand","embeddable":true,"href":"https:\/\/todoenseguridad.com\/site\/wp-json\/wp\/v2\/berocket_brand?post=11444"}],"curies":[{"name":"wp","href":"https:\/\/api.w.org\/{rel}","templated":true}]}}