{"id":11441,"date":"2022-06-06T13:59:04","date_gmt":"2022-06-06T18:59:04","guid":{"rendered":"https:\/\/todoenseguridad.com\/site\/?post_type=product&#038;p=11441"},"modified":"2026-03-30T17:08:03","modified_gmt":"2026-03-30T22:08:03","slug":"hac-hfw1500cn-a-dahua-camara-bullet-de-5mp-microfono-integrado-lente-de-2-8mm-111-grados-de-apertura","status":"publish","type":"product","link":"https:\/\/todoenseguridad.com\/site\/producto\/hac-hfw1500cn-a-dahua-camara-bullet-de-5mp-microfono-integrado-lente-de-2-8mm-111-grados-de-apertura\/","title":{"rendered":"HAC-HFW1500CN-A DAHUA Camara Bullet de 5MP\/ Microfono Integrado\/ Lente de 2.8mm\/ 111 Grados de Apertura"},"content":{"rendered":"<h2 id=\\\"title\\\" class=\\\"mb-3\\\"><span style=\\\"color: #0000ff\\\">HAC-HFW1500CN-A <\/span><span style=\\\"color: #0000ff\\\">DAHUA Camara Bullet de 5MP\/ Microfono Integrado\/ Lente de 2.8mm\/ 111 Grados de Apertura\/ IR de 30 Mts\/ Starlight\/ IP67\/ CVI\/CVBS\/AHD\/TVI\/<\/span><\/h2>\n<p>&nbsp;<\/p>\n<h2 class=\\\"card-title text-center\\\"><span style=\\\"color: #000000\\\">Informaci\u00f3n General<\/span><\/h2>\n<h3><span style=\\\"color: #000000\\\">La c\u00e1mara HFW1500CN-A-0280B-S2 cuenta con una resoluci\u00f3n de video de 5MP full HD, adem\u00e1s cuenta con la simplicidad de usar la infraestructura de cableado existente con HDCVI. La c\u00e1mara HDCVI de 5MP de la serie Lite presenta un dise\u00f1o compacto y ofrece una imagen de alta calidad a un precio asequible. Cuenta con un lente fijo de 2.8 mm con OSD en varios idiomas y salida conmutable HD \/ SD. Su flexibilidad estructural y su relaci\u00f3n costo rendimiento hacen que la c\u00e1mara sea una opci\u00f3n ideal para soluciones SMB.<\/span><\/h3>\n<h2><span style=\\\"color: #000000\\\">Micr\u00f3fono Incluido<\/span><\/h2>\n<h3><span style=\\\"color: #000000\\\">Cuenta con un\u00a0micr\u00f3fono integrado de esta manera se puede transmitir la se\u00f1al de v\u00eddeo y audio utilizando un solo cable (coaxial o UTP) hacia un DVR HDCVI Dahua. El audio de esta c\u00e1mara se puede escuchar desde la app m\u00f3vil (DMSS).<\/span><\/h3>\n<h2><span style=\\\"color: #000000\\\">Tecnolog\u00eda Starlight<\/span><\/h2>\n<h3><span style=\\\"color: #000000\\\">Para aplicaciones desafiantes con poca luz, la tecnolog\u00eda de luz ultrabaja Starlight de Dahua ofrece la mejor sensibilidad a la luz de su clase, capturando detalles de color en condiciones de poca luz hasta 0,005 lux. La c\u00e1mara utiliza un conjunto de caracter\u00edsticas \u00f3pticas para equilibrar la luz en toda la escena, lo que resulta en im\u00e1genes claras en entornos oscuros.<\/span><\/h3>\n<h2><span style=\\\"color: #000000\\\">Smart IR<\/span><\/h2>\n<h3><span style=\\\"color: #000000\\\">La c\u00e1mara est\u00e1 dise\u00f1ada con iluminaci\u00f3n LED IR para un mejor rendimiento con poca luz. Smart IR es una tecnolog\u00eda que garantiza la uniformidad del brillo en im\u00e1genes en blanco y negro con poca iluminaci\u00f3n. El exclusivo Smart IR de Dahua se ajusta a la intensidad de los LED infrarrojos de la c\u00e1mara para compensar la distancia de un objeto y evita que los LED de infrarrojos sobre expongan las im\u00e1genes a medida que el objeto se acerca a la c\u00e1mara.\u00a0<\/span><\/h3>\n<h2><span style=\\\"color: #000000\\\">Principales Caracter\u00edsticas<\/span><\/h2>\n<ul>\n<li><span style=\\\"color: #000000\\\">M\u00e1ximo 25 fps a 5MP<\/span><\/li>\n<li><span style=\\\"color: #000000\\\">CVI \/ CVBS \/ AHD \/ TVI conmutable<\/span><\/li>\n<li><span style=\\\"color: #000000\\\">M\u00e1x. IR longitud 30 m, IR inteligente<\/span><\/li>\n<li><span style=\\\"color: #000000\\\">Micr\u00f3fono incorporado (-A)<\/span><\/li>\n<li><span style=\\\"color: #000000\\\">IP67, DC12V<\/span><\/li>\n<\/ul>\n","protected":false},"excerpt":{"rendered":"<p>HAC-HFW1500CN-A DAHUA Camara Bullet de 5MP\/ Microfono Integrado\/ Lente de 2.8mm\/ 111 Grados de Apertura\/ IR de 30 Mts\/ Starlight\/ IP67\/ CVI\/CVBS\/AHD\/TVI\/ &nbsp; Informaci\u00f3n General La c\u00e1mara HFW1500CN-A-0280B-S2 cuenta con una resoluci\u00f3n de video de 5MP full HD, adem\u00e1s cuenta con la simplicidad de usar la infraestructura de cableado existente con HDCVI. La c\u00e1mara HDCVI [&hellip;]<\/p>\n","protected":false},"featured_media":11442,"template":"","meta":{"_acf_changed":false},"product_brand":[],"product_cat":[107,104],"product_tag":[],"berocket_brand":[],"class_list":{"0":"post-11441","1":"product","2":"type-product","3":"status-publish","4":"has-post-thumbnail","6":"product_cat-bullet-cctv-hdcvi","7":"product_cat-cctv-hdcvi","9":"first","10":"instock","11":"taxable","12":"shipping-taxable","13":"purchasable","14":"product-type-simple","15":"berocket_lgv_grid","16":"berocket_lgv_list_grid"},"acf":[],"aioseo_notices":[],"_links":{"self":[{"href":"https:\/\/todoenseguridad.com\/site\/wp-json\/wp\/v2\/product\/11441","targetHints":{"allow":["GET"]}}],"collection":[{"href":"https:\/\/todoenseguridad.com\/site\/wp-json\/wp\/v2\/product"}],"about":[{"href":"https:\/\/todoenseguridad.com\/site\/wp-json\/wp\/v2\/types\/product"}],"wp:featuredmedia":[{"embeddable":true,"href":"https:\/\/todoenseguridad.com\/site\/wp-json\/wp\/v2\/media\/11442"}],"wp:attachment":[{"href":"https:\/\/todoenseguridad.com\/site\/wp-json\/wp\/v2\/media?parent=11441"}],"wp:term":[{"taxonomy":"product_brand","embeddable":true,"href":"https:\/\/todoenseguridad.com\/site\/wp-json\/wp\/v2\/product_brand?post=11441"},{"taxonomy":"product_cat","embeddable":true,"href":"https:\/\/todoenseguridad.com\/site\/wp-json\/wp\/v2\/product_cat?post=11441"},{"taxonomy":"product_tag","embeddable":true,"href":"https:\/\/todoenseguridad.com\/site\/wp-json\/wp\/v2\/product_tag?post=11441"},{"taxonomy":"berocket_brand","embeddable":true,"href":"https:\/\/todoenseguridad.com\/site\/wp-json\/wp\/v2\/berocket_brand?post=11441"}],"curies":[{"name":"wp","href":"https:\/\/api.w.org\/{rel}","templated":true}]}}