{"id":11437,"date":"2022-06-06T13:31:50","date_gmt":"2022-06-06T18:31:50","guid":{"rendered":"https:\/\/todoenseguridad.com\/site\/?post_type=product&#038;p=11437"},"modified":"2026-03-30T17:09:25","modified_gmt":"2026-03-30T22:09:25","slug":"hac-hfw1200cmn-a-dahua-camara-bullet-1080p-lente-de-2-8-mm-microfono-integrado-101-grados-de-apertura-metalica-ir-de-30-mts","status":"publish","type":"product","link":"https:\/\/todoenseguridad.com\/site\/producto\/hac-hfw1200cmn-a-dahua-camara-bullet-1080p-lente-de-2-8-mm-microfono-integrado-101-grados-de-apertura-metalica-ir-de-30-mts\/","title":{"rendered":"HAC-HFW1200CMN-A DAHUA Camara Bullet 1080p\/ Lente de 2.8 mm\/ Microfono Integrado\/ 101 Grados de Apertura\/ Metalica\/ IR de 30 Mts"},"content":{"rendered":"<h2 id=\\\"title\\\" class=\\\"mb-3\\\"><span style=\\\"color: #0000ff\\\">HAC-HFW1200CMN-A <\/span><span style=\\\"color: #0000ff\\\">DAHUA Camara Bullet 1080p\/ Lente de 2.8 mm\/ Microfono Integrado\/ 101 Grados de Apertura\/ Metalica\/ IR de 30 Mts\/ IP67\/ Soporta CVI\/CVBS\/AHD\/TVI<\/span><\/h2>\n<p>&nbsp;<\/p>\n<h3 class=\\\"card-title text-center\\\"><span style=\\\"color: #000000\\\">Informaci\u00f3n general<\/span><\/h3>\n<p><span style=\\\"color: #000000\\\">Experimente video 1080p Full HD y la simplicidad de usar la infraestructura de cableado existente con HDCVI. La c\u00e1mara presenta un dise\u00f1o compacto y ofrece una imagen de alta calidad a un precio accesible.<\/span><\/p>\n<h3><span style=\\\"color: #000000\\\">Distancia de Transmisi\u00f3n<\/span><\/h3>\n<p><span style=\\\"color: #000000\\\">La tecnolog\u00eda HDCVI garantiza la transmisi\u00f3n en tiempo real a larga distancia sin perdidas. Admite transmisi\u00f3n de hasta 800 m (1080p)\/ 1200 m (720p) a trav\u00e9s de un cable coaxial y hasta 300 m (1080p) \/ 450 m (720p) a trav\u00e9s de un cable UTP.<\/span><\/p>\n<h3><span style=\\\"color: #000000\\\">IR Inteligente<\/span><\/h3>\n<p><span style=\\\"color: #000000\\\">El IR inteligente exclusivo de Dahua se ajusta a la intensidad de los LED infrarrojos de la c\u00e1mara para compensar la distancia de un objeto y evita que los LED IR sobreexpongan las im\u00e1genes a medida que el objeto se acerca a la c\u00e1mara<\/span><\/p>\n<h3><span style=\\\"color: #000000\\\">Multiformato<\/span><\/h3>\n<p><span style=\\\"color: #000000\\\">La c\u00e1mara admite m\u00faltiples formatos de video, incluidos HDCVI, CVBS y otros dos formatos anal\u00f3gicos HD comunes en el mercado. Los cuatro formatos se pueden cambiar a trav\u00e9s del men\u00fa OSD o por PFM820.<\/span><\/p>\n<h3><span style=\\\"color: #000000\\\">Protecci\u00f3n IP67<\/span><\/h3>\n<p><span style=\\\"color: #000000\\\">La excelente confiabilidad de la c\u00e1mara es insuperable debido a su dise\u00f1o resistente. La c\u00e1mara esta protegida contra el agua y el polvo con clasificaci\u00f3n IP67, lo que la hace adecuada para entornos interiores o exteriores<\/span><\/p>\n<h3><span style=\\\"color: #000000\\\">Principales Caracter\u00edsticas<\/span><\/h3>\n<ul>\n<li><span style=\\\"color: #000000\\\">\u00a0M\u00e1ximo\u00a030\u00a0fps\u00a0a\u00a01080P<\/span><\/li>\n<li><span style=\\\"color: #000000\\\">\u00a0CVI\u00a0\/\u00a0CVBS\u00a0\/\u00a0AHD\u00a0\/\u00a0TVI\u00a0conmutable<\/span><\/li>\n<li><span style=\\\"color: #000000\\\">Micr\u00f3fono\u00a0incorporado\u00a0(\u2011A)<\/span><\/li>\n<li><span style=\\\"color: #000000\\\">\u00a0IR\u00a0inteligente<\/span><\/li>\n<li><span style=\\\"color: #000000\\\">\u00a0IP67<\/span><\/li>\n<\/ul>\n","protected":false},"excerpt":{"rendered":"<p>HAC-HFW1200CMN-A DAHUA Camara Bullet 1080p\/ Lente de 2.8 mm\/ Microfono Integrado\/ 101 Grados de Apertura\/ Metalica\/ IR de 30 Mts\/ IP67\/ Soporta CVI\/CVBS\/AHD\/TVI &nbsp; Informaci\u00f3n general Experimente video 1080p Full HD y la simplicidad de usar la infraestructura de cableado existente con HDCVI. La c\u00e1mara presenta un dise\u00f1o compacto y ofrece una imagen de alta [&hellip;]<\/p>\n","protected":false},"featured_media":11438,"template":"","meta":{"_acf_changed":false},"product_brand":[],"product_cat":[107,104],"product_tag":[],"berocket_brand":[],"class_list":{"0":"post-11437","1":"product","2":"type-product","3":"status-publish","4":"has-post-thumbnail","6":"product_cat-bullet-cctv-hdcvi","7":"product_cat-cctv-hdcvi","9":"first","10":"instock","11":"taxable","12":"shipping-taxable","13":"purchasable","14":"product-type-simple","15":"berocket_lgv_grid","16":"berocket_lgv_list_grid"},"acf":[],"aioseo_notices":[],"_links":{"self":[{"href":"https:\/\/todoenseguridad.com\/site\/wp-json\/wp\/v2\/product\/11437","targetHints":{"allow":["GET"]}}],"collection":[{"href":"https:\/\/todoenseguridad.com\/site\/wp-json\/wp\/v2\/product"}],"about":[{"href":"https:\/\/todoenseguridad.com\/site\/wp-json\/wp\/v2\/types\/product"}],"wp:featuredmedia":[{"embeddable":true,"href":"https:\/\/todoenseguridad.com\/site\/wp-json\/wp\/v2\/media\/11438"}],"wp:attachment":[{"href":"https:\/\/todoenseguridad.com\/site\/wp-json\/wp\/v2\/media?parent=11437"}],"wp:term":[{"taxonomy":"product_brand","embeddable":true,"href":"https:\/\/todoenseguridad.com\/site\/wp-json\/wp\/v2\/product_brand?post=11437"},{"taxonomy":"product_cat","embeddable":true,"href":"https:\/\/todoenseguridad.com\/site\/wp-json\/wp\/v2\/product_cat?post=11437"},{"taxonomy":"product_tag","embeddable":true,"href":"https:\/\/todoenseguridad.com\/site\/wp-json\/wp\/v2\/product_tag?post=11437"},{"taxonomy":"berocket_brand","embeddable":true,"href":"https:\/\/todoenseguridad.com\/site\/wp-json\/wp\/v2\/berocket_brand?post=11437"}],"curies":[{"name":"wp","href":"https:\/\/api.w.org\/{rel}","templated":true}]}}