{"id":11357,"date":"2022-01-07T15:35:38","date_gmt":"2022-01-07T20:35:38","guid":{"rendered":"https:\/\/todoenseguridad.com\/site\/?post_type=product&#038;p=11357"},"modified":"2026-03-24T15:24:16","modified_gmt":"2026-03-24T20:24:16","slug":"dahua-kitxvr1b08-i8-b1a21-kit-de-8-canales-camaras-2-megapixeles-drv-cables-copia","status":"publish","type":"product","link":"https:\/\/todoenseguridad.com\/site\/producto\/dahua-kitxvr1b08-i8-b1a21-kit-de-8-canales-camaras-2-megapixeles-drv-cables-copia\/","title":{"rendered":"DAHUA KITXVR1B08- I+8-B1A21- Kit de 8 CAMARAS DE SEGURIDAD BARATAS PARA NEGOCIO 2MP, DRV cables"},"content":{"rendered":"<h2 class=\\\"mb-3\\\"><span style=\\\"color: #000080\\\"><span style=\\\"color: #0000ff\\\">kit de camaras de seguridad DAHUA KITXVR1B08- I+8-B1A21- Kit de 8 Canales de 2 MP\u00a0 Cooper-I l\u00ednea WizSense con compresi\u00f3n H.265+ 8 C\u00e1maras B1A21 y con accesorios como cables y fuentes de energ\u00eda incluidos 4 Canales con Inteligencia Artificial SMD Plus con\u00a0 Busqueda Inteligente y Codificaci\u00f3n IA, conector para 1 disco duro SATA.<\/span><br \/>\n<\/span><\/h2>\n<p>&nbsp;<\/p>\n<p><span style=\\\"color: #000000\\\">El <strong>KITXVR1B08- I+8-B1A21<\/strong> incluye todo lo necesario. Conecta la energ\u00eda a la grabadora\u00a0 DVR y\u00a0 c\u00e1maras, adicional se requiere de instalar el disco duro (No esta incluido).<\/span><\/p>\n<p><span style=\\\"color: #000000\\\"><strong><em>ESTE KIT INCLUYE:<\/em><\/strong><\/span><\/p>\n<p><span style=\\\"color: #000000\\\"><strong>1 grabadora<\/strong> <strong>DVR COOPER XVR1B08-I<\/strong>.<\/span><\/p>\n<p><span style=\\\"color: #000000\\\"><strong>8 c\u00e1maras <\/strong>bullet de policarbonato <strong>COOPER B1A21<\/strong>.<\/span><\/p>\n<p><span style=\\\"color: #000000\\\">8 rollos de cable siam\u00e9s de 18 mts con conectores.<\/span><\/p>\n<p><span style=\\\"color: #000000\\\">2 Fuente de poder (para las 8 c\u00e1maras).<\/span><\/p>\n<p><span style=\\\"color: #000000\\\">2 Pulpos para 4 c\u00e1maras c\/u.<\/span><\/p>\n<p>&nbsp;<\/p>\n<h2><span style=\\\"color: #000080\\\">Llame para informaci\u00f3n adicional al 815229255 o contactenos por <strong><span style=\\\"color: #008000\\\">whatsapp<\/span><\/strong>; <strong><span style=\\\"color: #ff6600\\\">Facil!!<\/span><\/strong><\/span><\/h2>\n","protected":false},"excerpt":{"rendered":"<h1 id=\"title\" class=\"mb-3\">Kit de 8 Canales de 2 Megapixeles\u00a0 Cooper-I l\u00ednea WizSense<\/h1>\n","protected":false},"featured_media":11985,"template":"","meta":{"_acf_changed":false},"product_brand":[],"product_cat":[71],"product_tag":[],"berocket_brand":[],"class_list":{"0":"post-11357","1":"product","2":"type-product","3":"status-publish","4":"has-post-thumbnail","6":"product_cat-paquetes-cctv-kit-camaras-de-seguridad","8":"first","9":"instock","10":"sale","11":"taxable","12":"shipping-taxable","13":"purchasable","14":"product-type-simple","15":"berocket_lgv_grid","16":"berocket_lgv_list_grid"},"acf":[],"aioseo_notices":[],"_links":{"self":[{"href":"https:\/\/todoenseguridad.com\/site\/wp-json\/wp\/v2\/product\/11357","targetHints":{"allow":["GET"]}}],"collection":[{"href":"https:\/\/todoenseguridad.com\/site\/wp-json\/wp\/v2\/product"}],"about":[{"href":"https:\/\/todoenseguridad.com\/site\/wp-json\/wp\/v2\/types\/product"}],"wp:featuredmedia":[{"embeddable":true,"href":"https:\/\/todoenseguridad.com\/site\/wp-json\/wp\/v2\/media\/11985"}],"wp:attachment":[{"href":"https:\/\/todoenseguridad.com\/site\/wp-json\/wp\/v2\/media?parent=11357"}],"wp:term":[{"taxonomy":"product_brand","embeddable":true,"href":"https:\/\/todoenseguridad.com\/site\/wp-json\/wp\/v2\/product_brand?post=11357"},{"taxonomy":"product_cat","embeddable":true,"href":"https:\/\/todoenseguridad.com\/site\/wp-json\/wp\/v2\/product_cat?post=11357"},{"taxonomy":"product_tag","embeddable":true,"href":"https:\/\/todoenseguridad.com\/site\/wp-json\/wp\/v2\/product_tag?post=11357"},{"taxonomy":"berocket_brand","embeddable":true,"href":"https:\/\/todoenseguridad.com\/site\/wp-json\/wp\/v2\/berocket_brand?post=11357"}],"curies":[{"name":"wp","href":"https:\/\/api.w.org\/{rel}","templated":true}]}}