{"id":11333,"date":"2021-11-18T19:18:08","date_gmt":"2021-11-19T00:18:08","guid":{"rendered":"https:\/\/todoenseguridad.com\/site\/?post_type=product&#038;p=11333"},"modified":"2026-03-30T17:10:03","modified_gmt":"2026-03-30T22:10:03","slug":"saxxon-owac2305jf-cable-de-alarma-de-2-conductores-22-awg-305-metros","status":"publish","type":"product","link":"https:\/\/todoenseguridad.com\/site\/producto\/saxxon-owac2305jf-cable-de-alarma-de-2-conductores-22-awg-305-metros\/","title":{"rendered":"SAXXON OWAC2305JF Cable de alarma de 2 conductores 22 AWG 305 metros"},"content":{"rendered":"<h2><span style=\"color: #0000ff;\">SAXXON OWAC2305JF Cable de alarma de 2 conductores 22 AWG 305 metros<\/span><\/h2>\n<p><span style=\"color: #000000;\">Cable con 7 conductores trenzados de 0,25 mm con aislamiento de HDPE y forro RNFC en blanco, utiliza un tipo de material RNFC que tiene protecci\u00f3n de ignifugaci\u00f3n, buena flexibilidad combinada con robustez y un fuerte cord\u00f3n pelador de nylon, Disponible como 2,4,6 core sin pantalla.<\/span><\/p>\n<p><span style=\"color: #000000;\">Este cable es el adecuado para la l\u00ednea de control de se\u00f1al del sistema de intercomunicaci\u00f3n del edificio, sistema de alarma de monitoreo de seguridad, control de cableado interno de electrodom\u00e9sticos, computadoras, instrumentos y equipos electr\u00f3nicos y dispositivos de automatizaci\u00f3n.<\/span><\/p>\n","protected":false},"excerpt":{"rendered":"<h2>SAXXON OWAC2305JF Cable de alarma de 2 conductores 22 AWG 305 metros<\/h2>\n","protected":false},"featured_media":11334,"template":"","meta":{"_acf_changed":false},"product_brand":[],"product_cat":[103],"product_tag":[],"berocket_brand":[],"class_list":{"0":"post-11333","1":"product","2":"type-product","3":"status-publish","4":"has-post-thumbnail","6":"product_cat-accesorios-alarmas","8":"first","9":"instock","10":"taxable","11":"shipping-taxable","12":"purchasable","13":"product-type-simple","14":"berocket_lgv_grid","15":"berocket_lgv_list_grid"},"acf":[],"aioseo_notices":[],"_links":{"self":[{"href":"https:\/\/todoenseguridad.com\/site\/wp-json\/wp\/v2\/product\/11333","targetHints":{"allow":["GET"]}}],"collection":[{"href":"https:\/\/todoenseguridad.com\/site\/wp-json\/wp\/v2\/product"}],"about":[{"href":"https:\/\/todoenseguridad.com\/site\/wp-json\/wp\/v2\/types\/product"}],"wp:featuredmedia":[{"embeddable":true,"href":"https:\/\/todoenseguridad.com\/site\/wp-json\/wp\/v2\/media\/11334"}],"wp:attachment":[{"href":"https:\/\/todoenseguridad.com\/site\/wp-json\/wp\/v2\/media?parent=11333"}],"wp:term":[{"taxonomy":"product_brand","embeddable":true,"href":"https:\/\/todoenseguridad.com\/site\/wp-json\/wp\/v2\/product_brand?post=11333"},{"taxonomy":"product_cat","embeddable":true,"href":"https:\/\/todoenseguridad.com\/site\/wp-json\/wp\/v2\/product_cat?post=11333"},{"taxonomy":"product_tag","embeddable":true,"href":"https:\/\/todoenseguridad.com\/site\/wp-json\/wp\/v2\/product_tag?post=11333"},{"taxonomy":"berocket_brand","embeddable":true,"href":"https:\/\/todoenseguridad.com\/site\/wp-json\/wp\/v2\/berocket_brand?post=11333"}],"curies":[{"name":"wp","href":"https:\/\/api.w.org\/{rel}","templated":true}]}}