{"id":11330,"date":"2021-11-18T18:58:35","date_gmt":"2021-11-18T23:58:35","guid":{"rendered":"https:\/\/todoenseguridad.com\/site\/?post_type=product&#038;p=11330"},"modified":"2026-03-30T17:11:17","modified_gmt":"2026-03-30T22:11:17","slug":"ihorn-hc105f-sirena-inalambrica-exterior-ip-55-105-db-compatible-con-panel-nd1","status":"publish","type":"product","link":"https:\/\/todoenseguridad.com\/site\/producto\/ihorn-hc105f-sirena-inalambrica-exterior-ip-55-105-db-compatible-con-panel-nd1\/","title":{"rendered":"IHORN HC105F Sirena inal\u00e1mbrica exterior \/ IP 55 \/ 105 dB \/ Compatible con panel ND1"},"content":{"rendered":"<h3><span style=\"color: #0000ff;\">IHORN HC105F Sirena inal\u00e1mbrica exterior \/ IP 55 \/ 105 dB \/ Compatible con panel ND1<\/span><\/h3>\n<p><span style=\"color: #000000;\">La sirena Horn modelo <strong>HC109F<\/strong>\u00a0se podr\u00eda utilizar en interiores que dar\u00e1 luz estrobosc\u00f3pica y alarma de sonido cuando hay alarma activada. Y tambi\u00e9n podr\u00eda ser utilizado mini sistema de alarma que podr\u00eda ser conectado a accesorios inal\u00e1mbricos directamente. \u00a0compatible con los paneles de alarma ND1 y N8003<\/span><\/p>\n<h2><span style=\"color: #000000;\">Especificaciones<\/span><\/h2>\n<ul>\n<li><span style=\"color: #000000;\">Protocolo inal\u00e1mbrico: ASK433Mhz.<\/span><\/li>\n<li><span style=\"color: #000000;\">Voltaje de trabajo: DC5V.<\/span><\/li>\n<li><span style=\"color: #000000;\">Bater\u00eda de reserva 3.7V.<\/span><\/li>\n<li><span style=\"color: #000000;\">Temperatura de trabajo: -10 \u00b0 C ~ 55 \u00b0 C.<\/span><\/li>\n<li><span style=\"color: #000000;\">Distancia inal\u00e1mbrica:&gt; 100m.<\/span><\/li>\n<li><span style=\"color: #000000;\">Baja tensi\u00f3n: 3,5 \u00b1 0,1V.<\/span><\/li>\n<li><span style=\"color: #000000;\">Trasmici\u00f3n: &lt;14dBm.<\/span><\/li>\n<li><span style=\"color: #000000;\">Recepci\u00f3n: -108dBm.<\/span><\/li>\n<li><span style=\"color: #000000;\">Tama\u00f1o: 80x45mm.<\/span><\/li>\n<\/ul>\n","protected":false},"excerpt":{"rendered":"<p>IHORN HC105F Sirena inal\u00e1mbrica exterior \/ IP 55 \/ 105 dB \/ Compatible con panel ND1 La sirena Horn modelo HC109F\u00a0se podr\u00eda utilizar en interiores que dar\u00e1 luz estrobosc\u00f3pica y alarma de sonido cuando hay alarma activada. Y tambi\u00e9n podr\u00eda ser utilizado mini sistema de alarma que podr\u00eda ser conectado a accesorios inal\u00e1mbricos directamente. \u00a0compatible [&hellip;]<\/p>\n","protected":false},"featured_media":11331,"template":"","meta":{"_acf_changed":false},"product_brand":[],"product_cat":[103],"product_tag":[],"berocket_brand":[],"class_list":{"0":"post-11330","1":"product","2":"type-product","3":"status-publish","4":"has-post-thumbnail","6":"product_cat-accesorios-alarmas","8":"first","9":"instock","10":"taxable","11":"shipping-taxable","12":"purchasable","13":"product-type-simple","14":"berocket_lgv_grid","15":"berocket_lgv_list_grid"},"acf":[],"aioseo_notices":[],"_links":{"self":[{"href":"https:\/\/todoenseguridad.com\/site\/wp-json\/wp\/v2\/product\/11330","targetHints":{"allow":["GET"]}}],"collection":[{"href":"https:\/\/todoenseguridad.com\/site\/wp-json\/wp\/v2\/product"}],"about":[{"href":"https:\/\/todoenseguridad.com\/site\/wp-json\/wp\/v2\/types\/product"}],"wp:featuredmedia":[{"embeddable":true,"href":"https:\/\/todoenseguridad.com\/site\/wp-json\/wp\/v2\/media\/11331"}],"wp:attachment":[{"href":"https:\/\/todoenseguridad.com\/site\/wp-json\/wp\/v2\/media?parent=11330"}],"wp:term":[{"taxonomy":"product_brand","embeddable":true,"href":"https:\/\/todoenseguridad.com\/site\/wp-json\/wp\/v2\/product_brand?post=11330"},{"taxonomy":"product_cat","embeddable":true,"href":"https:\/\/todoenseguridad.com\/site\/wp-json\/wp\/v2\/product_cat?post=11330"},{"taxonomy":"product_tag","embeddable":true,"href":"https:\/\/todoenseguridad.com\/site\/wp-json\/wp\/v2\/product_tag?post=11330"},{"taxonomy":"berocket_brand","embeddable":true,"href":"https:\/\/todoenseguridad.com\/site\/wp-json\/wp\/v2\/berocket_brand?post=11330"}],"curies":[{"name":"wp","href":"https:\/\/api.w.org\/{rel}","templated":true}]}}