{"id":11315,"date":"2021-11-18T12:43:37","date_gmt":"2021-11-18T17:43:37","guid":{"rendered":"https:\/\/todoenseguridad.com\/site\/?post_type=product&#038;p=11315"},"modified":"2026-03-24T15:27:25","modified_gmt":"2026-03-24T20:27:25","slug":"cerradura-digital-autonoma-ydd114-apertura-teclado-o-llave-izq-o-derecha","status":"publish","type":"product","link":"https:\/\/todoenseguridad.com\/site\/producto\/cerradura-digital-autonoma-ydd114-apertura-teclado-o-llave-izq-o-derecha\/","title":{"rendered":"Cerradura Digital Aut\u00f3noma YDD114  Apertura  Teclado o Llave  Izq o Derecha"},"content":{"rendered":"<h2 id=\\\"product_title_76914\\\" class=\\\"no_margin_top titulo_vista_producto\\\"><span style=\\\"color: #0000ff\\\">Cerradura Digital Aut\u00f3noma YDD114 \/ Apertura con Teclado o Llave \/ 10 usuarios\/ Izq o Derecha\u00a0 marca <span class=\\\"modelo-marca\\\">YALE-ASSA ABLOY modelo 89071<\/span><\/span><\/h2>\n<ul>\n<li><span style=\\\"color: #000000\\\">Programaci\u00f3n en la misma Cerradura.<\/span><\/li>\n<li><span style=\\\"color: #000000\\\">Cerrojo motorizado.<\/span><\/li>\n<li><span style=\\\"color: #000000\\\">Cierre autom\u00e1tico.<\/span><\/li>\n<li><span style=\\\"color: #000000\\\">Acceso mediante un password o llave mec\u00e1nica.<\/span><\/li>\n<li><span style=\\\"color: #000000\\\">Mariposa por el interior.<\/span><\/li>\n<li><span style=\\\"color: #000000\\\">Luz indicadora de LED.<\/span><\/li>\n<li><span style=\\\"color: #000000\\\">Bloqueo de seguridad: despu\u00e9s de 4 intentos de c\u00f3digos incorrectos, la cerradura emitir\u00e1 sonidos de alarma y flashes rojos y\u00a0permanecer\u00e1 bloqueada por 30 segundos.<\/span><\/li>\n<li><span style=\\\"color: #000000\\\">3 llaves mec\u00e1nicas incluidas.<\/span><\/li>\n<\/ul>\n<h3><span style=\\\"color: #000000\\\">Especificaciones:<\/span><\/h3>\n<ul>\n<li><span style=\\\"color: #000000\\\">Soporta hasta 10 usuarios distintos ( 10 password).<\/span><\/li>\n<li><span style=\\\"color: #000000\\\">1 c\u00f3digo maestro.<\/span><\/li>\n<li><span style=\\\"color: #000000\\\">Perforacion est\u00e1ndar 2 1\/8\u201d.<\/span><\/li>\n<li><span style=\\\"color: #000000\\\">Para puertas con espesor m\u00e1x: 35 a 45 mm.<\/span><\/li>\n<li><span style=\\\"color: #000000\\\">Backset ajustable 60mm o 70mm.<\/span><\/li>\n<li><span style=\\\"color: #000000\\\"><strong>Para puertas derechas e izquierdas<\/strong><\/span><\/li>\n<li><span style=\\\"color: #000000\\\">Funciona 4 pilas alcalinas AA ( inclu\u00eddas).<\/span><\/li>\n<\/ul>\n<p>&nbsp;<\/p>\n","protected":false},"excerpt":{"rendered":"<h2 id=\"product_title_76914\" class=\"no_margin_top titulo_vista_producto\">Cerradura Digital Aut\u00f3noma YDD114 \/ Apertura con Teclado o Llave \/ 10 usuarios\/ Izq o Derecha\u00a0 marca <span class=\"modelo-marca\">YALE-ASSA ABLOY modelo 89071<\/span><\/h2>\n","protected":false},"featured_media":11316,"template":"","meta":{"_acf_changed":false},"product_brand":[],"product_cat":[100],"product_tag":[],"berocket_brand":[],"class_list":{"0":"post-11315","1":"product","2":"type-product","3":"status-publish","4":"has-post-thumbnail","6":"product_cat-accesorios-control-de-acceso","8":"first","9":"instock","10":"taxable","11":"shipping-taxable","12":"purchasable","13":"product-type-simple","14":"berocket_lgv_grid","15":"berocket_lgv_list_grid"},"acf":[],"aioseo_notices":[],"_links":{"self":[{"href":"https:\/\/todoenseguridad.com\/site\/wp-json\/wp\/v2\/product\/11315","targetHints":{"allow":["GET"]}}],"collection":[{"href":"https:\/\/todoenseguridad.com\/site\/wp-json\/wp\/v2\/product"}],"about":[{"href":"https:\/\/todoenseguridad.com\/site\/wp-json\/wp\/v2\/types\/product"}],"wp:featuredmedia":[{"embeddable":true,"href":"https:\/\/todoenseguridad.com\/site\/wp-json\/wp\/v2\/media\/11316"}],"wp:attachment":[{"href":"https:\/\/todoenseguridad.com\/site\/wp-json\/wp\/v2\/media?parent=11315"}],"wp:term":[{"taxonomy":"product_brand","embeddable":true,"href":"https:\/\/todoenseguridad.com\/site\/wp-json\/wp\/v2\/product_brand?post=11315"},{"taxonomy":"product_cat","embeddable":true,"href":"https:\/\/todoenseguridad.com\/site\/wp-json\/wp\/v2\/product_cat?post=11315"},{"taxonomy":"product_tag","embeddable":true,"href":"https:\/\/todoenseguridad.com\/site\/wp-json\/wp\/v2\/product_tag?post=11315"},{"taxonomy":"berocket_brand","embeddable":true,"href":"https:\/\/todoenseguridad.com\/site\/wp-json\/wp\/v2\/berocket_brand?post=11315"}],"curies":[{"name":"wp","href":"https:\/\/api.w.org\/{rel}","templated":true}]}}